{"id":1111,"date":"2024-03-28T17:35:15","date_gmt":"2024-03-28T09:35:15","guid":{"rendered":"http:\/\/www.thedrillstore.com\/?post_type=product&#038;p=1111"},"modified":"2024-04-11T14:57:15","modified_gmt":"2024-04-11T06:57:15","slug":"tds-th700-full-hydraulic-surface-top-hammer-drilling-rig-drilling-range-76115mm","status":"publish","type":"product","link":"https:\/\/www.thedrillstore.com\/de\/product\/tds-th700-full-hydraulic-surface-top-hammer-drilling-rig-drilling-range-76115mm\/","title":{"rendered":"TDS-TH700 Hydraulische Top Hammer Bohrplattform"},"content":{"rendered":"<p>Anwendbarer Bohrbereich: 76-115mm<\/p>\n<p>TH700 voll hydraulische Oberfl\u00e4che Top Hammer Bohrmaschine nimmt leistungsstarken Dieselmotor mit starker Leistung, die leicht die Leistungsanforderungen der rauen Arbeitsbedingungen wie hohe H\u00f6he und extreme K\u00e4lte erf\u00fcllen kann; ausgestattet mit Atlas Copco Hochleistungs-Hochdruck-Steinbohrer, hat es eine hohe Perforationseffizienz. Dieses Produkt wird weit verbreitet bei Bodenarbeiten in offenen Gruben und Bauprojekten, Bohrbetrieben wie Steinbrucherr\u00fcckgewinnung und Steigungsbehandlung verwendet.<\/p>\n<p><strong>Stromanlage<\/strong><\/p>\n<p>Der nationale III-Standard-Hochleistungs-Turbo-Dieselmotor bietet ausreichende Gangreserve f\u00fcr das gesamte Fahrzeug, wodurch sich das Bohrgang an raue Arbeitsumgebungen wie hohe H\u00f6he und extreme K\u00e4lte anpassbarer macht.<\/p>\n<p><strong><b>Kabine<\/b><\/strong><\/p>\n<p>Ausgestattet mit Hochleistungs-Klimaanlage K\u00fchlsystem und Heizungssystem, kann es unter verschiedenen strengen Wetterbedingungen normal arbeiten. Der Hauptsteuermodus des Griffs macht den Betrieb pr\u00e4ziser und bequemer und bietet dem Bediener eine gute Arbeitsumgebung, weg von Staubverschmutzung.<\/p>\n<p><strong>Fahrgestellsystem<\/strong><\/p>\n<p>Das Fahrgestell des Raupenarts ist mit einem leistungsstarken Zweigeschwindigkeits-hydraulischen Antriebs-Traktionssystem und einem hydraulischen Schwingverstellsystem sowie einem kleinen Rumpfbreiten-Design ausgestattet, wodurch das Bohrger\u00e4t ausgezeichnete Offroad- und Man\u00f6vrierbarkeit hat.<\/p>\n<p><strong>Steuerungssystem<\/strong><\/p>\n<p>Das programmierbare Logiksteuersystem verf\u00fcgt \u00fcber hohe Zuverl\u00e4ssigkeit, einfache Installation, bequeme Wartung, leistungsstarken Funktionserweiterungsraum und einfache Fehlerdiagnose.<\/p>\n<p><strong>Sicherheitssystem<\/strong><\/p>\n<p>Integrierte Anzeige von Alarmdaten wie Motor\u00f6ltemperatur und -druck, K\u00fchlmitteltemperatur und -wasserspiegel, Druckluftentladungstemperatur und -druck sowie anderer Sicherheitseinrichtungen wie Wischer, Winkelmesser, Notstopp und Batterieladenanzeige.<\/p>\n<p><strong>Zweistufiges Staubsammelsystem<\/strong><\/p>\n<p>Das zweistufige Trockenstaubsammelsystem kann online selbst gereinigt werden, und der Staubsammeleffekt ist gut, der den nationalen Staubemissionsanforderungen entspricht.<\/p>\n<p><strong>Push Beam System<\/strong><\/p>\n<p>Der von \u00d6lzylinder und Drahtseil angetriebene Aluminiumlegierungstrahl hat eine h\u00f6here Festigkeit und eine \u00fcberlegene Biegefestigkeit und kann eine ideale Bohrgegeradheit erreichen. Im Vergleich zu Kettenbohrern ist G7 beim Bohren stabiler. Der Antriebsstrahl ist mit einem mechanisierten Stabwechselsystem ausgestattet, und der Bediener kann die Stablade- und Entladeaktion in der Kabine abschlie\u00dfen, die Arbeitsintensit\u00e4t reduzieren, Arbeitskosten sparen und die Produktionseffizienz verbessern.<\/p>\n<p><strong>Hydraulischer Steinbohrer<\/strong><\/p>\n<p>Ausgestattet mit hoher Leistung und Hochdruck Epiroc von Epiroc Group entwickelt, hat es eine hohe Perforationseffizienz, hohe und niedrige Schlag, Drehdruckregelung Antrieb, Doppelpuffersystem und automatische Anti-Jamming-Funktion, um den Verlust von Bohrwerkzeugen zu reduzieren und gleichzeitig verschiedene Gesteinsvorg\u00e4nge durchzuf\u00fchren. Anpassbarer an die Situation.<\/p>\n<p><strong>Auslegersystem<\/strong><\/p>\n<p>Die Auslegerstruktur mit rechteckigem Querschnitt wird angenommen und der Ausleger wird vom Hydraulikzylinder angetrieben, um die Flexibilit\u00e4t und Stabilit\u00e4t des Bohraumsystems zu gew\u00e4hrleisten. Gleichzeitig erm\u00f6glicht das ausgezeichnete Design des Lenksitzes und des Antriebstrahlhalters dem Bohrgang, vertikale und horizontale L\u00f6cher von 0,3 ~ 7,6 m in der Fassade zu bohren, und die Bohrabdeckungsfl\u00e4che in der Ebene kann 17 m2 erreichen.<\/p>\n<p><img fetchpriority=\"high\" decoding=\"async\" class=\"aligncenter size-full wp-image-1126\" src=\"http:\/\/www.thedrillstore.com\/wp-content\/uploads\/2024\/03\/\u9876\u9524\u94bb\u673a-\u62f7\u8d1d.jpg\" alt=\"\" width=\"1920\" height=\"1275\" srcset=\"https:\/\/www.thedrillstore.com\/wp-content\/uploads\/2024\/03\/\u9876\u9524\u94bb\u673a-\u62f7\u8d1d.jpg 1920w, https:\/\/www.thedrillstore.com\/wp-content\/uploads\/2024\/03\/\u9876\u9524\u94bb\u673a-\u62f7\u8d1d-300x199.jpg 300w, https:\/\/www.thedrillstore.com\/wp-content\/uploads\/2024\/03\/\u9876\u9524\u94bb\u673a-\u62f7\u8d1d-1024x680.jpg 1024w, https:\/\/www.thedrillstore.com\/wp-content\/uploads\/2024\/03\/\u9876\u9524\u94bb\u673a-\u62f7\u8d1d-768x510.jpg 768w, https:\/\/www.thedrillstore.com\/wp-content\/uploads\/2024\/03\/\u9876\u9524\u94bb\u673a-\u62f7\u8d1d-1536x1020.jpg 1536w, https:\/\/www.thedrillstore.com\/wp-content\/uploads\/2024\/03\/\u9876\u9524\u94bb\u673a-\u62f7\u8d1d-600x398.jpg 600w\" sizes=\"(max-width: 1920px) 100vw, 1920px\" \/> <img decoding=\"async\" class=\"aligncenter size-full wp-image-1127\" src=\"http:\/\/www.thedrillstore.com\/wp-content\/uploads\/2024\/03\/\u673a\u5668\u56fe.jpg\" alt=\"\" width=\"1920\" height=\"1358\" srcset=\"https:\/\/www.thedrillstore.com\/wp-content\/uploads\/2024\/03\/\u673a\u5668\u56fe.jpg 1920w, https:\/\/www.thedrillstore.com\/wp-content\/uploads\/2024\/03\/\u673a\u5668\u56fe-300x212.jpg 300w, https:\/\/www.thedrillstore.com\/wp-content\/uploads\/2024\/03\/\u673a\u5668\u56fe-1024x724.jpg 1024w, https:\/\/www.thedrillstore.com\/wp-content\/uploads\/2024\/03\/\u673a\u5668\u56fe-768x543.jpg 768w, https:\/\/www.thedrillstore.com\/wp-content\/uploads\/2024\/03\/\u673a\u5668\u56fe-1536x1086.jpg 1536w, https:\/\/www.thedrillstore.com\/wp-content\/uploads\/2024\/03\/\u673a\u5668\u56fe-600x424.jpg 600w\" sizes=\"(max-width: 1920px) 100vw, 1920px\" \/> <img decoding=\"async\" class=\"aligncenter size-full wp-image-1125\" src=\"http:\/\/www.thedrillstore.com\/wp-content\/uploads\/2024\/03\/\u8f66\u95f4\u56fe.jpg\" alt=\"\" width=\"1920\" height=\"1371\" srcset=\"https:\/\/www.thedrillstore.com\/wp-content\/uploads\/2024\/03\/\u8f66\u95f4\u56fe.jpg 1920w, https:\/\/www.thedrillstore.com\/wp-content\/uploads\/2024\/03\/\u8f66\u95f4\u56fe-300x214.jpg 300w, https:\/\/www.thedrillstore.com\/wp-content\/uploads\/2024\/03\/\u8f66\u95f4\u56fe-1024x731.jpg 1024w, https:\/\/www.thedrillstore.com\/wp-content\/uploads\/2024\/03\/\u8f66\u95f4\u56fe-768x548.jpg 768w, https:\/\/www.thedrillstore.com\/wp-content\/uploads\/2024\/03\/\u8f66\u95f4\u56fe-1536x1097.jpg 1536w, https:\/\/www.thedrillstore.com\/wp-content\/uploads\/2024\/03\/\u8f66\u95f4\u56fe-600x428.jpg 600w\" sizes=\"(max-width: 1920px) 100vw, 1920px\" \/> <img loading=\"lazy\" decoding=\"async\" class=\"aligncenter size-full wp-image-1123\" src=\"http:\/\/www.thedrillstore.com\/wp-content\/uploads\/2024\/03\/TH700-\u9876\u9524\u94bb\u673a-1-scaled.jpg\" alt=\"\" width=\"1833\" height=\"2560\" srcset=\"https:\/\/www.thedrillstore.com\/wp-content\/uploads\/2024\/03\/TH700-\u9876\u9524\u94bb\u673a-1-scaled.jpg 1833w, https:\/\/www.thedrillstore.com\/wp-content\/uploads\/2024\/03\/TH700-\u9876\u9524\u94bb\u673a-1-215x300.jpg 215w, https:\/\/www.thedrillstore.com\/wp-content\/uploads\/2024\/03\/TH700-\u9876\u9524\u94bb\u673a-1-733x1024.jpg 733w, https:\/\/www.thedrillstore.com\/wp-content\/uploads\/2024\/03\/TH700-\u9876\u9524\u94bb\u673a-1-768x1072.jpg 768w, https:\/\/www.thedrillstore.com\/wp-content\/uploads\/2024\/03\/TH700-\u9876\u9524\u94bb\u673a-1-1100x1536.jpg 1100w, https:\/\/www.thedrillstore.com\/wp-content\/uploads\/2024\/03\/TH700-\u9876\u9524\u94bb\u673a-1-1467x2048.jpg 1467w, https:\/\/www.thedrillstore.com\/wp-content\/uploads\/2024\/03\/TH700-\u9876\u9524\u94bb\u673a-1-600x838.jpg 600w\" sizes=\"(max-width: 1833px) 100vw, 1833px\" \/><\/p>\n<p>&nbsp;<\/p>","protected":false},"excerpt":{"rendered":"<h4><strong>Durchmesser des Loches: 76 ~ 115mm<\/strong><\/h4>\n<ul>\n<li>Hohe Perforationseffizienz Atlas Copco Steinbohrer.<\/li>\n<li>Hohe Festigkeit und super Biegefestigkeit.<\/li>\n<li>Gute Wirkung Staubsammlung.<\/li>\n<li>Cummins Dieselmotor und Danfoss Hydraulikpumpe.<\/li>\n<li>Hydraulisches Schwingverstellsystem (DOOSAN).<\/li>\n<\/ul>","protected":false},"featured_media":1113,"comment_status":"open","ping_status":"closed","template":"","meta":{"_acf_changed":false},"product_brand":[],"product_cat":[18],"product_tag":[],"class_list":{"0":"post-1111","1":"product","2":"type-product","3":"status-publish","4":"has-post-thumbnail","6":"product_cat-full-hydraulic-top-hammer-drilling-rig","8":"first","9":"instock","10":"shipping-taxable","11":"product-type-simple"},"acf":[],"_links":{"self":[{"href":"https:\/\/www.thedrillstore.com\/de\/wp-json\/wp\/v2\/product\/1111","targetHints":{"allow":["GET"]}}],"collection":[{"href":"https:\/\/www.thedrillstore.com\/de\/wp-json\/wp\/v2\/product"}],"about":[{"href":"https:\/\/www.thedrillstore.com\/de\/wp-json\/wp\/v2\/types\/product"}],"replies":[{"embeddable":true,"href":"https:\/\/www.thedrillstore.com\/de\/wp-json\/wp\/v2\/comments?post=1111"}],"wp:featuredmedia":[{"embeddable":true,"href":"https:\/\/www.thedrillstore.com\/de\/wp-json\/wp\/v2\/media\/1113"}],"wp:attachment":[{"href":"https:\/\/www.thedrillstore.com\/de\/wp-json\/wp\/v2\/media?parent=1111"}],"wp:term":[{"taxonomy":"product_brand","embeddable":true,"href":"https:\/\/www.thedrillstore.com\/de\/wp-json\/wp\/v2\/product_brand?post=1111"},{"taxonomy":"product_cat","embeddable":true,"href":"https:\/\/www.thedrillstore.com\/de\/wp-json\/wp\/v2\/product_cat?post=1111"},{"taxonomy":"product_tag","embeddable":true,"href":"https:\/\/www.thedrillstore.com\/de\/wp-json\/wp\/v2\/product_tag?post=1111"}],"curies":[{"name":"wp","href":"https:\/\/api.w.org\/{rel}","templated":true}]}}