{"id":1128,"date":"2024-03-28T17:37:24","date_gmt":"2024-03-28T09:37:24","guid":{"rendered":"http:\/\/www.thedrillstore.com\/?post_type=product&#038;p=1128"},"modified":"2024-04-11T14:57:00","modified_gmt":"2024-04-11T06:57:00","slug":"tds-th500-full-hydraulic-surface-top-hammer-drilling-rig-drilling-range-6090mm","status":"publish","type":"product","link":"https:\/\/www.thedrillstore.com\/de\/product\/tds-th500-full-hydraulic-surface-top-hammer-drilling-rig-drilling-range-6090mm\/","title":{"rendered":"TDS-TH500 Hydraulische Top Hammer Bohrplattform"},"content":{"rendered":"<p>Anwendbarer Bohrbereich: 60-90mm<\/p>\n<p>TH500 voll hydraulische Oberfl\u00e4che Top Hammer Bohrmaschine nimmt leistungsstarken Dieselmotor mit starker Leistung, die leicht die Leistungsanforderungen der harten Arbeitsbedingungen wie hohe H\u00f6he und extreme K\u00e4lte erf\u00fcllen kann; ausgestattet mit Atlas Copco Hochleistungs-Hochdruck-Steinbohrer, hat es eine hohe Perforationseffizienz. Dieses Produkt wird weit verbreitet bei Bodenarbeiten in offenen Gruben und Bauprojekten, Bohrbetrieben wie Steinbrucherr\u00fcckgewinnung und Steigungsbehandlung verwendet.<\/p>\n<p><strong>Stromanlage<\/strong><\/p>\n<p>Der nationale III-Standard-Hochleistungs-Turbo-Dieselmotor bietet ausreichende Gangreserve f\u00fcr das gesamte Fahrzeug, wodurch sich das Bohrgang an raue Arbeitsumgebungen wie hohe H\u00f6he und extreme K\u00e4lte anpassbarer macht.<\/p>\n<p><strong>Fahrgestellsystem<\/strong><\/p>\n<p>Das Fahrgestell des Raupenarts ist mit einem leistungsstarken Zweigeschwindigkeits-hydraulischen Antriebs-Traktionssystem und einem hydraulischen Schwingverstellsystem sowie einem kleinen Rumpfbreiten-Design ausgestattet, wodurch das Bohrger\u00e4t ausgezeichnete Offroad- und Man\u00f6vrierbarkeit hat.<\/p>\n<p><strong>Steuerungssystem<\/strong><\/p>\n<p>Das programmierbare Logiksteuersystem verf\u00fcgt \u00fcber hohe Zuverl\u00e4ssigkeit, einfache Installation, bequeme Wartung, leistungsstarken Funktionserweiterungsraum und einfache Fehlerdiagnose.<\/p>\n<p><strong>Sicherheitssystem<\/strong><\/p>\n<p>Integrierte Anzeige von Alarmdaten wie Motor\u00f6ltemperatur und -druck, K\u00fchlmitteltemperatur und -wasserspiegel, Druckluftentladungstemperatur und -druck sowie anderer Sicherheitseinrichtungen wie Wischer, Winkelmesser, Notstopp und Batterieladenanzeige.<\/p>\n<p><strong>Zweistufiges Staubsammelsystem<\/strong><\/p>\n<p>Das zweistufige Trockenstaubsammelsystem kann online selbst gereinigt werden, und der Staubsammeleffekt ist gut, der den nationalen Staubemissionsanforderungen entspricht.<\/p>\n<p><strong>Push Beam System<\/strong><\/p>\n<p>Der von \u00d6lzylinder und Drahtseil angetriebene Aluminiumlegierungstrahl hat eine h\u00f6here Festigkeit und eine \u00fcberlegene Biegefestigkeit und kann eine ideale Bohrgegeradheit erreichen. Im Vergleich zu Kettenbohrern ist G7 beim Bohren stabiler. Der Antriebsstrahl ist mit einem mechanisierten Stabwechselsystem ausgestattet, und der Bediener kann die Stablade- und Entladeaktion in der Kabine abschlie\u00dfen, die Arbeitsintensit\u00e4t reduzieren, Arbeitskosten sparen und die Produktionseffizienz verbessern.<\/p>\n<p><strong>Hydraulischer Steinbohrer<\/strong><\/p>\n<p>Ausgestattet mit hoher Leistung und Hochdruck Epiroc von Epiroc Group entwickelt, hat es eine hohe Perforationseffizienz, hohe und niedrige Schlag, Drehdruckregelung Antrieb, Doppelpuffersystem und automatische Anti-Jamming-Funktion, um den Verlust von Bohrwerkzeugen zu reduzieren und gleichzeitig verschiedene Gesteinsvorg\u00e4nge durchzuf\u00fchren. Anpassbarer an die Situation.<\/p>\n<p>&nbsp;<\/p>\n<p><img fetchpriority=\"high\" decoding=\"async\" class=\"aligncenter size-full wp-image-1130\" src=\"http:\/\/www.thedrillstore.com\/wp-content\/uploads\/2024\/03\/TH500-\u9876\u9524\u94bb\u673a-\u53c2\u6570-scaled.jpg\" alt=\"\" width=\"1838\" height=\"2560\" srcset=\"https:\/\/www.thedrillstore.com\/wp-content\/uploads\/2024\/03\/TH500-\u9876\u9524\u94bb\u673a-\u53c2\u6570-scaled.jpg 1838w, https:\/\/www.thedrillstore.com\/wp-content\/uploads\/2024\/03\/TH500-\u9876\u9524\u94bb\u673a-\u53c2\u6570-215x300.jpg 215w, https:\/\/www.thedrillstore.com\/wp-content\/uploads\/2024\/03\/TH500-\u9876\u9524\u94bb\u673a-\u53c2\u6570-735x1024.jpg 735w, https:\/\/www.thedrillstore.com\/wp-content\/uploads\/2024\/03\/TH500-\u9876\u9524\u94bb\u673a-\u53c2\u6570-768x1070.jpg 768w, https:\/\/www.thedrillstore.com\/wp-content\/uploads\/2024\/03\/TH500-\u9876\u9524\u94bb\u673a-\u53c2\u6570-1103x1536.jpg 1103w, https:\/\/www.thedrillstore.com\/wp-content\/uploads\/2024\/03\/TH500-\u9876\u9524\u94bb\u673a-\u53c2\u6570-1471x2048.jpg 1471w, https:\/\/www.thedrillstore.com\/wp-content\/uploads\/2024\/03\/TH500-\u9876\u9524\u94bb\u673a-\u53c2\u6570-600x836.jpg 600w\" sizes=\"(max-width: 1838px) 100vw, 1838px\" \/><\/p>","protected":false},"excerpt":{"rendered":"<h4><strong>Durchmesser des Loches: 60 ~ 90mm<\/strong><\/h4>\n<ul>\n<li>Hohe Perforationseffizienz Atlas Copco Steinbohrer.<\/li>\n<li>Hohe Festigkeit und super Biegefestigkeit.<\/li>\n<li>Gute Wirkung Staubsammlung.<\/li>\n<li>Cummins Dieselmotor und Danfoss Hydraulikpumpe.<\/li>\n<li>Hydraulisches Schwingverstellsystem (DOOSAN).<\/li>\n<\/ul>","protected":false},"featured_media":1132,"comment_status":"open","ping_status":"closed","template":"","meta":{"_acf_changed":false},"product_brand":[],"product_cat":[18],"product_tag":[],"class_list":{"0":"post-1128","1":"product","2":"type-product","3":"status-publish","4":"has-post-thumbnail","6":"product_cat-full-hydraulic-top-hammer-drilling-rig","8":"first","9":"instock","10":"shipping-taxable","11":"product-type-simple"},"acf":[],"_links":{"self":[{"href":"https:\/\/www.thedrillstore.com\/de\/wp-json\/wp\/v2\/product\/1128","targetHints":{"allow":["GET"]}}],"collection":[{"href":"https:\/\/www.thedrillstore.com\/de\/wp-json\/wp\/v2\/product"}],"about":[{"href":"https:\/\/www.thedrillstore.com\/de\/wp-json\/wp\/v2\/types\/product"}],"replies":[{"embeddable":true,"href":"https:\/\/www.thedrillstore.com\/de\/wp-json\/wp\/v2\/comments?post=1128"}],"wp:featuredmedia":[{"embeddable":true,"href":"https:\/\/www.thedrillstore.com\/de\/wp-json\/wp\/v2\/media\/1132"}],"wp:attachment":[{"href":"https:\/\/www.thedrillstore.com\/de\/wp-json\/wp\/v2\/media?parent=1128"}],"wp:term":[{"taxonomy":"product_brand","embeddable":true,"href":"https:\/\/www.thedrillstore.com\/de\/wp-json\/wp\/v2\/product_brand?post=1128"},{"taxonomy":"product_cat","embeddable":true,"href":"https:\/\/www.thedrillstore.com\/de\/wp-json\/wp\/v2\/product_cat?post=1128"},{"taxonomy":"product_tag","embeddable":true,"href":"https:\/\/www.thedrillstore.com\/de\/wp-json\/wp\/v2\/product_tag?post=1128"}],"curies":[{"name":"wp","href":"https:\/\/api.w.org\/{rel}","templated":true}]}}