{"id":1182,"date":"2024-03-28T17:55:06","date_gmt":"2024-03-28T09:55:06","guid":{"rendered":"http:\/\/www.thedrillstore.com\/?post_type=product&#038;p=1182"},"modified":"2024-04-09T10:50:53","modified_gmt":"2024-04-09T02:50:53","slug":"tds-c650-18bar-air-compressor-for-drilling-holes","status":"publish","type":"product","link":"https:\/\/www.thedrillstore.com\/de\/product\/tds-c650-18bar-air-compressor-for-drilling-holes\/","title":{"rendered":"TDS C650 Luftkompressor"},"content":{"rendered":"<ul>\n<li>Niedriger Betriebschall und weniger Vibrationsdesign.<\/li>\n<li>Einfache Serviceabilit\u00e4t.<\/li>\n<li>Niedriger Kraftstoffverbrauch, um den Fernverbrauch im Freien zu realisieren; Vollst\u00e4ndiges Schutzsystem, Energieeinsparung.<\/li>\n<li>Hocheffizientes Luftende:<br \/>\nGro\u00dfer Durchmesser Rotor, Luftende verbinden mit Dieselmotor durch Kupplung und kein Reduktionsgetriebe im Inneren, mehr Zuverl\u00e4ssigkeit, die<br \/>\nDrehzahl ist die gleiche mit dem Dieselmotor&#8217; s, l\u00e4ngere Lebensdauer.<\/li>\n<li>\u00a0Dieselmotor der ber\u00fchmten Marke:<br \/>\nW\u00e4hlen Sie den Dieselmotor der Cummins- oder Yuchai-Marke aus, erf\u00fcllen Sie die Emissionsanforderung Europas, niedrigen \u00d6lverbrauch, After-Sales-Service-System in ganz China.<\/li>\n<li>\u00a0Gute Anpassungsf\u00e4higkeit:<br \/>\nDer tragbare Luftkompressor steuert automatisch die Luftzufuhr des Dieselmotors, indem er den Bedarf an Luftverbrauch entspricht, der der Frequenzumwandlungsregelung im Motorleistungsschraubenluftkompressor entspricht.<\/li>\n<\/ul>","protected":false},"excerpt":{"rendered":"<h4 style=\"text-align: left;\"><strong>Druck 18Bar<\/strong><\/h4>\n<ul>\n<li>Niedriger Betriebschall und weniger Vibrationsdesign.<\/li>\n<li>Einfache Serviceabilit\u00e4t.<\/li>\n<li>Niedriger Kraftstoffverbrauch, Energieeinsparung.<\/li>\n<li>Hocheffizientes Luftende:<\/li>\n<li>Dieselmotor der ber\u00fchmten Marke:<\/li>\n<li>Gute Anpassungsf\u00e4higkeit:<\/li>\n<\/ul>","protected":false},"featured_media":1184,"comment_status":"open","ping_status":"closed","template":"","meta":{"_acf_changed":false},"product_brand":[],"product_cat":[24],"product_tag":[],"class_list":{"0":"post-1182","1":"product","2":"type-product","3":"status-publish","4":"has-post-thumbnail","6":"product_cat-air-compressors","8":"first","9":"instock","10":"shipping-taxable","11":"product-type-simple"},"acf":[],"_links":{"self":[{"href":"https:\/\/www.thedrillstore.com\/de\/wp-json\/wp\/v2\/product\/1182","targetHints":{"allow":["GET"]}}],"collection":[{"href":"https:\/\/www.thedrillstore.com\/de\/wp-json\/wp\/v2\/product"}],"about":[{"href":"https:\/\/www.thedrillstore.com\/de\/wp-json\/wp\/v2\/types\/product"}],"replies":[{"embeddable":true,"href":"https:\/\/www.thedrillstore.com\/de\/wp-json\/wp\/v2\/comments?post=1182"}],"wp:featuredmedia":[{"embeddable":true,"href":"https:\/\/www.thedrillstore.com\/de\/wp-json\/wp\/v2\/media\/1184"}],"wp:attachment":[{"href":"https:\/\/www.thedrillstore.com\/de\/wp-json\/wp\/v2\/media?parent=1182"}],"wp:term":[{"taxonomy":"product_brand","embeddable":true,"href":"https:\/\/www.thedrillstore.com\/de\/wp-json\/wp\/v2\/product_brand?post=1182"},{"taxonomy":"product_cat","embeddable":true,"href":"https:\/\/www.thedrillstore.com\/de\/wp-json\/wp\/v2\/product_cat?post=1182"},{"taxonomy":"product_tag","embeddable":true,"href":"https:\/\/www.thedrillstore.com\/de\/wp-json\/wp\/v2\/product_tag?post=1182"}],"curies":[{"name":"wp","href":"https:\/\/api.w.org\/{rel}","templated":true}]}}