{"id":1235,"date":"2024-03-28T18:09:24","date_gmt":"2024-03-28T10:09:24","guid":{"rendered":"http:\/\/www.thedrillstore.com\/?post_type=product&#038;p=1235"},"modified":"2024-04-23T13:48:34","modified_gmt":"2024-04-23T05:48:34","slug":"tapered-rods","status":"publish","type":"product","link":"https:\/\/www.thedrillstore.com\/de\/product\/tapered-rods\/","title":{"rendered":"Konische St\u00e4be"},"content":{"rendered":"<p><strong>Konische Bohrst\u00e4nge<\/strong><\/p>\n<p>Mit einer Seite mit dem Steinbohrer verbunden und der anderen Seite mit dem Kegelbohrer verbunden, \u00fcbertr\u00e4gt die Kegelbohrstange Kraft vom Steinbohrer zum Bohrer, so wird Bohrarbeit durchgef\u00fchrt. Die konische Bohrstange ist eine Weiterentwicklung der integrierten Bohrstange. Es hat in der Regel einen geschmiedeten Kragen, um die richtige Schaft-Schlagfl\u00e4chenposition im Felsbohrer aufrechtzuerhalten. Konische Bohrstange effektive L\u00e4ngen werden vom Kragen bis zum Bit-Ende gemessen, die in der Regel von 0,6 Meter bis 3,6 Meter liegen.<\/p>\n<p><strong>Kegelbohrstangen Parameter<\/strong><\/p>\n<ul>\n<li>Schaftgr\u00f6\u00dfen: Hex.19mm, Hex. 22mm, Hex.25mm<\/li>\n<li>Konusgrad: 4\u00b046', 6\u00b0, 7\u00b0, 11\u00b0, 12\u00b0.<\/li>\n<li>L\u00e4nge: 400 &#8211; 8000 mm.<\/li>\n<\/ul>\n<p><strong>Konus Bohrstangen Eigenschaften<\/strong><\/p>\n<ul>\n<li>Carburizing Prozess wird angewendet, um Oberfl\u00e4chenh\u00e4rte zu f\u00f6rdern, so eine bessere Verschlei\u00dfqualit\u00e4t und Lebensdauer f\u00fcr die Bohrst\u00e4nge zu gew\u00e4hren;<\/li>\n<li>23CrNi3Mo, das in der gleichen Liga wie Sandvik Sandbar 64 ist, wird als Bohrstabenmaterial eingesetzt.<\/li>\n<li>Kosteneffektiv, gute Leistung mit vern\u00fcnftigem Preis.<\/li>\n<li>Komplette Arten von Bohrstangen f\u00fcr verschiedene Bohrszenarien.<\/li>\n<\/ul>\n<p><strong>Konische Bohrstangen Anwendungen<\/strong><\/p>\n<p>Bohrpflichten im Tunnelbau, Bau, Bergbau, Steinbruch usw.<\/p>","protected":false},"excerpt":{"rendered":"<ul>\n<li>Kosteneffektiv, gute Leistung mit vern\u00fcnftigem Preis.<\/li>\n<li>Komplette Arten von Bohrstangen f\u00fcr verschiedene Bohrszenarien.<\/li>\n<\/ul>","protected":false},"featured_media":1239,"comment_status":"open","ping_status":"closed","template":"","meta":{"_acf_changed":false},"product_brand":[],"product_cat":[25,71],"product_tag":[],"class_list":{"0":"post-1235","1":"product","2":"type-product","3":"status-publish","4":"has-post-thumbnail","6":"product_cat-rock-tools","7":"product_cat-top-hammer-drilling-tools","9":"first","10":"instock","11":"shipping-taxable","12":"product-type-simple"},"acf":[],"_links":{"self":[{"href":"https:\/\/www.thedrillstore.com\/de\/wp-json\/wp\/v2\/product\/1235","targetHints":{"allow":["GET"]}}],"collection":[{"href":"https:\/\/www.thedrillstore.com\/de\/wp-json\/wp\/v2\/product"}],"about":[{"href":"https:\/\/www.thedrillstore.com\/de\/wp-json\/wp\/v2\/types\/product"}],"replies":[{"embeddable":true,"href":"https:\/\/www.thedrillstore.com\/de\/wp-json\/wp\/v2\/comments?post=1235"}],"wp:featuredmedia":[{"embeddable":true,"href":"https:\/\/www.thedrillstore.com\/de\/wp-json\/wp\/v2\/media\/1239"}],"wp:attachment":[{"href":"https:\/\/www.thedrillstore.com\/de\/wp-json\/wp\/v2\/media?parent=1235"}],"wp:term":[{"taxonomy":"product_brand","embeddable":true,"href":"https:\/\/www.thedrillstore.com\/de\/wp-json\/wp\/v2\/product_brand?post=1235"},{"taxonomy":"product_cat","embeddable":true,"href":"https:\/\/www.thedrillstore.com\/de\/wp-json\/wp\/v2\/product_cat?post=1235"},{"taxonomy":"product_tag","embeddable":true,"href":"https:\/\/www.thedrillstore.com\/de\/wp-json\/wp\/v2\/product_tag?post=1235"}],"curies":[{"name":"wp","href":"https:\/\/api.w.org\/{rel}","templated":true}]}}