{"id":1241,"date":"2024-03-28T18:11:21","date_gmt":"2024-03-28T10:11:21","guid":{"rendered":"http:\/\/www.thedrillstore.com\/?post_type=product&#038;p=1241"},"modified":"2024-04-23T13:48:28","modified_gmt":"2024-04-23T05:48:28","slug":"mf-mm-rods","status":"publish","type":"product","link":"https:\/\/www.thedrillstore.com\/de\/product\/mf-mm-rods\/","title":{"rendered":"MF &#038; MM St\u00e4be"},"content":{"rendered":"<p><strong>Verl\u00e4ngerungsbohrstangen<\/strong><\/p>\n<p>Verl\u00e4ngerungsbohrstange \u00fcbertr\u00e4gt Kraft vom Felsbohrkolben zum Felsen, eine Seite der Stange ist mit Kupplung oder Schaftadapter verbunden, w\u00e4hrend die andere Seite mit Gewindebohrstange verbunden ist.<\/p>\n<p><strong>Verl\u00e4ngerungsbohrstangen Parameter<\/strong><\/p>\n<ul>\n<li>Gewindegr\u00f6\u00dfe: R32, R38, T38, T45, T51.<\/li>\n<li>Stangengr\u00f6\u00dfe: Runde 32, Runde 39, Runde 46, Runde 52.<\/li>\n<li>L\u00e4nge: 600mm bis 6059mm.<\/li>\n<li>Slot f\u00fcr Schl\u00fcssel: mit oder ohne<\/li>\n<\/ul>\n<p><strong>Extension Drill RExtExtension Bohrst\u00e4nge Eigenschaften<\/strong><\/p>\n<ul>\n<li>Carburizing Prozess wird angewendet, um Oberfl\u00e4chenh\u00e4rte zu f\u00f6rdern, so eine bessere Verschlei\u00dfqualit\u00e4t und Lebensdauer f\u00fcr die Bohrst\u00e4nge zu gew\u00e4hren;<\/li>\n<li>23CrNi3Mo, das in der gleichen Liga wie Sandvik Sandbar 64 ist, wird als Bohrstabenmaterial eingesetzt.<\/li>\n<li>Kosteneffektiv, gute Leistung mit vern\u00fcnftigem Preis.<\/li>\n<li>Komplette Arten von Bohrstangen f\u00fcr verschiedene Bohrszenarien.<\/li>\n<\/ul>\n<p><strong>Extension Bohrstangen Anwendungen<\/strong><\/p>\n<p>Bohrpflichten im Tunnelbau, Bau, Bergbau, Steinbruch usw.<\/p>","protected":false},"excerpt":{"rendered":"<ul>\n<li>Kosteneffektiv, gute Leistung mit vern\u00fcnftigem Preis.<\/li>\n<li>Komplette Arten von Bohrstangen f\u00fcr verschiedene Bohrszenarien.<\/li>\n<\/ul>","protected":false},"featured_media":1243,"comment_status":"open","ping_status":"closed","template":"","meta":{"_acf_changed":false},"product_brand":[],"product_cat":[25,71],"product_tag":[],"class_list":{"0":"post-1241","1":"product","2":"type-product","3":"status-publish","4":"has-post-thumbnail","6":"product_cat-rock-tools","7":"product_cat-top-hammer-drilling-tools","9":"first","10":"instock","11":"shipping-taxable","12":"product-type-simple"},"acf":[],"_links":{"self":[{"href":"https:\/\/www.thedrillstore.com\/de\/wp-json\/wp\/v2\/product\/1241","targetHints":{"allow":["GET"]}}],"collection":[{"href":"https:\/\/www.thedrillstore.com\/de\/wp-json\/wp\/v2\/product"}],"about":[{"href":"https:\/\/www.thedrillstore.com\/de\/wp-json\/wp\/v2\/types\/product"}],"replies":[{"embeddable":true,"href":"https:\/\/www.thedrillstore.com\/de\/wp-json\/wp\/v2\/comments?post=1241"}],"wp:featuredmedia":[{"embeddable":true,"href":"https:\/\/www.thedrillstore.com\/de\/wp-json\/wp\/v2\/media\/1243"}],"wp:attachment":[{"href":"https:\/\/www.thedrillstore.com\/de\/wp-json\/wp\/v2\/media?parent=1241"}],"wp:term":[{"taxonomy":"product_brand","embeddable":true,"href":"https:\/\/www.thedrillstore.com\/de\/wp-json\/wp\/v2\/product_brand?post=1241"},{"taxonomy":"product_cat","embeddable":true,"href":"https:\/\/www.thedrillstore.com\/de\/wp-json\/wp\/v2\/product_cat?post=1241"},{"taxonomy":"product_tag","embeddable":true,"href":"https:\/\/www.thedrillstore.com\/de\/wp-json\/wp\/v2\/product_tag?post=1241"}],"curies":[{"name":"wp","href":"https:\/\/api.w.org\/{rel}","templated":true}]}}