{"id":1246,"date":"2024-03-28T18:13:32","date_gmt":"2024-03-28T10:13:32","guid":{"rendered":"http:\/\/www.thedrillstore.com\/?post_type=product&#038;p=1246"},"modified":"2024-04-23T13:48:22","modified_gmt":"2024-04-23T05:48:22","slug":"integral-drill-rods","status":"publish","type":"product","link":"https:\/\/www.thedrillstore.com\/de\/product\/integral-drill-rods\/","title":{"rendered":"Integrale Bohrst\u00e4nge"},"content":{"rendered":"<p><strong>Integrale Bohrst\u00e4nge<\/strong><\/p>\n<p>Integrale Bohrst\u00e4nge sind ideal bei kleinen Lochbohrungen, alle integrierten Bohrst\u00e4nge bestehen aus Hex. Stangen mit integrierten metself\u00f6rmigen Bitk\u00f6pfen aus zementiertem Karbid. Mit den gleichen St\u00e4hlen wie Sandvik und den besten Carbiden aus China liefern wir verschiedene L\u00e4ngen von integrierten Bohrstangen mit unterschiedlichen Kopfdurchmessern.<\/p>\n<p><strong>Integrale Bohrstangen Parameter<\/strong><\/p>\n<ul>\n<li>Schaft Gr\u00f6\u00dfe: Hex.19 x 108mm, Hex.22 x 108mm, Hex.19 x 82mm<\/li>\n<li>Kopfdurchmesser: 26mm bis 42mm.<\/li>\n<li>L\u00e4nge: 400 &#8211; 8000 mm.<\/li>\n<\/ul>\n<p><strong>Integrale Bohrst\u00e4nge Eigenschaften<\/strong><\/p>\n<ul>\n<li>Carburizing Prozess wird angewendet, um Oberfl\u00e4chenh\u00e4rte zu f\u00f6rdern, so eine bessere Verschlei\u00dfqualit\u00e4t und Lebensdauer f\u00fcr die Bohrst\u00e4nge zu gew\u00e4hren;<\/li>\n<li>23CrNi3Mo, das in der gleichen Liga wie Sandvik Sandbar 64 ist, wird als Bohrstabenmaterial eingesetzt.<\/li>\n<li>Kosteneffektiv, gute Leistung mit vern\u00fcnftigem Preis.<\/li>\n<li>Komplette Arten von Bohrstangen f\u00fcr verschiedene Bohrszenarien.<\/li>\n<\/ul>\n<p><img fetchpriority=\"high\" decoding=\"async\" class=\"aligncenter size-full wp-image-1252\" src=\"http:\/\/www.thedrillstore.com\/wp-content\/uploads\/2024\/03\/jkij.png\" alt=\"\" width=\"1137\" height=\"488\" srcset=\"https:\/\/www.thedrillstore.com\/wp-content\/uploads\/2024\/03\/jkij.png 1137w, https:\/\/www.thedrillstore.com\/wp-content\/uploads\/2024\/03\/jkij-300x129.png 300w, https:\/\/www.thedrillstore.com\/wp-content\/uploads\/2024\/03\/jkij-1024x440.png 1024w, https:\/\/www.thedrillstore.com\/wp-content\/uploads\/2024\/03\/jkij-768x330.png 768w, https:\/\/www.thedrillstore.com\/wp-content\/uploads\/2024\/03\/jkij-600x258.png 600w\" sizes=\"(max-width: 1137px) 100vw, 1137px\" \/><\/p>\n<p>&nbsp;<\/p>\n<p><strong>Anwendungen<\/strong><\/p>\n<p>Bohrpflichten im Tunnelbau, Bau, Bergbau, Steinbruch usw.<\/p>","protected":false},"excerpt":{"rendered":"<ul>\n<li>Kosteneffektiv, gute Leistung mit vern\u00fcnftigem Preis.<\/li>\n<li>Komplette Arten von Bohrstangen f\u00fcr verschiedene Bohrszenarien.<\/li>\n<\/ul>","protected":false},"featured_media":1250,"comment_status":"open","ping_status":"closed","template":"","meta":{"_acf_changed":false},"product_brand":[],"product_cat":[25,71],"product_tag":[],"class_list":{"0":"post-1246","1":"product","2":"type-product","3":"status-publish","4":"has-post-thumbnail","6":"product_cat-rock-tools","7":"product_cat-top-hammer-drilling-tools","9":"first","10":"instock","11":"shipping-taxable","12":"product-type-simple"},"acf":[],"_links":{"self":[{"href":"https:\/\/www.thedrillstore.com\/de\/wp-json\/wp\/v2\/product\/1246","targetHints":{"allow":["GET"]}}],"collection":[{"href":"https:\/\/www.thedrillstore.com\/de\/wp-json\/wp\/v2\/product"}],"about":[{"href":"https:\/\/www.thedrillstore.com\/de\/wp-json\/wp\/v2\/types\/product"}],"replies":[{"embeddable":true,"href":"https:\/\/www.thedrillstore.com\/de\/wp-json\/wp\/v2\/comments?post=1246"}],"wp:featuredmedia":[{"embeddable":true,"href":"https:\/\/www.thedrillstore.com\/de\/wp-json\/wp\/v2\/media\/1250"}],"wp:attachment":[{"href":"https:\/\/www.thedrillstore.com\/de\/wp-json\/wp\/v2\/media?parent=1246"}],"wp:term":[{"taxonomy":"product_brand","embeddable":true,"href":"https:\/\/www.thedrillstore.com\/de\/wp-json\/wp\/v2\/product_brand?post=1246"},{"taxonomy":"product_cat","embeddable":true,"href":"https:\/\/www.thedrillstore.com\/de\/wp-json\/wp\/v2\/product_cat?post=1246"},{"taxonomy":"product_tag","embeddable":true,"href":"https:\/\/www.thedrillstore.com\/de\/wp-json\/wp\/v2\/product_tag?post=1246"}],"curies":[{"name":"wp","href":"https:\/\/api.w.org\/{rel}","templated":true}]}}