{"id":1253,"date":"2024-03-28T18:16:44","date_gmt":"2024-03-28T10:16:44","guid":{"rendered":"http:\/\/www.thedrillstore.com\/?post_type=product&#038;p=1253"},"modified":"2024-04-23T13:48:16","modified_gmt":"2024-04-23T05:48:16","slug":"coupling-sleeves","status":"publish","type":"product","link":"https:\/\/www.thedrillstore.com\/de\/product\/coupling-sleeves\/","title":{"rendered":"Kupplungs\u00e4rmel"},"content":{"rendered":"<p><strong>Kupplungs\u00e4rmel<\/strong><\/p>\n<p>Die Kupplung wird zum Verbinden von Schaftadapter und Verl\u00e4ngerungsbohrstange oder zum Verbinden von zwei Verl\u00e4ngerungsst\u00e4ngen verwendet. Neben normalen Gleichkupplungen bieten wir auch Reduzierkupplungen an, die in der Lage sind, Gewindetyp und -gr\u00f6\u00dfe zu \u00e4ndern. Die von uns angebotenen Kupplungen k\u00f6nnen f\u00fcr unser Oberhammerbohrsystem angewendet werden, geeignet f\u00fcr Bohraufgaben im Tunnelbau, Bau, Bergbau, Steinbruch usw.<\/p>\n<p><strong>Kupplungsh\u00fclsen Parameter<\/strong><\/p>\n<ul>\n<li>R25, R28, R32, R38, T38, T45, T51<\/li>\n<li>Durchmesser: 35mm, 40mm, 45mm, 55mm, 63mm, 66mm, 72mm, 76mm<\/li>\n<li>L\u00e4nge: 150mm, 155mm, 170mm, 180mm, 180mm, 190mm, 210mm, 235mm<\/li>\n<li>Kopplungstyp: Halbbr\u00fccke, Vollbr\u00fccke, Adapterkupplung<\/li>\n<\/ul>\n<p><strong>Kupplungsh\u00fclsen Eigenschaften<\/strong><\/p>\n<ul>\n<li>Premium-Stahl als Material, Pr\u00e4zisionsCNC f\u00fcr die Herstellung, Genauigkeit und Zuverl\u00e4ssigkeit gew\u00e4hrleistet;<\/li>\n<li>Hohe \u00dcbertragungseffizienz gew\u00e4hrt eine hohe Bohreffizienz f\u00fcr das Bohrsystem.<\/li>\n<\/ul>\n<p><strong>Kupplungsh\u00fclsen Anwendungen<\/strong><\/p>\n<p>Bohrarbeiten f\u00fcr Sprengsaufgaben im Tunnelbau, Bau, Bergbau, Steinbruch usw.<\/p>","protected":false},"excerpt":{"rendered":"<p>Premium-Stahl als Material, Pr\u00e4zisionsCNC f\u00fcr die Herstellung, Genauigkeit und Zuverl\u00e4ssigkeit gew\u00e4hrleistet;<\/p>\n<p>Hohe \u00dcbertragungseffizienz gew\u00e4hrt eine hohe Bohreffizienz f\u00fcr das Bohrsystem.<\/p>","protected":false},"featured_media":1256,"comment_status":"open","ping_status":"closed","template":"","meta":{"_acf_changed":false},"product_brand":[],"product_cat":[25,71],"product_tag":[],"class_list":{"0":"post-1253","1":"product","2":"type-product","3":"status-publish","4":"has-post-thumbnail","6":"product_cat-rock-tools","7":"product_cat-top-hammer-drilling-tools","9":"first","10":"instock","11":"shipping-taxable","12":"product-type-simple"},"acf":[],"_links":{"self":[{"href":"https:\/\/www.thedrillstore.com\/de\/wp-json\/wp\/v2\/product\/1253","targetHints":{"allow":["GET"]}}],"collection":[{"href":"https:\/\/www.thedrillstore.com\/de\/wp-json\/wp\/v2\/product"}],"about":[{"href":"https:\/\/www.thedrillstore.com\/de\/wp-json\/wp\/v2\/types\/product"}],"replies":[{"embeddable":true,"href":"https:\/\/www.thedrillstore.com\/de\/wp-json\/wp\/v2\/comments?post=1253"}],"wp:featuredmedia":[{"embeddable":true,"href":"https:\/\/www.thedrillstore.com\/de\/wp-json\/wp\/v2\/media\/1256"}],"wp:attachment":[{"href":"https:\/\/www.thedrillstore.com\/de\/wp-json\/wp\/v2\/media?parent=1253"}],"wp:term":[{"taxonomy":"product_brand","embeddable":true,"href":"https:\/\/www.thedrillstore.com\/de\/wp-json\/wp\/v2\/product_brand?post=1253"},{"taxonomy":"product_cat","embeddable":true,"href":"https:\/\/www.thedrillstore.com\/de\/wp-json\/wp\/v2\/product_cat?post=1253"},{"taxonomy":"product_tag","embeddable":true,"href":"https:\/\/www.thedrillstore.com\/de\/wp-json\/wp\/v2\/product_tag?post=1253"}],"curies":[{"name":"wp","href":"https:\/\/api.w.org\/{rel}","templated":true}]}}