{"id":1258,"date":"2024-03-28T18:19:52","date_gmt":"2024-03-28T10:19:52","guid":{"rendered":"http:\/\/www.thedrillstore.com\/?post_type=product&#038;p=1258"},"modified":"2024-04-23T13:48:09","modified_gmt":"2024-04-23T05:48:09","slug":"thread-bits","status":"publish","type":"product","link":"https:\/\/www.thedrillstore.com\/de\/product\/thread-bits\/","title":{"rendered":"Gewindebits"},"content":{"rendered":"<p><strong>Gewindebits Parameter<\/strong><\/p>\n<ul>\n<li>Gewindegr\u00f6\u00dfe: R25, R28, SSR28, R32, SSR32, R35, SSR35, R38, T38, T45, T51, SST58, SST68, SGT60;<\/li>\n<li>Kopfdurchmesser: 33mm ~ 152mm;<\/li>\n<li>Gesichtsdesigns; flaches Gesicht, Drop Center, Uniface;<\/li>\n<\/ul>\n<p><img fetchpriority=\"high\" decoding=\"async\" class=\"aligncenter size-full wp-image-1261\" src=\"http:\/\/www.thedrillstore.com\/wp-content\/uploads\/2024\/03\/dsfe.jpg\" alt=\"\" width=\"1680\" height=\"2010\" srcset=\"https:\/\/www.thedrillstore.com\/wp-content\/uploads\/2024\/03\/dsfe.jpg 1680w, https:\/\/www.thedrillstore.com\/wp-content\/uploads\/2024\/03\/dsfe-251x300.jpg 251w, https:\/\/www.thedrillstore.com\/wp-content\/uploads\/2024\/03\/dsfe-856x1024.jpg 856w, https:\/\/www.thedrillstore.com\/wp-content\/uploads\/2024\/03\/dsfe-768x919.jpg 768w, https:\/\/www.thedrillstore.com\/wp-content\/uploads\/2024\/03\/dsfe-1284x1536.jpg 1284w, https:\/\/www.thedrillstore.com\/wp-content\/uploads\/2024\/03\/dsfe-600x718.jpg 600w\" sizes=\"(max-width: 1680px) 100vw, 1680px\" \/><\/p>\n<p><strong>Gewindebits Eigenschaften<\/strong><\/p>\n<ul>\n<li>Legierungskn\u00f6pfe sind hei\u00df in das Bohrbohr montiert, wodurch das Bohrbohr gute Genauigkeit und Haltbarkeit gew\u00e4hrleistet;<\/li>\n<li>Zuverl\u00e4ssigkeit durch Premium-Bohrmaterialien und Premium-Legierungsknopf gew\u00e4hrleistet;<\/li>\n<li>Verschiedene Typen f\u00fcr verschiedene Bohrszenarien und Gesteinsbedingungen konzipiert;<\/li>\n<li>Hohe Geschwindigkeit und Bohreffizienz;<\/li>\n<li>Kosteneffektiv, gute Leistung mit vern\u00fcnftigem Preis.<\/li>\n<\/ul>\n<p><strong>Gewindeknopfbits Anwendungen<\/strong><\/p>\n<p>Bohrarbeiten f\u00fcr Sprengsaufgaben im Tunnelbau, Bau, Bergbau, Steinbruch usw.<\/p>","protected":false},"excerpt":{"rendered":"<p><strong>Gewindebits<\/strong><\/p>\n<p>Mit der h\u00f6chsten Qualit\u00e4t der aus den USA importierten Legierungsstahl und den besten in China hergestellten Carbiden produzieren wir alle Gewindeknopfbits durch Hei\u00dfpresstechnologie.<\/p>","protected":false},"featured_media":1264,"comment_status":"open","ping_status":"closed","template":"","meta":{"_acf_changed":false},"product_brand":[],"product_cat":[25,71],"product_tag":[],"class_list":{"0":"post-1258","1":"product","2":"type-product","3":"status-publish","4":"has-post-thumbnail","6":"product_cat-rock-tools","7":"product_cat-top-hammer-drilling-tools","9":"first","10":"instock","11":"shipping-taxable","12":"product-type-simple"},"acf":[],"_links":{"self":[{"href":"https:\/\/www.thedrillstore.com\/de\/wp-json\/wp\/v2\/product\/1258","targetHints":{"allow":["GET"]}}],"collection":[{"href":"https:\/\/www.thedrillstore.com\/de\/wp-json\/wp\/v2\/product"}],"about":[{"href":"https:\/\/www.thedrillstore.com\/de\/wp-json\/wp\/v2\/types\/product"}],"replies":[{"embeddable":true,"href":"https:\/\/www.thedrillstore.com\/de\/wp-json\/wp\/v2\/comments?post=1258"}],"wp:featuredmedia":[{"embeddable":true,"href":"https:\/\/www.thedrillstore.com\/de\/wp-json\/wp\/v2\/media\/1264"}],"wp:attachment":[{"href":"https:\/\/www.thedrillstore.com\/de\/wp-json\/wp\/v2\/media?parent=1258"}],"wp:term":[{"taxonomy":"product_brand","embeddable":true,"href":"https:\/\/www.thedrillstore.com\/de\/wp-json\/wp\/v2\/product_brand?post=1258"},{"taxonomy":"product_cat","embeddable":true,"href":"https:\/\/www.thedrillstore.com\/de\/wp-json\/wp\/v2\/product_cat?post=1258"},{"taxonomy":"product_tag","embeddable":true,"href":"https:\/\/www.thedrillstore.com\/de\/wp-json\/wp\/v2\/product_tag?post=1258"}],"curies":[{"name":"wp","href":"https:\/\/api.w.org\/{rel}","templated":true}]}}