{"id":1267,"date":"2024-03-28T18:22:22","date_gmt":"2024-03-28T10:22:22","guid":{"rendered":"http:\/\/www.thedrillstore.com\/?post_type=product&#038;p=1267"},"modified":"2024-04-23T13:48:03","modified_gmt":"2024-04-23T05:48:03","slug":"retrac-bits","status":"publish","type":"product","link":"https:\/\/www.thedrillstore.com\/de\/product\/retrac-bits\/","title":{"rendered":"Retrac Bits"},"content":{"rendered":"<p><strong>Retract Bits Parameter<\/strong><\/p>\n<ul>\n<li>Gewindegr\u00f6\u00dfe: R25, R28, SSR28, R32, SSR32, R35, SSR35, R38, T38, T45, T51, SST58, SST68, SGT60;<\/li>\n<li>Kopfdurchmesser: 51mm ~ 152mm;<\/li>\n<li>Gesichtsdesigns; flaches Gesicht, Drop Center, Uniface;<\/li>\n<\/ul>\n<p><strong>Ziehen Sie Gewindeknopfbits zur\u00fcck Features<\/strong><\/p>\n<ul>\n<li>Legierungskn\u00f6pfe sind hei\u00df in das Bohrbohr montiert, wodurch das Bohrbohr gute Genauigkeit und Haltbarkeit gew\u00e4hrleistet;<\/li>\n<li>Zuverl\u00e4ssigkeit durch Premium-Bohrmaterialien und Premium-Legierungsknopf gew\u00e4hrleistet;<\/li>\n<li>Verschiedene Typen f\u00fcr verschiedene Bohrszenarien und Gesteinsbedingungen konzipiert;<\/li>\n<li>Hohe Geschwindigkeit und Bohreffizienz;<\/li>\n<li>Kosteneffektiv, gute Leistung mit vern\u00fcnftigem Preis.<\/li>\n<\/ul>\n<p><strong>R\u00fcckziehen Gewindeknopfbits Anwendungen<\/strong><\/p>\n<p>Bohrarbeiten f\u00fcr Sprengsaufgaben im Tunnelbau, Bau, Bergbau, Steinbruch usw.<\/p>","protected":false},"excerpt":{"rendered":"<p><strong>Retrac Bits<\/strong><\/p>\n<p>Mit der h\u00f6chsten Qualit\u00e4t der aus den USA importierten Legierungsstahl und den besten in China hergestellten Carbiden produzieren wir alle Gewindeknopfbits durch Hei\u00dfpresstechnologie.<\/p>","protected":false},"featured_media":1271,"comment_status":"open","ping_status":"closed","template":"","meta":{"_acf_changed":false},"product_brand":[],"product_cat":[25,71],"product_tag":[],"class_list":{"0":"post-1267","1":"product","2":"type-product","3":"status-publish","4":"has-post-thumbnail","6":"product_cat-rock-tools","7":"product_cat-top-hammer-drilling-tools","9":"first","10":"instock","11":"shipping-taxable","12":"product-type-simple"},"acf":[],"_links":{"self":[{"href":"https:\/\/www.thedrillstore.com\/de\/wp-json\/wp\/v2\/product\/1267","targetHints":{"allow":["GET"]}}],"collection":[{"href":"https:\/\/www.thedrillstore.com\/de\/wp-json\/wp\/v2\/product"}],"about":[{"href":"https:\/\/www.thedrillstore.com\/de\/wp-json\/wp\/v2\/types\/product"}],"replies":[{"embeddable":true,"href":"https:\/\/www.thedrillstore.com\/de\/wp-json\/wp\/v2\/comments?post=1267"}],"wp:featuredmedia":[{"embeddable":true,"href":"https:\/\/www.thedrillstore.com\/de\/wp-json\/wp\/v2\/media\/1271"}],"wp:attachment":[{"href":"https:\/\/www.thedrillstore.com\/de\/wp-json\/wp\/v2\/media?parent=1267"}],"wp:term":[{"taxonomy":"product_brand","embeddable":true,"href":"https:\/\/www.thedrillstore.com\/de\/wp-json\/wp\/v2\/product_brand?post=1267"},{"taxonomy":"product_cat","embeddable":true,"href":"https:\/\/www.thedrillstore.com\/de\/wp-json\/wp\/v2\/product_cat?post=1267"},{"taxonomy":"product_tag","embeddable":true,"href":"https:\/\/www.thedrillstore.com\/de\/wp-json\/wp\/v2\/product_tag?post=1267"}],"curies":[{"name":"wp","href":"https:\/\/api.w.org\/{rel}","templated":true}]}}