{"id":1274,"date":"2024-03-28T18:24:48","date_gmt":"2024-03-28T10:24:48","guid":{"rendered":"http:\/\/www.thedrillstore.com\/?post_type=product&#038;p=1274"},"modified":"2024-04-23T13:47:56","modified_gmt":"2024-04-23T05:47:56","slug":"tapered-drill-bits","status":"publish","type":"product","link":"https:\/\/www.thedrillstore.com\/de\/product\/tapered-drill-bits\/","title":{"rendered":"Konische Bohrb\u00fcrchen"},"content":{"rendered":"<p><strong>Kegelbohrb\u00fcrchen Parameter<\/strong><\/p>\n<ul>\n<li>Bitdurchmesser: 26mm bis 60mm;<\/li>\n<li>Konusgrad: 4\u00b046', 6\u00b0, 7\u00b0, 11\u00b0, 12\u00b0;<\/li>\n<li>Schaftgr\u00f6\u00dfen: Hex. 19mm, Hex, 22mm und Hex. 25 mm;<\/li>\n<li>Carbid-Typ: Chisel-Typ, Kreuz-Typ, Knopf-Typ.<\/li>\n<\/ul>\n<p><img fetchpriority=\"high\" decoding=\"async\" class=\"aligncenter size-full wp-image-1276\" src=\"http:\/\/www.thedrillstore.com\/wp-content\/uploads\/2024\/03\/45.jpg\" alt=\"\" width=\"783\" height=\"762\" srcset=\"https:\/\/www.thedrillstore.com\/wp-content\/uploads\/2024\/03\/45.jpg 783w, https:\/\/www.thedrillstore.com\/wp-content\/uploads\/2024\/03\/45-300x292.jpg 300w, https:\/\/www.thedrillstore.com\/wp-content\/uploads\/2024\/03\/45-768x747.jpg 768w, https:\/\/www.thedrillstore.com\/wp-content\/uploads\/2024\/03\/45-600x584.jpg 600w\" sizes=\"(max-width: 783px) 100vw, 783px\" \/><\/p>\n<p><strong>Konische Bohrb\u00fcrchen Features<\/strong><\/p>\n<ul>\n<li>Rock ist zinkbeschichtet, um die Reibung zwischen Bohrer und Bohrstange zu f\u00f6rdern, um somit eine bessere Effizienz zu erzielen;<\/li>\n<li>Legierungskn\u00f6pfe sind hei\u00df in das Bohrbohr montiert, wodurch das Bohrbohr gute Genauigkeit und Haltbarkeit gew\u00e4hrleistet;<\/li>\n<li>Zuverl\u00e4ssigkeit durch Premium-Bohrmaterialien und Premium-Legierungsknopf gew\u00e4hrleistet;<\/li>\n<li>Verschiedene Typen f\u00fcr verschiedene Bohrszenarien und Gesteinsbedingungen konzipiert;<\/li>\n<li>Kosteneffektiv, mit wettbewerbsf\u00e4higem und vern\u00fcnftigem Preis, bieten unsere Produkte 82% -92% Lebensdauer ihrer ber\u00fchmten Markenkollegen.<\/li>\n<\/ul>\n<p><strong>Vorteil von konischen Bohrern\u00a0<\/strong><\/p>\n<ol>\n<li>\u00a0Material: 100% unber\u00fchrter Rohstoff mit Submikron-Korngr\u00f6\u00dfe;<br \/>\n2. Klasse: Verschiedene Klassen f\u00fcr Wahl;<br \/>\n3. Fortgeschrittene Produktionsanlagen und Pr\u00fcfanlagen<br \/>\n4. Pr\u00e4zisionsboden und poliert;<br \/>\n5. Hohe Verschlei\u00dfbest\u00e4ndigkeit, hohe H\u00e4rte und Schlagz\u00e4higkeit;<\/li>\n<\/ol>\n<p><strong>Konische Bohrb\u00fcrchen Anwendungen<\/strong><\/p>\n<p>Kegelbohrer sind mit Kegelbohrstangen f\u00fcr Bohraufgaben verbunden, geeignet f\u00fcr Tunnelbau, Bau, Bergbau, Steinbruch usw.<\/p>","protected":false},"excerpt":{"rendered":"<p>Kegelbohrbritzen, insbesondere Kegelbohrbritzen, sind die beliebtesten Kegelbohrbritzen mit einer breiten Auswahl an Kopfdurchmessern von 26mm bis 48mm. Mit Karbidkn\u00f6pfen hei\u00df gedr\u00fcckt auf die Bit R\u00f6cke, konische Knopf Bits haben eine gute Bohrleistung und sind ausgezeichnet in der Langlebigkeit.<\/p>","protected":false},"featured_media":1278,"comment_status":"open","ping_status":"closed","template":"","meta":{"_acf_changed":false},"product_brand":[],"product_cat":[25,71],"product_tag":[],"class_list":{"0":"post-1274","1":"product","2":"type-product","3":"status-publish","4":"has-post-thumbnail","6":"product_cat-rock-tools","7":"product_cat-top-hammer-drilling-tools","9":"first","10":"instock","11":"shipping-taxable","12":"product-type-simple"},"acf":[],"_links":{"self":[{"href":"https:\/\/www.thedrillstore.com\/de\/wp-json\/wp\/v2\/product\/1274","targetHints":{"allow":["GET"]}}],"collection":[{"href":"https:\/\/www.thedrillstore.com\/de\/wp-json\/wp\/v2\/product"}],"about":[{"href":"https:\/\/www.thedrillstore.com\/de\/wp-json\/wp\/v2\/types\/product"}],"replies":[{"embeddable":true,"href":"https:\/\/www.thedrillstore.com\/de\/wp-json\/wp\/v2\/comments?post=1274"}],"wp:featuredmedia":[{"embeddable":true,"href":"https:\/\/www.thedrillstore.com\/de\/wp-json\/wp\/v2\/media\/1278"}],"wp:attachment":[{"href":"https:\/\/www.thedrillstore.com\/de\/wp-json\/wp\/v2\/media?parent=1274"}],"wp:term":[{"taxonomy":"product_brand","embeddable":true,"href":"https:\/\/www.thedrillstore.com\/de\/wp-json\/wp\/v2\/product_brand?post=1274"},{"taxonomy":"product_cat","embeddable":true,"href":"https:\/\/www.thedrillstore.com\/de\/wp-json\/wp\/v2\/product_cat?post=1274"},{"taxonomy":"product_tag","embeddable":true,"href":"https:\/\/www.thedrillstore.com\/de\/wp-json\/wp\/v2\/product_tag?post=1274"}],"curies":[{"name":"wp","href":"https:\/\/api.w.org\/{rel}","templated":true}]}}