{"id":1280,"date":"2024-03-28T18:27:11","date_gmt":"2024-03-28T10:27:11","guid":{"rendered":"http:\/\/www.thedrillstore.com\/?post_type=product&#038;p=1280"},"modified":"2024-04-23T13:47:50","modified_gmt":"2024-04-23T05:47:50","slug":"shank-adapter","status":"publish","type":"product","link":"https:\/\/www.thedrillstore.com\/de\/product\/shank-adapter\/","title":{"rendered":"Schaft Adapter"},"content":{"rendered":"<p><strong>Schaft Adapter<\/strong><\/p>\n<p>Schaftadapter ist entworfen, um Strom vom Steinbohrkolben auf die Verl\u00e4ngerungsbohrstange und schlie\u00dflich auf den Bohrstange zu \u00fcbertragen. Beim Einsatz ist eine Seite des Schaftadapters mit der Bohrstange verbunden, w\u00e4hrend die andere Seite mit der Kupplung oder dem Verl\u00e4ngerungsbohr verbunden sein sollte. Schaftadapter kann f\u00fcr Bohraufgaben im Tunnel-, Bau-, Bergbau-, Steinbruch- usw. eingesetzt werden.<\/p>\n<p><strong>Schaft Adapter Parameter<\/strong><\/p>\n<ul>\n<li>R25, R28, R32, R35, R38, T38, T45, T51 usw.<\/li>\n<li>Durchmesser: 32mm-70mm<\/li>\n<li>L\u00e4nge: 273mm-885mm<\/li>\n<li>Anwendbare Steinbohrmarke: Atlas Copco, Tamrock, Ingersoll Rand, Boart Longyear, Furukawa, Montabert, Soonsan, Everdigm, etc.<\/li>\n<\/ul>\n<p><strong>Eigenschaften des Shank Adapters<\/strong><\/p>\n<ul>\n<li>Pr\u00e4zision und Zuverl\u00e4ssigkeit durch Premium-Material, feine CNC-Bearbeitung und W\u00e4rmebehandlungsprozesse;<\/li>\n<li>Carburizing Prozess wird angewendet, um die Oberfl\u00e4chenh\u00e4rte zu f\u00f6rdern, um eine bessere Verschlei\u00dfqualit\u00e4t zu gew\u00e4hrleisten.<\/li>\n<\/ul>\n<p><strong>Shank Adapter Anwendungen<\/strong><\/p>\n<p>Bohrarbeiten f\u00fcr Sprengsaufgaben im Tunnelbau, Bau, Bergbau, Steinbruch usw.<\/p>\n<p>&nbsp;<\/p>\n<p><img fetchpriority=\"high\" decoding=\"async\" class=\"aligncenter size-full wp-image-1281\" src=\"http:\/\/www.thedrillstore.com\/wp-content\/uploads\/2024\/03\/hg.jpg\" alt=\"\" width=\"1680\" height=\"1739\" srcset=\"https:\/\/www.thedrillstore.com\/wp-content\/uploads\/2024\/03\/hg.jpg 1680w, https:\/\/www.thedrillstore.com\/wp-content\/uploads\/2024\/03\/hg-290x300.jpg 290w, https:\/\/www.thedrillstore.com\/wp-content\/uploads\/2024\/03\/hg-989x1024.jpg 989w, https:\/\/www.thedrillstore.com\/wp-content\/uploads\/2024\/03\/hg-768x795.jpg 768w, https:\/\/www.thedrillstore.com\/wp-content\/uploads\/2024\/03\/hg-1484x1536.jpg 1484w, https:\/\/www.thedrillstore.com\/wp-content\/uploads\/2024\/03\/hg-600x621.jpg 600w\" sizes=\"(max-width: 1680px) 100vw, 1680px\" \/><\/p>","protected":false},"excerpt":{"rendered":"<p><strong>Eigenschaften des Shank Adapters<\/strong><\/p>\n<ul>\n<li>Pr\u00e4zision und Zuverl\u00e4ssigkeit durch Premium-Material, feine CNC-Bearbeitung und W\u00e4rmebehandlungsprozesse;<\/li>\n<li>Carburizing Prozess wird angewendet, um die Oberfl\u00e4chenh\u00e4rte zu f\u00f6rdern, um eine bessere Verschlei\u00dfqualit\u00e4t zu gew\u00e4hrleisten.<\/li>\n<\/ul>","protected":false},"featured_media":1284,"comment_status":"open","ping_status":"closed","template":"","meta":{"_acf_changed":false},"product_brand":[],"product_cat":[25,71],"product_tag":[],"class_list":{"0":"post-1280","1":"product","2":"type-product","3":"status-publish","4":"has-post-thumbnail","6":"product_cat-rock-tools","7":"product_cat-top-hammer-drilling-tools","9":"first","10":"instock","11":"shipping-taxable","12":"product-type-simple"},"acf":[],"_links":{"self":[{"href":"https:\/\/www.thedrillstore.com\/de\/wp-json\/wp\/v2\/product\/1280","targetHints":{"allow":["GET"]}}],"collection":[{"href":"https:\/\/www.thedrillstore.com\/de\/wp-json\/wp\/v2\/product"}],"about":[{"href":"https:\/\/www.thedrillstore.com\/de\/wp-json\/wp\/v2\/types\/product"}],"replies":[{"embeddable":true,"href":"https:\/\/www.thedrillstore.com\/de\/wp-json\/wp\/v2\/comments?post=1280"}],"wp:featuredmedia":[{"embeddable":true,"href":"https:\/\/www.thedrillstore.com\/de\/wp-json\/wp\/v2\/media\/1284"}],"wp:attachment":[{"href":"https:\/\/www.thedrillstore.com\/de\/wp-json\/wp\/v2\/media?parent=1280"}],"wp:term":[{"taxonomy":"product_brand","embeddable":true,"href":"https:\/\/www.thedrillstore.com\/de\/wp-json\/wp\/v2\/product_brand?post=1280"},{"taxonomy":"product_cat","embeddable":true,"href":"https:\/\/www.thedrillstore.com\/de\/wp-json\/wp\/v2\/product_cat?post=1280"},{"taxonomy":"product_tag","embeddable":true,"href":"https:\/\/www.thedrillstore.com\/de\/wp-json\/wp\/v2\/product_tag?post=1280"}],"curies":[{"name":"wp","href":"https:\/\/api.w.org\/{rel}","templated":true}]}}