{"id":1315,"date":"2024-03-28T18:39:33","date_gmt":"2024-03-28T10:39:33","guid":{"rendered":"http:\/\/www.thedrillstore.com\/?post_type=product&#038;p=1315"},"modified":"2025-08-08T13:51:26","modified_gmt":"2025-08-08T05:51:26","slug":"kits-and-consumables","status":"publish","type":"product","link":"https:\/\/www.thedrillstore.com\/de\/product\/kits-and-consumables\/","title":{"rendered":"Kits und Verbrauchsmaterialien"},"content":{"rendered":"<p><span style=\"color: #000000; font-family: arial, helvetica, sans-serif;\">Unser Unternehmen&#8217; s liefern die gesamten S\u00e4tze von Ersatzteilen mit hochwertigen Rohstoffen, um die Haltbarkeit der Produkte zu gew\u00e4hrleisten, fortschrittliche CNC-Produktionsausr\u00fcstungen und strenge Inspektionsprozesse, um die Produktgenauigkeit zu gew\u00e4hrleisten, und jahrzehntelange Produktionserfahrung machen diese Teile und Anlagen perfekt zu passen. Machen Sie Ihre Ausr\u00fcstung langlebiger und garantieren Sie eine effizientere Produktion mit dem\u00a0<a style=\"color: #000000;\" href=\"http:\/\/www.taiyedrilling.com\/drilling-rig-parts\/\">Bohrmaschinenteile zum Verkauf<\/a>.<\/span><\/p>\n<p><span style=\"color: #000000; font-family: arial, helvetica, sans-serif;\">Durch die Qualit\u00e4t unserer Lager-Vielfalt bieten wir Ihnen schnellere Reparaturm\u00f6glichkeiten und senken Ihre Lager- und Reparaturkosten.<\/span><\/p>","protected":false},"excerpt":{"rendered":"<p>Durch die Qualit\u00e4t unserer Lager-Vielfalt bieten wir Ihnen schnellere Reparaturm\u00f6glichkeiten und senken Ihre Lager- und Reparaturkosten.<\/p>","protected":false},"featured_media":3001,"comment_status":"closed","ping_status":"closed","template":"","meta":{"_acf_changed":false},"product_brand":[],"product_cat":[26],"product_tag":[],"class_list":{"0":"post-1315","1":"product","2":"type-product","3":"status-publish","4":"has-post-thumbnail","6":"product_cat-kits-and-consumables","8":"first","9":"instock","10":"shipping-taxable","11":"product-type-simple"},"acf":[],"_links":{"self":[{"href":"https:\/\/www.thedrillstore.com\/de\/wp-json\/wp\/v2\/product\/1315","targetHints":{"allow":["GET"]}}],"collection":[{"href":"https:\/\/www.thedrillstore.com\/de\/wp-json\/wp\/v2\/product"}],"about":[{"href":"https:\/\/www.thedrillstore.com\/de\/wp-json\/wp\/v2\/types\/product"}],"replies":[{"embeddable":true,"href":"https:\/\/www.thedrillstore.com\/de\/wp-json\/wp\/v2\/comments?post=1315"}],"wp:featuredmedia":[{"embeddable":true,"href":"https:\/\/www.thedrillstore.com\/de\/wp-json\/wp\/v2\/media\/3001"}],"wp:attachment":[{"href":"https:\/\/www.thedrillstore.com\/de\/wp-json\/wp\/v2\/media?parent=1315"}],"wp:term":[{"taxonomy":"product_brand","embeddable":true,"href":"https:\/\/www.thedrillstore.com\/de\/wp-json\/wp\/v2\/product_brand?post=1315"},{"taxonomy":"product_cat","embeddable":true,"href":"https:\/\/www.thedrillstore.com\/de\/wp-json\/wp\/v2\/product_cat?post=1315"},{"taxonomy":"product_tag","embeddable":true,"href":"https:\/\/www.thedrillstore.com\/de\/wp-json\/wp\/v2\/product_tag?post=1315"}],"curies":[{"name":"wp","href":"https:\/\/api.w.org\/{rel}","templated":true}]}}