{"id":2659,"date":"2025-04-03T17:32:33","date_gmt":"2025-04-03T09:32:33","guid":{"rendered":"https:\/\/www.thedrillstore.com\/product\/tds-560-semi-hydraulic-dth-drilling-rig-drilling-range-95130mm-2-2-2-2\/"},"modified":"2026-03-02T13:38:51","modified_gmt":"2026-03-02T05:38:51","slug":"surface-coring-drilling-rig-c2200","status":"publish","type":"product","link":"https:\/\/www.thedrillstore.com\/de\/product\/surface-coring-drilling-rig-c2200\/","title":{"rendered":"Surface Core Drilling Rig C2200"},"content":{"rendered":"<p>Produktkonzept<\/p>\n<p>Die Diamant-Seil-Coring-Bohrricht ist speziell f\u00fcr Oberfl\u00e4chenkoring-Operationen konzipiert, das Spuren-Design erleichtert die Verlegung der Ausr\u00fcstung, diese Art von Bohrricht nimmt die aktuellen internationalen Mainstream-Hydraulikkomponenten (Hydraulikpumpe, Motor, Hydraulikventil usw.) an, um die Lebensdauer und die stabile Arbeitsleistung der Ausr\u00fcstung zu gew\u00e4hrleisten, sind multifunktionale Designs f\u00f6rderlicher zur Verbesserung der Ger\u00e4tesicherheit<\/p>\n<p>Technische Merkmale<\/p>\n<p>1.Crawler-Design, hydraulischer Antrieb f\u00fcr alle Maschinenfunktionen, wird die Ausr\u00fcstung durch Fernbedienung und hydraulischen Griff (pilot gesteuertes elektro-hydraulisches Verh\u00e4ltnis) zum Gehen betrieben, sicherstellen Sie die Sicherheit des Personals w\u00e4hrend der Bewegung der Ausr\u00fcstung.<\/p>\n<p>2.Side Schiebefang Stromkopf, schnell freigeben Sie die Lochposition f\u00fcr Kern Extraktion Betrieb, h\u00f6here Sicherheit und Betriebseffizienz.<\/p>\n<p>3. Das Spannfutter-Klemmen nimmt Stickstoffgasfeder an, um langfristige Freisetzung und Klemmbetrieb zu gew\u00e4hrleisten.<\/p>\n<p>4.Die Kette doppelte Geschwindigkeit Mechanismus stellt sicher, dass die Ausr\u00fcstung hat eine Fahrdistanz von 3200mm, die das Gewicht der Ausr\u00fcstung zu reduzieren.<\/p>\n<p>5.Cummins 4-Zylinder-Dieselmotor erf\u00fcllt die Emissionsnormen und reduziert die Luftverschmutzung.<\/p>\n<p>6. Aluminiumlegierungsmast, leicht, einfach zu installieren und zu demontieren.<\/p>\n<p>7. Die kompakte Karosseriestruktur erleichtert den Umzug von Ausr\u00fcstungen auf engen und steilen Stra\u00dfen.<\/p>\n<p>8. Das einzigartige Design des Hydrauliksystems nimmt lastempfindliche Steuerung f\u00fcr die Haupt- und Hilfssysteme an, und eine gro\u00dfe Anzahl importierter Gewindeeinsteckventilgruppen werden verwendet, mit hoher Integration, einfachem System und hoher Effizienz.<\/p>","protected":false},"excerpt":{"rendered":"<p>Product Concept The diamond rope coring drilling rig is designed specifically for surfacecoring operations,the tracked design facilitates equipment relocation,thistype of drilling rig adopts the current international mainstream hydrauliccomponents (hydraulic pump, motor, hydraulic valve, etc.) to ensure theservice life and stable working performance of the equipment,multiplefunctional designs are more conducive to improving device safety Technical Features [&hellip;]<\/p>\n","protected":false},"featured_media":3419,"comment_status":"closed","ping_status":"closed","template":"","meta":{"_acf_changed":false},"product_brand":[],"product_cat":[72],"product_tag":[],"class_list":{"0":"post-2659","1":"product","2":"type-product","3":"status-publish","4":"has-post-thumbnail","6":"product_cat-surface-core-drilling-rig","8":"first","9":"instock","10":"shipping-taxable","11":"product-type-simple"},"acf":[],"_links":{"self":[{"href":"https:\/\/www.thedrillstore.com\/de\/wp-json\/wp\/v2\/product\/2659","targetHints":{"allow":["GET"]}}],"collection":[{"href":"https:\/\/www.thedrillstore.com\/de\/wp-json\/wp\/v2\/product"}],"about":[{"href":"https:\/\/www.thedrillstore.com\/de\/wp-json\/wp\/v2\/types\/product"}],"replies":[{"embeddable":true,"href":"https:\/\/www.thedrillstore.com\/de\/wp-json\/wp\/v2\/comments?post=2659"}],"wp:featuredmedia":[{"embeddable":true,"href":"https:\/\/www.thedrillstore.com\/de\/wp-json\/wp\/v2\/media\/3419"}],"wp:attachment":[{"href":"https:\/\/www.thedrillstore.com\/de\/wp-json\/wp\/v2\/media?parent=2659"}],"wp:term":[{"taxonomy":"product_brand","embeddable":true,"href":"https:\/\/www.thedrillstore.com\/de\/wp-json\/wp\/v2\/product_brand?post=2659"},{"taxonomy":"product_cat","embeddable":true,"href":"https:\/\/www.thedrillstore.com\/de\/wp-json\/wp\/v2\/product_cat?post=2659"},{"taxonomy":"product_tag","embeddable":true,"href":"https:\/\/www.thedrillstore.com\/de\/wp-json\/wp\/v2\/product_tag?post=2659"}],"curies":[{"name":"wp","href":"https:\/\/api.w.org\/{rel}","templated":true}]}}