{"id":1049,"date":"2024-03-28T17:15:28","date_gmt":"2024-03-28T09:15:28","guid":{"rendered":"http:\/\/www.thedrillstore.com\/?post_type=product&#038;p=1049"},"modified":"2026-01-11T13:06:58","modified_gmt":"2026-01-11T05:06:58","slug":"tds-d3-full-hydraulic-dth-drilling-rig-drilling-range90130mm","status":"publish","type":"product","link":"https:\/\/www.thedrillstore.com\/es\/product\/tds-d3-full-hydraulic-dth-drilling-rig-drilling-range90130mm\/","title":{"rendered":"TDS 720 Full Hydraulic DTH Drilling Rig"},"content":{"rendered":"<p><strong>Sistema de alimentaci\u00f3n<\/strong><\/p>\n<p>Potente, suministro de energ\u00eda r\u00e1pido, alta velocidad, mejora la eficiencia de las im\u00e1genes.<\/p>\n<p><strong>Rotario <\/strong><strong>S<\/strong><strong>sistema<\/strong><\/p>\n<p>Potencia de rotaci\u00f3n sin pasos de gran torsi\u00f3n ajustable, estable y de larga duraci\u00f3n, adecuada para diversas condiciones de trabajo de roca.<\/p>\n<p><strong>Sistema de caminata<\/strong><\/p>\n<p>Mecanismo de desplazamiento hidr\u00e1ulico desmontable de dos velocidades. Dispositivo de nivelaci\u00f3n autom\u00e1tica, puede caminar sin problemas y atravesar diversos terrenos complejos.<\/p>\n<p><strong>Consola<\/strong><\/p>\n<p>Equipado con m\u00faltiples alarmas de falla, intuitivo y f\u00e1cil de mantener.<\/p>\n<p><strong>Colector de polvo hidr\u00e1ulico<\/strong><\/p>\n<p>Colector de polvo seco est\u00e1ndar de dos etapas Aspiradora de alta potencia, 16 \u33a1 \u00c1rea de filtro Capucha de polvo extra\u00edble para el polvo preciso en superficies de trabajo \u00e1speras.<\/p>\n<p><strong>Sistema de alimentaci\u00f3n<\/strong><\/p>\n<p>Equipado con motor diesel Cummins, potente y cumple con las normas nacionales de emisiones IV. Alta presi\u00f3n del viento y compresor de aire de gran desplazamiento, alta relaci\u00f3n de eficiencia energ\u00e9tica.<\/p>\n<p><img fetchpriority=\"high\" decoding=\"async\" class=\"alignnone size-full wp-image-3582\" src=\"http:\/\/www.thedrillstore.com\/wp-content\/uploads\/2024\/03\/TDS-Surface-Drilling-Rig-9-scaled.webp\" alt=\"\" width=\"2560\" height=\"1737\" srcset=\"https:\/\/www.thedrillstore.com\/wp-content\/uploads\/2024\/03\/TDS-Surface-Drilling-Rig-9-scaled.webp 2560w, https:\/\/www.thedrillstore.com\/wp-content\/uploads\/2024\/03\/TDS-Surface-Drilling-Rig-9-300x204.webp 300w, https:\/\/www.thedrillstore.com\/wp-content\/uploads\/2024\/03\/TDS-Surface-Drilling-Rig-9-1024x695.webp 1024w, https:\/\/www.thedrillstore.com\/wp-content\/uploads\/2024\/03\/TDS-Surface-Drilling-Rig-9-768x521.webp 768w, https:\/\/www.thedrillstore.com\/wp-content\/uploads\/2024\/03\/TDS-Surface-Drilling-Rig-9-1536x1042.webp 1536w, https:\/\/www.thedrillstore.com\/wp-content\/uploads\/2024\/03\/TDS-Surface-Drilling-Rig-9-2048x1390.webp 2048w, https:\/\/www.thedrillstore.com\/wp-content\/uploads\/2024\/03\/TDS-Surface-Drilling-Rig-9-18x12.webp 18w, https:\/\/www.thedrillstore.com\/wp-content\/uploads\/2024\/03\/TDS-Surface-Drilling-Rig-9-600x407.webp 600w\" sizes=\"(max-width: 2560px) 100vw, 2560px\" \/><\/p>","protected":false},"excerpt":{"rendered":"<p>Feed System Powerful, fast energy supply,high speed, improves\u00a0footage\u00a0efficiency. Rotary System Large-torque stepless speed-adjustable,stable and long-lasting rotational\u00a0power, suitable for various rock\u00a0working conditions. Walking System Two-speed detachable\u00a0hydraulic traveling mechanism. Automatic leveling device,\u00a0can walk smoothly and\u00a0 traverse various complex terrains. Console Equipped with multiple\u00a0fault alarms, intuitive\u00a0and easy to maintain. Hydraulic Dust Collector Standard two-stage dry dust collector High-power [&hellip;]<\/p>\n","protected":false},"featured_media":3160,"comment_status":"closed","ping_status":"closed","template":"","meta":{"_acf_changed":false},"product_brand":[],"product_cat":[19],"product_tag":[],"class_list":{"0":"post-1049","1":"product","2":"type-product","3":"status-publish","4":"has-post-thumbnail","6":"product_cat-full-hydraulic-dth-drilling-rig","8":"first","9":"instock","10":"shipping-taxable","11":"product-type-simple"},"acf":[],"_links":{"self":[{"href":"https:\/\/www.thedrillstore.com\/es\/wp-json\/wp\/v2\/product\/1049","targetHints":{"allow":["GET"]}}],"collection":[{"href":"https:\/\/www.thedrillstore.com\/es\/wp-json\/wp\/v2\/product"}],"about":[{"href":"https:\/\/www.thedrillstore.com\/es\/wp-json\/wp\/v2\/types\/product"}],"replies":[{"embeddable":true,"href":"https:\/\/www.thedrillstore.com\/es\/wp-json\/wp\/v2\/comments?post=1049"}],"wp:featuredmedia":[{"embeddable":true,"href":"https:\/\/www.thedrillstore.com\/es\/wp-json\/wp\/v2\/media\/3160"}],"wp:attachment":[{"href":"https:\/\/www.thedrillstore.com\/es\/wp-json\/wp\/v2\/media?parent=1049"}],"wp:term":[{"taxonomy":"product_brand","embeddable":true,"href":"https:\/\/www.thedrillstore.com\/es\/wp-json\/wp\/v2\/product_brand?post=1049"},{"taxonomy":"product_cat","embeddable":true,"href":"https:\/\/www.thedrillstore.com\/es\/wp-json\/wp\/v2\/product_cat?post=1049"},{"taxonomy":"product_tag","embeddable":true,"href":"https:\/\/www.thedrillstore.com\/es\/wp-json\/wp\/v2\/product_tag?post=1049"}],"curies":[{"name":"wp","href":"https:\/\/api.w.org\/{rel}","templated":true}]}}