{"id":1128,"date":"2024-03-28T17:37:24","date_gmt":"2024-03-28T09:37:24","guid":{"rendered":"http:\/\/www.thedrillstore.com\/?post_type=product&#038;p=1128"},"modified":"2024-04-11T14:57:00","modified_gmt":"2024-04-11T06:57:00","slug":"tds-th500-full-hydraulic-surface-top-hammer-drilling-rig-drilling-range-6090mm","status":"publish","type":"product","link":"https:\/\/www.thedrillstore.com\/es\/product\/tds-th500-full-hydraulic-surface-top-hammer-drilling-rig-drilling-range-6090mm\/","title":{"rendered":"Plataforma de perforaci\u00f3n de martillo superior hidr\u00e1ulica TDS-TH500"},"content":{"rendered":"<p>Rig Rango de perforaci\u00f3n aplicable: 60-90mm<\/p>\n<p>La plataforma de perforaci\u00f3n de martillo superior de superficie hidr\u00e1ulica completa TH500 adopta un motor di\u00e9sel de alta potencia con una fuerte potencia, que puede satisfacer f\u00e1cilmente los requisitos de potencia de condiciones de trabajo duras como alta altitud y fr\u00edo extremo; equipado con taladro de roca de alta presi\u00f3n de alta potencia Atlas Copco, tiene una alta eficiencia de perforaci\u00f3n. Este producto es ampliamente utilizado en la excavaci\u00f3n de trabajos de tierra en minas a cielo abierto y proyectos de construcci\u00f3n, operaciones de perforaci\u00f3n como la recuperaci\u00f3n de canteras y el tratamiento de pendientes.<\/p>\n<p><strong>Sistema de alimentaci\u00f3n<\/strong><\/p>\n<p>El motor di\u00e9sel turboalimentado de alta potencia est\u00e1ndar nacional III proporciona suficiente reserva de marcha para todo el veh\u00edculo, lo que hace que la plataforma de perforaci\u00f3n sea m\u00e1s adaptable a entornos de trabajo duros como alta altitud y fr\u00edo extremo.<\/p>\n<p><strong>Sistema de chasis<\/strong><\/p>\n<p>El chasis de desplazamiento tipo orugas est\u00e1 equipado con un sistema de tracci\u00f3n de accionamiento hidr\u00e1ulico de dos velocidades de alta potencia y un sistema de ajuste de oscilaci\u00f3n hidr\u00e1ulico, as\u00ed como un dise\u00f1o de ancho del fuselaje de peque\u00f1o tama\u00f1o, lo que hace que la plataforma de perforaci\u00f3n tenga excelente off-road y maniobrabilidad.<\/p>\n<p><strong>Sistema de control<\/strong><\/p>\n<p>El sistema de controlador l\u00f3gico programable tiene alta fiabilidad, instalaci\u00f3n sencilla, mantenimiento conveniente, espacio de expansi\u00f3n de funciones potente y diagn\u00f3stico de fallas f\u00e1cil.<\/p>\n<p><strong>Sistema de seguridad<\/strong><\/p>\n<p>Visualizaci\u00f3n integrada de datos de alarma como temperatura y presi\u00f3n del aceite del motor, temperatura del refrigerante y nivel del agua, temperatura y presi\u00f3n de descarga de aire comprimido y otros dispositivos de seguridad como limpiaparabrisas, medidor de \u00e1ngulo, parada de emergencia e indicaci\u00f3n de carga de bater\u00eda.<\/p>\n<p><strong>Sistema de recogida de polvo en dos etapas<\/strong><\/p>\n<p>El sistema de recogida de polvo seco de dos etapas se puede autolimpiar en l\u00ednea, y el efecto de recogida de polvo es bueno, lo que cumple con los requisitos nacionales de emisi\u00f3n de polvo.<\/p>\n<p><strong>Sistema de viga de empuje<\/strong><\/p>\n<p>La viga de aleaci\u00f3n de aluminio impulsada por el cilindro de aceite y la cuerda de alambre tiene una mayor resistencia y resistencia a la flexi\u00f3n superior, y puede lograr la rectitud de perforaci\u00f3n ideal. En comparaci\u00f3n con los taladros de roca accionados por cadena, el G7 es m\u00e1s estable cuando se perfora. La viga de propulsi\u00f3n est\u00e1 equipada con un sistema mecanizado de cambio de varilla, y el operador puede completar la acci\u00f3n de carga y descarga de varilla en la cabina, reduciendo la intensidad de trabajo, ahorrando costos de mano de obra y mejorando la eficiencia de producci\u00f3n.<\/p>\n<p><strong>Perforador de roca hidr\u00e1ulico<\/strong><\/p>\n<p>Equipado con Epiroc de alta potencia y alta presi\u00f3n dise\u00f1ado por Epiroc Group, tiene alta eficiencia de perforaci\u00f3n, alto y bajo impacto, propulsi\u00f3n de control de presi\u00f3n rotativa, sistema de doble amortiguador y funci\u00f3n anti-bloqueo autom\u00e1tica, para reducir la p\u00e9rdida de herramientas de perforaci\u00f3n y al mismo tiempo realizar diferentes operaciones de roca. m\u00e1s adaptable a la situaci\u00f3n.<\/p>\n<p>&nbsp;<\/p>\n<p><img fetchpriority=\"high\" decoding=\"async\" class=\"aligncenter size-full wp-image-1130\" src=\"http:\/\/www.thedrillstore.com\/wp-content\/uploads\/2024\/03\/TH500-\u9876\u9524\u94bb\u673a-\u53c2\u6570-scaled.jpg\" alt=\"\" width=\"1838\" height=\"2560\" srcset=\"https:\/\/www.thedrillstore.com\/wp-content\/uploads\/2024\/03\/TH500-\u9876\u9524\u94bb\u673a-\u53c2\u6570-scaled.jpg 1838w, https:\/\/www.thedrillstore.com\/wp-content\/uploads\/2024\/03\/TH500-\u9876\u9524\u94bb\u673a-\u53c2\u6570-215x300.jpg 215w, https:\/\/www.thedrillstore.com\/wp-content\/uploads\/2024\/03\/TH500-\u9876\u9524\u94bb\u673a-\u53c2\u6570-735x1024.jpg 735w, https:\/\/www.thedrillstore.com\/wp-content\/uploads\/2024\/03\/TH500-\u9876\u9524\u94bb\u673a-\u53c2\u6570-768x1070.jpg 768w, https:\/\/www.thedrillstore.com\/wp-content\/uploads\/2024\/03\/TH500-\u9876\u9524\u94bb\u673a-\u53c2\u6570-1103x1536.jpg 1103w, https:\/\/www.thedrillstore.com\/wp-content\/uploads\/2024\/03\/TH500-\u9876\u9524\u94bb\u673a-\u53c2\u6570-1471x2048.jpg 1471w, https:\/\/www.thedrillstore.com\/wp-content\/uploads\/2024\/03\/TH500-\u9876\u9524\u94bb\u673a-\u53c2\u6570-600x836.jpg 600w\" sizes=\"(max-width: 1838px) 100vw, 1838px\" \/><\/p>","protected":false},"excerpt":{"rendered":"<h4><strong>Di\u00e1metro del agujero: 60 ~ 90mm<\/strong><\/h4>\n<ul>\n<li>Alta eficiencia de perforaci\u00f3n Atlas Copco.<\/li>\n<li>Alta resistencia y s\u00faper resistencia a la flexi\u00f3n.<\/li>\n<li>Buen efecto de recogida de polvo.<\/li>\n<li>Motor diesel Cummins y bomba hidr\u00e1ulica Danfoss.<\/li>\n<li>Sistema de ajuste de oscilaci\u00f3n hidr\u00e1ulico (DOOSAN).<\/li>\n<\/ul>","protected":false},"featured_media":1132,"comment_status":"open","ping_status":"closed","template":"","meta":{"_acf_changed":false},"product_brand":[],"product_cat":[18],"product_tag":[],"class_list":{"0":"post-1128","1":"product","2":"type-product","3":"status-publish","4":"has-post-thumbnail","6":"product_cat-full-hydraulic-top-hammer-drilling-rig","8":"first","9":"instock","10":"shipping-taxable","11":"product-type-simple"},"acf":[],"_links":{"self":[{"href":"https:\/\/www.thedrillstore.com\/es\/wp-json\/wp\/v2\/product\/1128","targetHints":{"allow":["GET"]}}],"collection":[{"href":"https:\/\/www.thedrillstore.com\/es\/wp-json\/wp\/v2\/product"}],"about":[{"href":"https:\/\/www.thedrillstore.com\/es\/wp-json\/wp\/v2\/types\/product"}],"replies":[{"embeddable":true,"href":"https:\/\/www.thedrillstore.com\/es\/wp-json\/wp\/v2\/comments?post=1128"}],"wp:featuredmedia":[{"embeddable":true,"href":"https:\/\/www.thedrillstore.com\/es\/wp-json\/wp\/v2\/media\/1132"}],"wp:attachment":[{"href":"https:\/\/www.thedrillstore.com\/es\/wp-json\/wp\/v2\/media?parent=1128"}],"wp:term":[{"taxonomy":"product_brand","embeddable":true,"href":"https:\/\/www.thedrillstore.com\/es\/wp-json\/wp\/v2\/product_brand?post=1128"},{"taxonomy":"product_cat","embeddable":true,"href":"https:\/\/www.thedrillstore.com\/es\/wp-json\/wp\/v2\/product_cat?post=1128"},{"taxonomy":"product_tag","embeddable":true,"href":"https:\/\/www.thedrillstore.com\/es\/wp-json\/wp\/v2\/product_tag?post=1128"}],"curies":[{"name":"wp","href":"https:\/\/api.w.org\/{rel}","templated":true}]}}