{"id":1186,"date":"2024-03-28T17:57:20","date_gmt":"2024-03-28T09:57:20","guid":{"rendered":"http:\/\/www.thedrillstore.com\/?post_type=product&#038;p=1186"},"modified":"2024-04-22T17:50:55","modified_gmt":"2024-04-22T09:50:55","slug":"tds-c850-22bar-air-compressor-for-drilling-holes","status":"publish","type":"product","link":"https:\/\/www.thedrillstore.com\/es\/product\/tds-c850-22bar-air-compressor-for-drilling-holes\/","title":{"rendered":"Compresor de aire TDS C850"},"content":{"rendered":"<ul>\n<li>Bajo sonido de funcionamiento y dise\u00f1o con menos vibraciones.<\/li>\n<li>F\u00e1cil servicio.<\/li>\n<li>Bajo consumo de combustible para realizar el uso al aire libre de larga distancia; Sistema de protecci\u00f3n completo, ahorro de energ\u00eda.<\/li>\n<li>Extremo de aire de alta eficiencia:<br \/>\nEl rotor de gran di\u00e1metro, extremo de aire se conecta con el motor di\u00e9sel a trav\u00e9s del acoplamiento y sin engranaje de reducci\u00f3n dentro, m\u00e1s fiabilidad, el<br \/>\nvelocidad de rotaci\u00f3n es la misma con el motor di\u00e9sel&#8217; s, vida \u00fatil m\u00e1s larga.<\/li>\n<li>\u00a0Motor diesel de marca famosa:<br \/>\nSeleccione el motor di\u00e9sel de la marca Cummins o Yuchai, satisfaga el requisito de emisi\u00f3n de Europa, bajo consumo de aceite, sistema de servicio posventa en toda China.<\/li>\n<li>\u00a0Buena adaptabilidad:<br \/>\nEl compresor de aire port\u00e1til controla autom\u00e1ticamente la entrega de aire del motor di\u00e9sel al corresponder a la demanda de consumo de aire, que es igual al control de conversi\u00f3n de frecuencia en el compresor de aire de tornillo de potencia del motor.<\/li>\n<\/ul>","protected":false},"excerpt":{"rendered":"<h4 style=\"text-align: left;\"><strong>Presi\u00f3n 22Bar<\/strong><\/h4>\n<ul>\n<li>Bajo sonido de funcionamiento y dise\u00f1o con menos vibraciones.<\/li>\n<li>F\u00e1cil servicio.<\/li>\n<li>Bajo consumo de combustible, ahorro de energ\u00eda.<\/li>\n<li>Extremo de aire de alta eficiencia:<\/li>\n<li>Motor diesel de marca famosa:<\/li>\n<li>Buena adaptabilidad:<\/li>\n<\/ul>","protected":false},"featured_media":2062,"comment_status":"open","ping_status":"closed","template":"","meta":{"_acf_changed":false},"product_brand":[],"product_cat":[24],"product_tag":[],"class_list":{"0":"post-1186","1":"product","2":"type-product","3":"status-publish","4":"has-post-thumbnail","6":"product_cat-air-compressors","8":"first","9":"instock","10":"shipping-taxable","11":"product-type-simple"},"acf":[],"_links":{"self":[{"href":"https:\/\/www.thedrillstore.com\/es\/wp-json\/wp\/v2\/product\/1186","targetHints":{"allow":["GET"]}}],"collection":[{"href":"https:\/\/www.thedrillstore.com\/es\/wp-json\/wp\/v2\/product"}],"about":[{"href":"https:\/\/www.thedrillstore.com\/es\/wp-json\/wp\/v2\/types\/product"}],"replies":[{"embeddable":true,"href":"https:\/\/www.thedrillstore.com\/es\/wp-json\/wp\/v2\/comments?post=1186"}],"wp:featuredmedia":[{"embeddable":true,"href":"https:\/\/www.thedrillstore.com\/es\/wp-json\/wp\/v2\/media\/2062"}],"wp:attachment":[{"href":"https:\/\/www.thedrillstore.com\/es\/wp-json\/wp\/v2\/media?parent=1186"}],"wp:term":[{"taxonomy":"product_brand","embeddable":true,"href":"https:\/\/www.thedrillstore.com\/es\/wp-json\/wp\/v2\/product_brand?post=1186"},{"taxonomy":"product_cat","embeddable":true,"href":"https:\/\/www.thedrillstore.com\/es\/wp-json\/wp\/v2\/product_cat?post=1186"},{"taxonomy":"product_tag","embeddable":true,"href":"https:\/\/www.thedrillstore.com\/es\/wp-json\/wp\/v2\/product_tag?post=1186"}],"curies":[{"name":"wp","href":"https:\/\/api.w.org\/{rel}","templated":true}]}}