{"id":1235,"date":"2024-03-28T18:09:24","date_gmt":"2024-03-28T10:09:24","guid":{"rendered":"http:\/\/www.thedrillstore.com\/?post_type=product&#038;p=1235"},"modified":"2024-04-23T13:48:34","modified_gmt":"2024-04-23T05:48:34","slug":"tapered-rods","status":"publish","type":"product","link":"https:\/\/www.thedrillstore.com\/es\/product\/tapered-rods\/","title":{"rendered":"Varillas c\u00f3nicas"},"content":{"rendered":"<p><strong>Varillas de perforaci\u00f3n c\u00f3nicas<\/strong><\/p>\n<p>Con un lado conectado al taladro de roca y el otro lado conectado con la broca de perforaci\u00f3n c\u00f3nica, la varilla de perforaci\u00f3n c\u00f3nica transmite energ\u00eda desde la broca de roca a la broca, por lo que se realiza el trabajo de perforaci\u00f3n. La barra de perforaci\u00f3n c\u00f3nica es un desarrollo adicional de las barras de perforaci\u00f3n integrales. Por lo general tiene un collar forjado para mantener la posici\u00f3n adecuada de la cara de golpe del v\u00e1stago en el taladro de roca.Las longitudes efectivas de la varilla de taladro c\u00f3nica se miden desde el collar hasta el extremo de la broca, que son generalmente de 0,6 metros a 3,6 metros.<\/p>\n<p><strong>Par\u00e1metros de las varillas de perforaci\u00f3n c\u00f3nicas<\/strong><\/p>\n<ul>\n<li>Tama\u00f1os del v\u00e1stago: Hex.19mm, Hex. 22mm, Hex.25mm<\/li>\n<li>Grados c\u00f3nicos: 4\u00b046', 6\u00b0, 7\u00b0, 11\u00b0, 12\u00b0.<\/li>\n<li>Longitud: 400 &#8211; 8000 mm.<\/li>\n<\/ul>\n<p><strong>Varillas de perforaci\u00f3n c\u00f3nicas Caracter\u00edsticas<\/strong><\/p>\n<ul>\n<li>El proceso de carburaci\u00f3n se aplica para promover la dureza de la superficie, lo que otorga una mejor calidad de desgaste y vida \u00fatil para las varillas de perforaci\u00f3n;<\/li>\n<li>23CrNi3Mo, que est\u00e1 en la misma liga que Sandvik Sandbar 64, se aplica como material de barra de perforaci\u00f3n.<\/li>\n<li>Rentable, buen rendimiento con precio razonable.<\/li>\n<li>Tipos completos de barra de perforaci\u00f3n para varios escenarios de perforaci\u00f3n.<\/li>\n<\/ul>\n<p><strong>Varillas de perforaci\u00f3n c\u00f3nicas Aplicaciones<\/strong><\/p>\n<p>Trabajos de perforaci\u00f3n en t\u00faneles, construcci\u00f3n, miner\u00eda, canteras, etc.<\/p>","protected":false},"excerpt":{"rendered":"<ul>\n<li>Rentable, buen rendimiento con precio razonable.<\/li>\n<li>Tipos completos de barra de perforaci\u00f3n para varios escenarios de perforaci\u00f3n.<\/li>\n<\/ul>","protected":false},"featured_media":1239,"comment_status":"open","ping_status":"closed","template":"","meta":{"_acf_changed":false},"product_brand":[],"product_cat":[25,71],"product_tag":[],"class_list":{"0":"post-1235","1":"product","2":"type-product","3":"status-publish","4":"has-post-thumbnail","6":"product_cat-rock-tools","7":"product_cat-top-hammer-drilling-tools","9":"first","10":"instock","11":"shipping-taxable","12":"product-type-simple"},"acf":[],"_links":{"self":[{"href":"https:\/\/www.thedrillstore.com\/es\/wp-json\/wp\/v2\/product\/1235","targetHints":{"allow":["GET"]}}],"collection":[{"href":"https:\/\/www.thedrillstore.com\/es\/wp-json\/wp\/v2\/product"}],"about":[{"href":"https:\/\/www.thedrillstore.com\/es\/wp-json\/wp\/v2\/types\/product"}],"replies":[{"embeddable":true,"href":"https:\/\/www.thedrillstore.com\/es\/wp-json\/wp\/v2\/comments?post=1235"}],"wp:featuredmedia":[{"embeddable":true,"href":"https:\/\/www.thedrillstore.com\/es\/wp-json\/wp\/v2\/media\/1239"}],"wp:attachment":[{"href":"https:\/\/www.thedrillstore.com\/es\/wp-json\/wp\/v2\/media?parent=1235"}],"wp:term":[{"taxonomy":"product_brand","embeddable":true,"href":"https:\/\/www.thedrillstore.com\/es\/wp-json\/wp\/v2\/product_brand?post=1235"},{"taxonomy":"product_cat","embeddable":true,"href":"https:\/\/www.thedrillstore.com\/es\/wp-json\/wp\/v2\/product_cat?post=1235"},{"taxonomy":"product_tag","embeddable":true,"href":"https:\/\/www.thedrillstore.com\/es\/wp-json\/wp\/v2\/product_tag?post=1235"}],"curies":[{"name":"wp","href":"https:\/\/api.w.org\/{rel}","templated":true}]}}