{"id":1241,"date":"2024-03-28T18:11:21","date_gmt":"2024-03-28T10:11:21","guid":{"rendered":"http:\/\/www.thedrillstore.com\/?post_type=product&#038;p=1241"},"modified":"2024-04-23T13:48:28","modified_gmt":"2024-04-23T05:48:28","slug":"mf-mm-rods","status":"publish","type":"product","link":"https:\/\/www.thedrillstore.com\/es\/product\/mf-mm-rods\/","title":{"rendered":"MF &#038; varillas MM"},"content":{"rendered":"<p><strong>Varillas de taladro de extensi\u00f3n<\/strong><\/p>\n<p>La varilla de perforaci\u00f3n de extensi\u00f3n transmite energ\u00eda del pist\u00f3n de perforaci\u00f3n de roca a roca, un lado de la varilla est\u00e1 conectado al adaptador de acoplamiento o v\u00e1stago, mientras que el otro lado est\u00e1 conectado con la varilla de perforaci\u00f3n roscada.<\/p>\n<p><strong>Par\u00e1metros de varillas de taladro de extensi\u00f3n<\/strong><\/p>\n<ul>\n<li>Tama\u00f1o de rosca: R32, R38, T38, T45, T51.<\/li>\n<li>Tama\u00f1o de la varilla: Ronda 32, Ronda 39, Ronda 46, Ronda 52.<\/li>\n<li>Longitud: 600mm a 6059mm.<\/li>\n<li>Ranura para llave: con o sin<\/li>\n<\/ul>\n<p><strong>Extensi\u00f3n taladro RExtExtensi\u00f3n taladro varillas Caracter\u00edsticas<\/strong><\/p>\n<ul>\n<li>El proceso de carburaci\u00f3n se aplica para promover la dureza de la superficie, lo que otorga una mejor calidad de desgaste y vida \u00fatil para las varillas de perforaci\u00f3n;<\/li>\n<li>23CrNi3Mo, que est\u00e1 en la misma liga que Sandvik Sandbar 64, se aplica como material de barra de perforaci\u00f3n.<\/li>\n<li>Rentable, buen rendimiento con precio razonable.<\/li>\n<li>Tipos completos de barra de perforaci\u00f3n para varios escenarios de perforaci\u00f3n.<\/li>\n<\/ul>\n<p><strong>Aplicaciones de varillas de perforaci\u00f3n de extensi\u00f3n<\/strong><\/p>\n<p>Trabajos de perforaci\u00f3n en t\u00faneles, construcci\u00f3n, miner\u00eda, canteras, etc.<\/p>","protected":false},"excerpt":{"rendered":"<ul>\n<li>Rentable, buen rendimiento con precio razonable.<\/li>\n<li>Tipos completos de barra de perforaci\u00f3n para varios escenarios de perforaci\u00f3n.<\/li>\n<\/ul>","protected":false},"featured_media":1243,"comment_status":"open","ping_status":"closed","template":"","meta":{"_acf_changed":false},"product_brand":[],"product_cat":[25,71],"product_tag":[],"class_list":{"0":"post-1241","1":"product","2":"type-product","3":"status-publish","4":"has-post-thumbnail","6":"product_cat-rock-tools","7":"product_cat-top-hammer-drilling-tools","9":"first","10":"instock","11":"shipping-taxable","12":"product-type-simple"},"acf":[],"_links":{"self":[{"href":"https:\/\/www.thedrillstore.com\/es\/wp-json\/wp\/v2\/product\/1241","targetHints":{"allow":["GET"]}}],"collection":[{"href":"https:\/\/www.thedrillstore.com\/es\/wp-json\/wp\/v2\/product"}],"about":[{"href":"https:\/\/www.thedrillstore.com\/es\/wp-json\/wp\/v2\/types\/product"}],"replies":[{"embeddable":true,"href":"https:\/\/www.thedrillstore.com\/es\/wp-json\/wp\/v2\/comments?post=1241"}],"wp:featuredmedia":[{"embeddable":true,"href":"https:\/\/www.thedrillstore.com\/es\/wp-json\/wp\/v2\/media\/1243"}],"wp:attachment":[{"href":"https:\/\/www.thedrillstore.com\/es\/wp-json\/wp\/v2\/media?parent=1241"}],"wp:term":[{"taxonomy":"product_brand","embeddable":true,"href":"https:\/\/www.thedrillstore.com\/es\/wp-json\/wp\/v2\/product_brand?post=1241"},{"taxonomy":"product_cat","embeddable":true,"href":"https:\/\/www.thedrillstore.com\/es\/wp-json\/wp\/v2\/product_cat?post=1241"},{"taxonomy":"product_tag","embeddable":true,"href":"https:\/\/www.thedrillstore.com\/es\/wp-json\/wp\/v2\/product_tag?post=1241"}],"curies":[{"name":"wp","href":"https:\/\/api.w.org\/{rel}","templated":true}]}}