{"id":1246,"date":"2024-03-28T18:13:32","date_gmt":"2024-03-28T10:13:32","guid":{"rendered":"http:\/\/www.thedrillstore.com\/?post_type=product&#038;p=1246"},"modified":"2024-04-23T13:48:22","modified_gmt":"2024-04-23T05:48:22","slug":"integral-drill-rods","status":"publish","type":"product","link":"https:\/\/www.thedrillstore.com\/es\/product\/integral-drill-rods\/","title":{"rendered":"Varillas de taladro integrales"},"content":{"rendered":"<p><strong>Varillas de taladro integrales<\/strong><\/p>\n<p>Las varillas de perforaci\u00f3n integrales son ideales en la perforaci\u00f3n de agujeros peque\u00f1os, todas las varillas de perforaci\u00f3n integrales consisten en Hex. varillas con cabezales de bits en forma de cincel de carburo cementado integrado. Con los mismos aceros que Sandvik y los mejores carburos hechos en China, estamos suministrando diferentes longitudes de varillas de perforaci\u00f3n integrales con diferentes di\u00e1metros de cabeza.<\/p>\n<p><strong>Par\u00e1metros de varillas de perforaci\u00f3n integrales<\/strong><\/p>\n<ul>\n<li>Tama\u00f1o del v\u00e1stago: Hex.19 x 108mm, Hex.22 x 108mm, Hex.19 x 82mm<\/li>\n<li>Di\u00e1metro de cabeza: 26mm a 42mm.<\/li>\n<li>Longitud: 400 &#8211; 8000 mm.<\/li>\n<\/ul>\n<p><strong>Caracter\u00edsticas de las varillas de perforaci\u00f3n integrales<\/strong><\/p>\n<ul>\n<li>El proceso de carburaci\u00f3n se aplica para promover la dureza de la superficie, lo que otorga una mejor calidad de desgaste y vida \u00fatil para las varillas de perforaci\u00f3n;<\/li>\n<li>23CrNi3Mo, que est\u00e1 en la misma liga que Sandvik Sandbar 64, se aplica como material de barra de perforaci\u00f3n.<\/li>\n<li>Rentable, buen rendimiento con precio razonable.<\/li>\n<li>Tipos completos de barra de perforaci\u00f3n para varios escenarios de perforaci\u00f3n.<\/li>\n<\/ul>\n<p><img fetchpriority=\"high\" decoding=\"async\" class=\"aligncenter size-full wp-image-1252\" src=\"http:\/\/www.thedrillstore.com\/wp-content\/uploads\/2024\/03\/jkij.png\" alt=\"\" width=\"1137\" height=\"488\" srcset=\"https:\/\/www.thedrillstore.com\/wp-content\/uploads\/2024\/03\/jkij.png 1137w, https:\/\/www.thedrillstore.com\/wp-content\/uploads\/2024\/03\/jkij-300x129.png 300w, https:\/\/www.thedrillstore.com\/wp-content\/uploads\/2024\/03\/jkij-1024x440.png 1024w, https:\/\/www.thedrillstore.com\/wp-content\/uploads\/2024\/03\/jkij-768x330.png 768w, https:\/\/www.thedrillstore.com\/wp-content\/uploads\/2024\/03\/jkij-600x258.png 600w\" sizes=\"(max-width: 1137px) 100vw, 1137px\" \/><\/p>\n<p>&nbsp;<\/p>\n<p><strong>Aplicaciones<\/strong><\/p>\n<p>Trabajos de perforaci\u00f3n en t\u00faneles, construcci\u00f3n, miner\u00eda, canteras, etc.<\/p>","protected":false},"excerpt":{"rendered":"<ul>\n<li>Rentable, buen rendimiento con precio razonable.<\/li>\n<li>Tipos completos de barra de perforaci\u00f3n para varios escenarios de perforaci\u00f3n.<\/li>\n<\/ul>","protected":false},"featured_media":1250,"comment_status":"open","ping_status":"closed","template":"","meta":{"_acf_changed":false},"product_brand":[],"product_cat":[25,71],"product_tag":[],"class_list":{"0":"post-1246","1":"product","2":"type-product","3":"status-publish","4":"has-post-thumbnail","6":"product_cat-rock-tools","7":"product_cat-top-hammer-drilling-tools","9":"first","10":"instock","11":"shipping-taxable","12":"product-type-simple"},"acf":[],"_links":{"self":[{"href":"https:\/\/www.thedrillstore.com\/es\/wp-json\/wp\/v2\/product\/1246","targetHints":{"allow":["GET"]}}],"collection":[{"href":"https:\/\/www.thedrillstore.com\/es\/wp-json\/wp\/v2\/product"}],"about":[{"href":"https:\/\/www.thedrillstore.com\/es\/wp-json\/wp\/v2\/types\/product"}],"replies":[{"embeddable":true,"href":"https:\/\/www.thedrillstore.com\/es\/wp-json\/wp\/v2\/comments?post=1246"}],"wp:featuredmedia":[{"embeddable":true,"href":"https:\/\/www.thedrillstore.com\/es\/wp-json\/wp\/v2\/media\/1250"}],"wp:attachment":[{"href":"https:\/\/www.thedrillstore.com\/es\/wp-json\/wp\/v2\/media?parent=1246"}],"wp:term":[{"taxonomy":"product_brand","embeddable":true,"href":"https:\/\/www.thedrillstore.com\/es\/wp-json\/wp\/v2\/product_brand?post=1246"},{"taxonomy":"product_cat","embeddable":true,"href":"https:\/\/www.thedrillstore.com\/es\/wp-json\/wp\/v2\/product_cat?post=1246"},{"taxonomy":"product_tag","embeddable":true,"href":"https:\/\/www.thedrillstore.com\/es\/wp-json\/wp\/v2\/product_tag?post=1246"}],"curies":[{"name":"wp","href":"https:\/\/api.w.org\/{rel}","templated":true}]}}