{"id":1253,"date":"2024-03-28T18:16:44","date_gmt":"2024-03-28T10:16:44","guid":{"rendered":"http:\/\/www.thedrillstore.com\/?post_type=product&#038;p=1253"},"modified":"2024-04-23T13:48:16","modified_gmt":"2024-04-23T05:48:16","slug":"coupling-sleeves","status":"publish","type":"product","link":"https:\/\/www.thedrillstore.com\/es\/product\/coupling-sleeves\/","title":{"rendered":"Mangas de acoplamiento"},"content":{"rendered":"<p><strong>Mangas de acoplamiento<\/strong><\/p>\n<p>El acoplamiento se utiliza para conectar el adaptador de v\u00e1stago y la varilla de taladro de extensi\u00f3n entre s\u00ed, o para conectar dos varillas de extensi\u00f3n entre s\u00ed. Adem\u00e1s de acoplamientos iguales normales, tambi\u00e9n ofrecemos acoplamientos reductores que son capaces de cambiar el tipo y tama\u00f1o de rosca. Los acoplamientos que ofrecemos se pueden aplicar para nuestro sistema de perforaci\u00f3n con martillo superior, adecuado para tareas de perforaci\u00f3n en t\u00faneles, construcci\u00f3n, miner\u00eda, canteras, etc.<\/p>\n<p><strong>Par\u00e1metros de mangas de acoplamiento<\/strong><\/p>\n<ul>\n<li>R25, r28, r32, r38, t38, t45, t51<\/li>\n<li>Di\u00e1metro: 35 mm, 40 mm, 45 mm, 55 mm, 63 mm, 66 mm, 72 mm, 76 mm<\/li>\n<li>Longitud: 150mm, 155mm, 170mm, 180mm, 180mm, 190mm, 210mm, 235mm<\/li>\n<li>Tipo de acoplamiento: Semipuente, Puente completo, Adaptador de acoplamiento<\/li>\n<\/ul>\n<p><strong>Mangas de acoplamiento Caracter\u00edsticas<\/strong><\/p>\n<ul>\n<li>Acero de primera calidad como material, CNC de precisi\u00f3n para la fabricaci\u00f3n, precisi\u00f3n y fiabilidad garantizadas;<\/li>\n<li>La alta eficiencia de transmisi\u00f3n otorga una alta eficiencia de perforaci\u00f3n para el sistema de perforaci\u00f3n.<\/li>\n<\/ul>\n<p><strong>Mangas de acoplamiento Aplicaciones<\/strong><\/p>\n<p>Obras de perforaci\u00f3n para trabajos de explosi\u00f3n en t\u00faneler\u00eda, construcci\u00f3n, miner\u00eda, canteras, etc.<\/p>","protected":false},"excerpt":{"rendered":"<p>Acero de primera calidad como material, CNC de precisi\u00f3n para la fabricaci\u00f3n, precisi\u00f3n y fiabilidad garantizadas;<\/p>\n<p>La alta eficiencia de transmisi\u00f3n otorga una alta eficiencia de perforaci\u00f3n para el sistema de perforaci\u00f3n.<\/p>","protected":false},"featured_media":1256,"comment_status":"open","ping_status":"closed","template":"","meta":{"_acf_changed":false},"product_brand":[],"product_cat":[25,71],"product_tag":[],"class_list":{"0":"post-1253","1":"product","2":"type-product","3":"status-publish","4":"has-post-thumbnail","6":"product_cat-rock-tools","7":"product_cat-top-hammer-drilling-tools","9":"first","10":"instock","11":"shipping-taxable","12":"product-type-simple"},"acf":[],"_links":{"self":[{"href":"https:\/\/www.thedrillstore.com\/es\/wp-json\/wp\/v2\/product\/1253","targetHints":{"allow":["GET"]}}],"collection":[{"href":"https:\/\/www.thedrillstore.com\/es\/wp-json\/wp\/v2\/product"}],"about":[{"href":"https:\/\/www.thedrillstore.com\/es\/wp-json\/wp\/v2\/types\/product"}],"replies":[{"embeddable":true,"href":"https:\/\/www.thedrillstore.com\/es\/wp-json\/wp\/v2\/comments?post=1253"}],"wp:featuredmedia":[{"embeddable":true,"href":"https:\/\/www.thedrillstore.com\/es\/wp-json\/wp\/v2\/media\/1256"}],"wp:attachment":[{"href":"https:\/\/www.thedrillstore.com\/es\/wp-json\/wp\/v2\/media?parent=1253"}],"wp:term":[{"taxonomy":"product_brand","embeddable":true,"href":"https:\/\/www.thedrillstore.com\/es\/wp-json\/wp\/v2\/product_brand?post=1253"},{"taxonomy":"product_cat","embeddable":true,"href":"https:\/\/www.thedrillstore.com\/es\/wp-json\/wp\/v2\/product_cat?post=1253"},{"taxonomy":"product_tag","embeddable":true,"href":"https:\/\/www.thedrillstore.com\/es\/wp-json\/wp\/v2\/product_tag?post=1253"}],"curies":[{"name":"wp","href":"https:\/\/api.w.org\/{rel}","templated":true}]}}