{"id":1258,"date":"2024-03-28T18:19:52","date_gmt":"2024-03-28T10:19:52","guid":{"rendered":"http:\/\/www.thedrillstore.com\/?post_type=product&#038;p=1258"},"modified":"2024-04-23T13:48:09","modified_gmt":"2024-04-23T05:48:09","slug":"thread-bits","status":"publish","type":"product","link":"https:\/\/www.thedrillstore.com\/es\/product\/thread-bits\/","title":{"rendered":"Bits de rosca"},"content":{"rendered":"<p><strong>Par\u00e1metros de bits roscados<\/strong><\/p>\n<ul>\n<li>Tama\u00f1o de rosca: R25, R28, SSR28, R32, SSR32, R35, SSR35, R38, T38, T45, T51, SST58, SST68, SGT60;<\/li>\n<li>Di\u00e1metros de la cabeza: 33mm ~ 152mm;<\/li>\n<li>Dise\u00f1os de rostro; cara plana, centro de ca\u00edda, cara \u00fanica;<\/li>\n<\/ul>\n<p><img fetchpriority=\"high\" decoding=\"async\" class=\"aligncenter size-full wp-image-1261\" src=\"http:\/\/www.thedrillstore.com\/wp-content\/uploads\/2024\/03\/dsfe.jpg\" alt=\"\" width=\"1680\" height=\"2010\" srcset=\"https:\/\/www.thedrillstore.com\/wp-content\/uploads\/2024\/03\/dsfe.jpg 1680w, https:\/\/www.thedrillstore.com\/wp-content\/uploads\/2024\/03\/dsfe-251x300.jpg 251w, https:\/\/www.thedrillstore.com\/wp-content\/uploads\/2024\/03\/dsfe-856x1024.jpg 856w, https:\/\/www.thedrillstore.com\/wp-content\/uploads\/2024\/03\/dsfe-768x919.jpg 768w, https:\/\/www.thedrillstore.com\/wp-content\/uploads\/2024\/03\/dsfe-1284x1536.jpg 1284w, https:\/\/www.thedrillstore.com\/wp-content\/uploads\/2024\/03\/dsfe-600x718.jpg 600w\" sizes=\"(max-width: 1680px) 100vw, 1680px\" \/><\/p>\n<p><strong>Caracter\u00edsticas de los bits roscados<\/strong><\/p>\n<ul>\n<li>Los botones de aleaci\u00f3n se montan en caliente en la broca, lo que garantiza la buena precisi\u00f3n y durabilidad de la broca;<\/li>\n<li>Fiabilidad garantizada por materiales de broca de alta calidad y bot\u00f3n de aleaci\u00f3n de alta calidad;<\/li>\n<li>Diferentes tipos dise\u00f1ados para diferentes escenarios de perforaci\u00f3n y condiciones de roca;<\/li>\n<li>Alta velocidad y eficiencia de perforaci\u00f3n;<\/li>\n<li>Rentable, buen rendimiento con precio razonable.<\/li>\n<\/ul>\n<p><strong>Bits de bot\u00f3n roscado Aplicaciones<\/strong><\/p>\n<p>Obras de perforaci\u00f3n para trabajos de explosi\u00f3n en t\u00faneler\u00eda, construcci\u00f3n, miner\u00eda, canteras, etc.<\/p>","protected":false},"excerpt":{"rendered":"<p><strong>Bits roscados<\/strong><\/p>\n<p>Con la m\u00e1xima calidad de aceros de aleaci\u00f3n importados de EE.UU. y los mejores carburos hechos en China, producimos todos los bitos de bot\u00f3n roscado por tecnolog\u00eda de prensa caliente.<\/p>","protected":false},"featured_media":1264,"comment_status":"open","ping_status":"closed","template":"","meta":{"_acf_changed":false},"product_brand":[],"product_cat":[25,71],"product_tag":[],"class_list":{"0":"post-1258","1":"product","2":"type-product","3":"status-publish","4":"has-post-thumbnail","6":"product_cat-rock-tools","7":"product_cat-top-hammer-drilling-tools","9":"first","10":"instock","11":"shipping-taxable","12":"product-type-simple"},"acf":[],"_links":{"self":[{"href":"https:\/\/www.thedrillstore.com\/es\/wp-json\/wp\/v2\/product\/1258","targetHints":{"allow":["GET"]}}],"collection":[{"href":"https:\/\/www.thedrillstore.com\/es\/wp-json\/wp\/v2\/product"}],"about":[{"href":"https:\/\/www.thedrillstore.com\/es\/wp-json\/wp\/v2\/types\/product"}],"replies":[{"embeddable":true,"href":"https:\/\/www.thedrillstore.com\/es\/wp-json\/wp\/v2\/comments?post=1258"}],"wp:featuredmedia":[{"embeddable":true,"href":"https:\/\/www.thedrillstore.com\/es\/wp-json\/wp\/v2\/media\/1264"}],"wp:attachment":[{"href":"https:\/\/www.thedrillstore.com\/es\/wp-json\/wp\/v2\/media?parent=1258"}],"wp:term":[{"taxonomy":"product_brand","embeddable":true,"href":"https:\/\/www.thedrillstore.com\/es\/wp-json\/wp\/v2\/product_brand?post=1258"},{"taxonomy":"product_cat","embeddable":true,"href":"https:\/\/www.thedrillstore.com\/es\/wp-json\/wp\/v2\/product_cat?post=1258"},{"taxonomy":"product_tag","embeddable":true,"href":"https:\/\/www.thedrillstore.com\/es\/wp-json\/wp\/v2\/product_tag?post=1258"}],"curies":[{"name":"wp","href":"https:\/\/api.w.org\/{rel}","templated":true}]}}