{"id":1274,"date":"2024-03-28T18:24:48","date_gmt":"2024-03-28T10:24:48","guid":{"rendered":"http:\/\/www.thedrillstore.com\/?post_type=product&#038;p=1274"},"modified":"2024-04-23T13:47:56","modified_gmt":"2024-04-23T05:47:56","slug":"tapered-drill-bits","status":"publish","type":"product","link":"https:\/\/www.thedrillstore.com\/es\/product\/tapered-drill-bits\/","title":{"rendered":"Perforadores c\u00f3nicos"},"content":{"rendered":"<p><strong>Par\u00e1metros de brocas c\u00f3nicas<\/strong><\/p>\n<ul>\n<li>Di\u00e1metro de bits: 26mm a 60mm;<\/li>\n<li>Grado c\u00f3nico: 4\u00b046', 6\u00b0, 7\u00b0, 11\u00b0, 12\u00b0;<\/li>\n<li>Tama\u00f1os del v\u00e1stago: Hex. 19 mm, Hex, 22 mm y Hex. 25 mm;<\/li>\n<li>Tipo de carburo: Tipo de chisel, tipo de cruz, tipo de bot\u00f3n.<\/li>\n<\/ul>\n<p><img fetchpriority=\"high\" decoding=\"async\" class=\"aligncenter size-full wp-image-1276\" src=\"http:\/\/www.thedrillstore.com\/wp-content\/uploads\/2024\/03\/45.jpg\" alt=\"\" width=\"783\" height=\"762\" srcset=\"https:\/\/www.thedrillstore.com\/wp-content\/uploads\/2024\/03\/45.jpg 783w, https:\/\/www.thedrillstore.com\/wp-content\/uploads\/2024\/03\/45-300x292.jpg 300w, https:\/\/www.thedrillstore.com\/wp-content\/uploads\/2024\/03\/45-768x747.jpg 768w, https:\/\/www.thedrillstore.com\/wp-content\/uploads\/2024\/03\/45-600x584.jpg 600w\" sizes=\"(max-width: 783px) 100vw, 783px\" \/><\/p>\n<p><strong>Caracter\u00edsticas de las brocas c\u00f3nicas<\/strong><\/p>\n<ul>\n<li>Falda est\u00e1 recubierta de zinc para promover la fricci\u00f3n entre la broca y la barra de perforaci\u00f3n, por lo tanto para lograr una mejor eficiencia;<\/li>\n<li>Los botones de aleaci\u00f3n se montan en caliente en la broca, lo que garantiza la buena precisi\u00f3n y durabilidad de la broca;<\/li>\n<li>Fiabilidad garantizada por materiales de broca de alta calidad y bot\u00f3n de aleaci\u00f3n de alta calidad;<\/li>\n<li>Diferentes tipos dise\u00f1ados para diferentes escenarios de perforaci\u00f3n y condiciones de roca;<\/li>\n<li>Econ\u00f3mico, con precio competitivo y razonable, nuestros productos ofrecen una vida \u00fatil del 82% -92% de sus contrapartes de marca famosas.<\/li>\n<\/ul>\n<p><strong>Ventaja de las brocas c\u00f3nicas\u00a0<\/strong><\/p>\n<ol>\n<li>\u00a0Material: 100% virgen materia prima con tama\u00f1o de grano submicron;<br \/>\n2. Grado: Varios grados para la elecci\u00f3n;<br \/>\n3. equipos de producci\u00f3n avanzados y equipos de prueba<br \/>\n4. Precisi\u00f3n tierra y pulido;<br \/>\n5. Alta resistencia al desgaste, alta dureza y resistencia al impacto;<\/li>\n<\/ol>\n<p><strong>Aplicaciones de brocas c\u00f3nicas<\/strong><\/p>\n<p>Las brocas de perforaci\u00f3n c\u00f3nicas est\u00e1n conectadas a barras de perforaci\u00f3n c\u00f3nicas para tareas de perforaci\u00f3n, adecuadas para t\u00faneles, construcci\u00f3n, miner\u00eda, canteras, etc.<\/p>","protected":false},"excerpt":{"rendered":"<p>Las brocas c\u00f3nicas, especialmente las brocas de bot\u00f3n c\u00f3nicas son las brocas c\u00f3nicas m\u00e1s populares con una amplia selecci\u00f3n de di\u00e1metros de cabeza de 26 mm a 48 mm. Con botones de carburo presionados en caliente en las faldas de bits, las bits de botones c\u00f3nicos tienen un buen rendimiento de perforaci\u00f3n y son excelentes en longevidad.<\/p>","protected":false},"featured_media":1278,"comment_status":"open","ping_status":"closed","template":"","meta":{"_acf_changed":false},"product_brand":[],"product_cat":[25,71],"product_tag":[],"class_list":{"0":"post-1274","1":"product","2":"type-product","3":"status-publish","4":"has-post-thumbnail","6":"product_cat-rock-tools","7":"product_cat-top-hammer-drilling-tools","9":"first","10":"instock","11":"shipping-taxable","12":"product-type-simple"},"acf":[],"_links":{"self":[{"href":"https:\/\/www.thedrillstore.com\/es\/wp-json\/wp\/v2\/product\/1274","targetHints":{"allow":["GET"]}}],"collection":[{"href":"https:\/\/www.thedrillstore.com\/es\/wp-json\/wp\/v2\/product"}],"about":[{"href":"https:\/\/www.thedrillstore.com\/es\/wp-json\/wp\/v2\/types\/product"}],"replies":[{"embeddable":true,"href":"https:\/\/www.thedrillstore.com\/es\/wp-json\/wp\/v2\/comments?post=1274"}],"wp:featuredmedia":[{"embeddable":true,"href":"https:\/\/www.thedrillstore.com\/es\/wp-json\/wp\/v2\/media\/1278"}],"wp:attachment":[{"href":"https:\/\/www.thedrillstore.com\/es\/wp-json\/wp\/v2\/media?parent=1274"}],"wp:term":[{"taxonomy":"product_brand","embeddable":true,"href":"https:\/\/www.thedrillstore.com\/es\/wp-json\/wp\/v2\/product_brand?post=1274"},{"taxonomy":"product_cat","embeddable":true,"href":"https:\/\/www.thedrillstore.com\/es\/wp-json\/wp\/v2\/product_cat?post=1274"},{"taxonomy":"product_tag","embeddable":true,"href":"https:\/\/www.thedrillstore.com\/es\/wp-json\/wp\/v2\/product_tag?post=1274"}],"curies":[{"name":"wp","href":"https:\/\/api.w.org\/{rel}","templated":true}]}}