{"id":1280,"date":"2024-03-28T18:27:11","date_gmt":"2024-03-28T10:27:11","guid":{"rendered":"http:\/\/www.thedrillstore.com\/?post_type=product&#038;p=1280"},"modified":"2024-04-23T13:47:50","modified_gmt":"2024-04-23T05:47:50","slug":"shank-adapter","status":"publish","type":"product","link":"https:\/\/www.thedrillstore.com\/es\/product\/shank-adapter\/","title":{"rendered":"Adaptador Shank"},"content":{"rendered":"<p><strong>Adaptador Shank<\/strong><\/p>\n<p>El adaptador de v\u00e1stago est\u00e1 dise\u00f1ado para transmitir energ\u00eda del pist\u00f3n de perforaci\u00f3n de roca a la barra de perforaci\u00f3n de extensi\u00f3n y finalmente a la broca de perforaci\u00f3n. Al desplegar, un lado del adaptador de v\u00e1stago est\u00e1 conectado a la barra de perforaci\u00f3n, mientras que el otro lado debe estar conectado con el acoplamiento o la perforaci\u00f3n de extensi\u00f3n. El adaptador de v\u00e1stago se puede desplegar para tareas de perforaci\u00f3n en t\u00faneles, construcci\u00f3n, miner\u00eda, canteras, etc.<\/p>\n<p><strong>Par\u00e1metros del adaptador de v\u00e1stago<\/strong><\/p>\n<ul>\n<li>R25, r28, r32, r35, r38, t38, t45, t51, etc.<\/li>\n<li>Di\u00e1metro: 32mm-70mm<\/li>\n<li>Longitud: 273mm-885mm<\/li>\n<li>Marca de perforaci\u00f3n de roca aplicable: Atlas Copco, Tamrock, Ingersoll Rand, Boart Longyear, Furukawa, Montabert, Soonsan, Everdigm, etc.<\/li>\n<\/ul>\n<p><strong>Caracter\u00edsticas del adaptador de v\u00e1stago<\/strong><\/p>\n<ul>\n<li>Precisi\u00f3n y fiabilidad otorgadas por materiales de primera calidad, mecanizado CNC fino y procesos de tratamiento t\u00e9rmico;<\/li>\n<li>El proceso de carburaci\u00f3n se aplica para promover la dureza de la superficie, garantizando una mejor calidad de uso.<\/li>\n<\/ul>\n<p><strong>Aplicaciones del adaptador de v\u00e1stago<\/strong><\/p>\n<p>Obras de perforaci\u00f3n para trabajos de explosi\u00f3n en t\u00faneler\u00eda, construcci\u00f3n, miner\u00eda, canteras, etc.<\/p>\n<p>&nbsp;<\/p>\n<p><img fetchpriority=\"high\" decoding=\"async\" class=\"aligncenter size-full wp-image-1281\" src=\"http:\/\/www.thedrillstore.com\/wp-content\/uploads\/2024\/03\/hg.jpg\" alt=\"\" width=\"1680\" height=\"1739\" srcset=\"https:\/\/www.thedrillstore.com\/wp-content\/uploads\/2024\/03\/hg.jpg 1680w, https:\/\/www.thedrillstore.com\/wp-content\/uploads\/2024\/03\/hg-290x300.jpg 290w, https:\/\/www.thedrillstore.com\/wp-content\/uploads\/2024\/03\/hg-989x1024.jpg 989w, https:\/\/www.thedrillstore.com\/wp-content\/uploads\/2024\/03\/hg-768x795.jpg 768w, https:\/\/www.thedrillstore.com\/wp-content\/uploads\/2024\/03\/hg-1484x1536.jpg 1484w, https:\/\/www.thedrillstore.com\/wp-content\/uploads\/2024\/03\/hg-600x621.jpg 600w\" sizes=\"(max-width: 1680px) 100vw, 1680px\" \/><\/p>","protected":false},"excerpt":{"rendered":"<p><strong>Caracter\u00edsticas del adaptador de v\u00e1stago<\/strong><\/p>\n<ul>\n<li>Precisi\u00f3n y fiabilidad otorgadas por materiales de primera calidad, mecanizado CNC fino y procesos de tratamiento t\u00e9rmico;<\/li>\n<li>El proceso de carburaci\u00f3n se aplica para promover la dureza de la superficie, garantizando una mejor calidad de uso.<\/li>\n<\/ul>","protected":false},"featured_media":1284,"comment_status":"open","ping_status":"closed","template":"","meta":{"_acf_changed":false},"product_brand":[],"product_cat":[25,71],"product_tag":[],"class_list":{"0":"post-1280","1":"product","2":"type-product","3":"status-publish","4":"has-post-thumbnail","6":"product_cat-rock-tools","7":"product_cat-top-hammer-drilling-tools","9":"first","10":"instock","11":"shipping-taxable","12":"product-type-simple"},"acf":[],"_links":{"self":[{"href":"https:\/\/www.thedrillstore.com\/es\/wp-json\/wp\/v2\/product\/1280","targetHints":{"allow":["GET"]}}],"collection":[{"href":"https:\/\/www.thedrillstore.com\/es\/wp-json\/wp\/v2\/product"}],"about":[{"href":"https:\/\/www.thedrillstore.com\/es\/wp-json\/wp\/v2\/types\/product"}],"replies":[{"embeddable":true,"href":"https:\/\/www.thedrillstore.com\/es\/wp-json\/wp\/v2\/comments?post=1280"}],"wp:featuredmedia":[{"embeddable":true,"href":"https:\/\/www.thedrillstore.com\/es\/wp-json\/wp\/v2\/media\/1284"}],"wp:attachment":[{"href":"https:\/\/www.thedrillstore.com\/es\/wp-json\/wp\/v2\/media?parent=1280"}],"wp:term":[{"taxonomy":"product_brand","embeddable":true,"href":"https:\/\/www.thedrillstore.com\/es\/wp-json\/wp\/v2\/product_brand?post=1280"},{"taxonomy":"product_cat","embeddable":true,"href":"https:\/\/www.thedrillstore.com\/es\/wp-json\/wp\/v2\/product_cat?post=1280"},{"taxonomy":"product_tag","embeddable":true,"href":"https:\/\/www.thedrillstore.com\/es\/wp-json\/wp\/v2\/product_tag?post=1280"}],"curies":[{"name":"wp","href":"https:\/\/api.w.org\/{rel}","templated":true}]}}