{"id":1315,"date":"2024-03-28T18:39:33","date_gmt":"2024-03-28T10:39:33","guid":{"rendered":"http:\/\/www.thedrillstore.com\/?post_type=product&#038;p=1315"},"modified":"2025-08-08T13:51:26","modified_gmt":"2025-08-08T05:51:26","slug":"kits-and-consumables","status":"publish","type":"product","link":"https:\/\/www.thedrillstore.com\/es\/product\/kits-and-consumables\/","title":{"rendered":"Kits y consumibles"},"content":{"rendered":"<p><span style=\"color: #000000; font-family: arial, helvetica, sans-serif;\">Nuestra empresa&#8217; s suministran los conjuntos completos de piezas de repuesto con materias primas de alta calidad para garantizar la durabilidad de los productos, equipos de producci\u00f3n CNC avanzados y procesos de inspecci\u00f3n estrictos para garantizar la precisi\u00f3n del producto, y d\u00e9cadas de experiencia en la producci\u00f3n hacen que estas piezas y plataformas coincidan perfectamente. Haga que su equipo sea m\u00e1s duradero y garantice una producci\u00f3n m\u00e1s eficiente con el\u00a0<a style=\"color: #000000;\" href=\"http:\/\/www.taiyedrilling.com\/drilling-rig-parts\/\">piezas de perforaci\u00f3n para la venta<\/a>.<\/span><\/p>\n<p><span style=\"color: #000000; font-family: arial, helvetica, sans-serif;\">Con la calidad de nuestra diversidad de existencias, le proporcionamos oportunidades de reparaci\u00f3n m\u00e1s r\u00e1pidas y reducimos sus costos de existencias y reparaciones.<\/span><\/p>","protected":false},"excerpt":{"rendered":"<p>Con la calidad de nuestra diversidad de existencias, le proporcionamos oportunidades de reparaci\u00f3n m\u00e1s r\u00e1pidas y reducimos sus costos de existencias y reparaciones.<\/p>","protected":false},"featured_media":3001,"comment_status":"closed","ping_status":"closed","template":"","meta":{"_acf_changed":false},"product_brand":[],"product_cat":[26],"product_tag":[],"class_list":{"0":"post-1315","1":"product","2":"type-product","3":"status-publish","4":"has-post-thumbnail","6":"product_cat-kits-and-consumables","8":"first","9":"instock","10":"shipping-taxable","11":"product-type-simple"},"acf":[],"_links":{"self":[{"href":"https:\/\/www.thedrillstore.com\/es\/wp-json\/wp\/v2\/product\/1315","targetHints":{"allow":["GET"]}}],"collection":[{"href":"https:\/\/www.thedrillstore.com\/es\/wp-json\/wp\/v2\/product"}],"about":[{"href":"https:\/\/www.thedrillstore.com\/es\/wp-json\/wp\/v2\/types\/product"}],"replies":[{"embeddable":true,"href":"https:\/\/www.thedrillstore.com\/es\/wp-json\/wp\/v2\/comments?post=1315"}],"wp:featuredmedia":[{"embeddable":true,"href":"https:\/\/www.thedrillstore.com\/es\/wp-json\/wp\/v2\/media\/3001"}],"wp:attachment":[{"href":"https:\/\/www.thedrillstore.com\/es\/wp-json\/wp\/v2\/media?parent=1315"}],"wp:term":[{"taxonomy":"product_brand","embeddable":true,"href":"https:\/\/www.thedrillstore.com\/es\/wp-json\/wp\/v2\/product_brand?post=1315"},{"taxonomy":"product_cat","embeddable":true,"href":"https:\/\/www.thedrillstore.com\/es\/wp-json\/wp\/v2\/product_cat?post=1315"},{"taxonomy":"product_tag","embeddable":true,"href":"https:\/\/www.thedrillstore.com\/es\/wp-json\/wp\/v2\/product_tag?post=1315"}],"curies":[{"name":"wp","href":"https:\/\/api.w.org\/{rel}","templated":true}]}}