{"id":2547,"date":"2025-03-24T10:44:41","date_gmt":"2025-03-24T02:44:41","guid":{"rendered":"https:\/\/www.thedrillstore.com\/product\/tds-560-semi-hydraulic-dth-drilling-rig-drilling-range-95130mm-2\/"},"modified":"2026-03-02T13:35:58","modified_gmt":"2026-03-02T05:35:58","slug":"surface-coring-drilling-rig-c1000","status":"publish","type":"product","link":"https:\/\/www.thedrillstore.com\/es\/product\/surface-coring-drilling-rig-c1000\/","title":{"rendered":"Surface Core Drilling Rig C1000"},"content":{"rendered":"<p>Concepto de producto<\/p>\n<p>La plataforma de perforaci\u00f3n de cornizaci\u00f3n de cuerda de diamante est\u00e1 dise\u00f1ada espec\u00edficamente para operaciones de cornizaci\u00f3n de superficie, el dise\u00f1o rastreado facilita la reubicaci\u00f3n del equipo, la estructura compacta del cuerpo facilita la reubicaci\u00f3n del equipo en carreteras estrechas y empinadas.<br \/>\nEste tipo de plataforma de perforaci\u00f3n adopta los componentes hidr\u00e1ulicos principales internacionales actuales (bomba hidr\u00e1ulica, motor, v\u00e1lvula hidr\u00e1ulica, etc.) para garantizar la vida \u00fatil y el rendimiento de trabajo estable del equipo, m\u00faltiples dise\u00f1os funcionales son m\u00e1s propicios para mejorar la seguridad del dispositivo, Mejorar la eficiencia de las operaciones de perforaci\u00f3n.<br \/>\nCaracter\u00edsticas t\u00e9cnicas<\/p>\n<p>Dise\u00f1o 1.Crawler, accionamiento hidr\u00e1ulico para todas las funciones de la m\u00e1quina, el equipo es operado por el control remoto y el mango hidr\u00e1ulico (relaci\u00f3n electro-hidr\u00e1ulica controlada por el piloto) para caminar, garantizar la seguridad del personal durante el movimiento del equipo.<\/p>\n<p>2. cabeza de alimentaci\u00f3n deslizante lateral del mandril, libera r\u00e1pidamente la posici\u00f3n del agujero para la operaci\u00f3n de extracci\u00f3n del n\u00facleo, mayor seguridad y eficiencia operacional.<\/p>\n<p>3. La sujeci\u00f3n del mandril adopta el muelle de gas de nitr\u00f3geno para garantizar la liberaci\u00f3n a largo plazo y la operaci\u00f3n de sujeci\u00f3n.<\/p>\n<p>4. El mecanismo de doble velocidad de la cadena asegura que el equipo tenga una distancia de viaje de 3200 mm, reduciendo el peso del equipo.<\/p>\n<p>5.Cummins motor di\u00e9sel de 4 cilindros cumple con las normas de emisi\u00f3n y reduce la contaminaci\u00f3n del aire.<\/p>\n<p>6. m\u00e1stil de aleaci\u00f3n de aluminio, ligero, f\u00e1cil de instalar y desmontar.<\/p>\n<p>La estructura compacta del cuerpo facilita la reubicaci\u00f3n del equipo en carreteras estrechas y empinadas.<\/p>\n<p>El dise\u00f1o \u00fanico del sistema hidr\u00e1ulico adopta el control sensible a la carga para los sistemas principales y auxiliares, y se utiliza un gran n\u00famero de grupos de v\u00e1lvulas enchufables roscadas importadas, con alta integraci\u00f3n, sistema simple y alta eficiencia.<\/p>","protected":false},"excerpt":{"rendered":"<p>Product Concept The diamond rope coring drilling rig is designed specifically for surface coring operations,the tracked design facilitates equipment relocation,the compact body structure facilitates the relocation of equipment on narrow and steep roads. This type of drilling rig adopts the current international mainstream hydraulic components (hydraulic pump, motor, hydraulic valve, etc.) to ensure the service [&hellip;]<\/p>\n","protected":false},"featured_media":3415,"comment_status":"closed","ping_status":"closed","template":"","meta":{"_acf_changed":false},"product_brand":[],"product_cat":[72],"product_tag":[],"class_list":{"0":"post-2547","1":"product","2":"type-product","3":"status-publish","4":"has-post-thumbnail","6":"product_cat-surface-core-drilling-rig","8":"first","9":"instock","10":"shipping-taxable","11":"product-type-simple"},"acf":[],"_links":{"self":[{"href":"https:\/\/www.thedrillstore.com\/es\/wp-json\/wp\/v2\/product\/2547","targetHints":{"allow":["GET"]}}],"collection":[{"href":"https:\/\/www.thedrillstore.com\/es\/wp-json\/wp\/v2\/product"}],"about":[{"href":"https:\/\/www.thedrillstore.com\/es\/wp-json\/wp\/v2\/types\/product"}],"replies":[{"embeddable":true,"href":"https:\/\/www.thedrillstore.com\/es\/wp-json\/wp\/v2\/comments?post=2547"}],"wp:featuredmedia":[{"embeddable":true,"href":"https:\/\/www.thedrillstore.com\/es\/wp-json\/wp\/v2\/media\/3415"}],"wp:attachment":[{"href":"https:\/\/www.thedrillstore.com\/es\/wp-json\/wp\/v2\/media?parent=2547"}],"wp:term":[{"taxonomy":"product_brand","embeddable":true,"href":"https:\/\/www.thedrillstore.com\/es\/wp-json\/wp\/v2\/product_brand?post=2547"},{"taxonomy":"product_cat","embeddable":true,"href":"https:\/\/www.thedrillstore.com\/es\/wp-json\/wp\/v2\/product_cat?post=2547"},{"taxonomy":"product_tag","embeddable":true,"href":"https:\/\/www.thedrillstore.com\/es\/wp-json\/wp\/v2\/product_tag?post=2547"}],"curies":[{"name":"wp","href":"https:\/\/api.w.org\/{rel}","templated":true}]}}