{"id":1049,"date":"2024-03-28T17:15:28","date_gmt":"2024-03-28T09:15:28","guid":{"rendered":"http:\/\/www.thedrillstore.com\/?post_type=product&#038;p=1049"},"modified":"2026-01-11T13:06:58","modified_gmt":"2026-01-11T05:06:58","slug":"tds-d3-full-hydraulic-dth-drilling-rig-drilling-range90130mm","status":"publish","type":"product","link":"https:\/\/www.thedrillstore.com\/fr\/product\/tds-d3-full-hydraulic-dth-drilling-rig-drilling-range90130mm\/","title":{"rendered":"TDS 720 Full Hydraulic DTH Drilling Rig"},"content":{"rendered":"<p><strong>Syst\u00e8me d'alimentation<\/strong><\/p>\n<p>Alimentation \u00e9nerg\u00e9tique puissante et rapide, haute vitesse, am\u00e9liore l'efficacit\u00e9 des images.<\/p>\n<p><strong>Rotaire <\/strong><strong>S<\/strong><strong>syst\u00e8me<\/strong><\/p>\n<p>Puissance de rotation r\u00e9gulable, stable et durable, adapt\u00e9e \u00e0 diverses conditions de travail de roche.<\/p>\n<p><strong>Syst\u00e8me de marche<\/strong><\/p>\n<p>M\u00e9canisme de d\u00e9placement hydraulique amovible \u00e0 deux vitesses. Dispositif de nivelage automatique, peut marcher en douceur et traverser divers terrains complexes.<\/p>\n<p><strong>Console<\/strong><\/p>\n<p>\u00c9quip\u00e9 de multiples alarmes de d\u00e9faillance, intuitif et facile \u00e0 entretenir.<\/p>\n<p><strong>Collecteur de poussi\u00e8res hydraulique<\/strong><\/p>\n<p>Aspirateur \u00e0 poussi\u00e8re s\u00e8che standard \u00e0 deux \u00e9tapes Aspirateur haute puissance, 16 \u33a1 Capuchon de poussi\u00e8re amovible pour une poussi\u00e8re pr\u00e9cise sur des surfaces de travail rugueuses.<\/p>\n<p><strong>Syst\u00e8me d'alimentation<\/strong><\/p>\n<p>\u00c9quip\u00e9 de moteur diesel Cummins, puissant et r\u00e9pond aux normes nationales d'\u00e9mission IV. Pression du vent \u00e9lev\u00e9e et compresseur d'air \u00e0 grand d\u00e9placement, rapport d'efficacit\u00e9 \u00e9nerg\u00e9tique \u00e9lev\u00e9.<\/p>\n<p><img fetchpriority=\"high\" decoding=\"async\" class=\"alignnone size-full wp-image-3582\" src=\"http:\/\/www.thedrillstore.com\/wp-content\/uploads\/2024\/03\/TDS-Surface-Drilling-Rig-9-scaled.webp\" alt=\"\" width=\"2560\" height=\"1737\" srcset=\"https:\/\/www.thedrillstore.com\/wp-content\/uploads\/2024\/03\/TDS-Surface-Drilling-Rig-9-scaled.webp 2560w, https:\/\/www.thedrillstore.com\/wp-content\/uploads\/2024\/03\/TDS-Surface-Drilling-Rig-9-300x204.webp 300w, https:\/\/www.thedrillstore.com\/wp-content\/uploads\/2024\/03\/TDS-Surface-Drilling-Rig-9-1024x695.webp 1024w, https:\/\/www.thedrillstore.com\/wp-content\/uploads\/2024\/03\/TDS-Surface-Drilling-Rig-9-768x521.webp 768w, https:\/\/www.thedrillstore.com\/wp-content\/uploads\/2024\/03\/TDS-Surface-Drilling-Rig-9-1536x1042.webp 1536w, https:\/\/www.thedrillstore.com\/wp-content\/uploads\/2024\/03\/TDS-Surface-Drilling-Rig-9-2048x1390.webp 2048w, https:\/\/www.thedrillstore.com\/wp-content\/uploads\/2024\/03\/TDS-Surface-Drilling-Rig-9-18x12.webp 18w, https:\/\/www.thedrillstore.com\/wp-content\/uploads\/2024\/03\/TDS-Surface-Drilling-Rig-9-600x407.webp 600w\" sizes=\"(max-width: 2560px) 100vw, 2560px\" \/><\/p>","protected":false},"excerpt":{"rendered":"<p>Feed System Powerful, fast energy supply,high speed, improves\u00a0footage\u00a0efficiency. Rotary System Large-torque stepless speed-adjustable,stable and long-lasting rotational\u00a0power, suitable for various rock\u00a0working conditions. Walking System Two-speed detachable\u00a0hydraulic traveling mechanism. Automatic leveling device,\u00a0can walk smoothly and\u00a0 traverse various complex terrains. Console Equipped with multiple\u00a0fault alarms, intuitive\u00a0and easy to maintain. Hydraulic Dust Collector Standard two-stage dry dust collector High-power [&hellip;]<\/p>\n","protected":false},"featured_media":3160,"comment_status":"closed","ping_status":"closed","template":"","meta":{"_acf_changed":false},"product_brand":[],"product_cat":[19],"product_tag":[],"class_list":{"0":"post-1049","1":"product","2":"type-product","3":"status-publish","4":"has-post-thumbnail","6":"product_cat-full-hydraulic-dth-drilling-rig","8":"first","9":"instock","10":"shipping-taxable","11":"product-type-simple"},"acf":[],"_links":{"self":[{"href":"https:\/\/www.thedrillstore.com\/fr\/wp-json\/wp\/v2\/product\/1049","targetHints":{"allow":["GET"]}}],"collection":[{"href":"https:\/\/www.thedrillstore.com\/fr\/wp-json\/wp\/v2\/product"}],"about":[{"href":"https:\/\/www.thedrillstore.com\/fr\/wp-json\/wp\/v2\/types\/product"}],"replies":[{"embeddable":true,"href":"https:\/\/www.thedrillstore.com\/fr\/wp-json\/wp\/v2\/comments?post=1049"}],"wp:featuredmedia":[{"embeddable":true,"href":"https:\/\/www.thedrillstore.com\/fr\/wp-json\/wp\/v2\/media\/3160"}],"wp:attachment":[{"href":"https:\/\/www.thedrillstore.com\/fr\/wp-json\/wp\/v2\/media?parent=1049"}],"wp:term":[{"taxonomy":"product_brand","embeddable":true,"href":"https:\/\/www.thedrillstore.com\/fr\/wp-json\/wp\/v2\/product_brand?post=1049"},{"taxonomy":"product_cat","embeddable":true,"href":"https:\/\/www.thedrillstore.com\/fr\/wp-json\/wp\/v2\/product_cat?post=1049"},{"taxonomy":"product_tag","embeddable":true,"href":"https:\/\/www.thedrillstore.com\/fr\/wp-json\/wp\/v2\/product_tag?post=1049"}],"curies":[{"name":"wp","href":"https:\/\/api.w.org\/{rel}","templated":true}]}}