{"id":1062,"date":"2024-03-28T17:19:14","date_gmt":"2024-03-28T09:19:14","guid":{"rendered":"http:\/\/www.thedrillstore.com\/?post_type=product&#038;p=1062"},"modified":"2026-01-11T13:29:57","modified_gmt":"2026-01-11T05:29:57","slug":"tds-d6-full-hydraulic-dth-drilling-rig-for-surfacemining","status":"publish","type":"product","link":"https:\/\/www.thedrillstore.com\/fr\/product\/tds-d6-full-hydraulic-dth-drilling-rig-for-surfacemining\/","title":{"rendered":"Plateforme de forage DTH hydraulique compl\u00e8te TDS 650"},"content":{"rendered":"<p><strong>Syst\u00e8me d'alimentation : <\/strong>Moteur diesel Cummins.<\/p>\n<p><strong>Syst\u00e8me de contr\u00f4le : <\/strong>Syst\u00e8me de contr\u00f4le logique, c\u00e2blage clair, entretien facile.<\/p>\n<p><strong>Syst\u00e8me de ch\u00e2ssis<\/strong><\/p>\n<p>Chassis de machines de construction lourde, structure forte, forte passabilit\u00e9.<\/p>\n<p><strong>Rotaire<\/strong><\/p>\n<p>Double moteur rotatif, couple plus \u00e9lev\u00e9, r\u00e9duisez efficacement le taux de blocage.<\/p>\n<p><strong>Syst\u00e8me de collecte de poussi\u00e8res<\/strong><\/p>\n<p>Collection de poussi\u00e8res s\u00e8ches, collecte de poussi\u00e8res \u00e0 bon effet.<\/p>\n<p>&nbsp;<\/p>\n<p>&nbsp;<\/p>","protected":false},"excerpt":{"rendered":"<p>Power System: Cummins Diesel Engine. Control System: Logical control system, clear wiring,easy maintenance. Chassis System Heavy construction machinery chassis,Strong structure,strong passability. Rotary Double rotary motor,Higher torque, effectively reduce stuck rate. Dust Collection System Dry dust collection, good effect dust collection. &nbsp; &nbsp;<\/p>","protected":false},"featured_media":3166,"comment_status":"closed","ping_status":"closed","template":"","meta":{"_acf_changed":false},"product_brand":[],"product_cat":[19],"product_tag":[],"class_list":{"0":"post-1062","1":"product","2":"type-product","3":"status-publish","4":"has-post-thumbnail","6":"product_cat-full-hydraulic-dth-drilling-rig","8":"first","9":"instock","10":"shipping-taxable","11":"product-type-simple"},"acf":[],"_links":{"self":[{"href":"https:\/\/www.thedrillstore.com\/fr\/wp-json\/wp\/v2\/product\/1062","targetHints":{"allow":["GET"]}}],"collection":[{"href":"https:\/\/www.thedrillstore.com\/fr\/wp-json\/wp\/v2\/product"}],"about":[{"href":"https:\/\/www.thedrillstore.com\/fr\/wp-json\/wp\/v2\/types\/product"}],"replies":[{"embeddable":true,"href":"https:\/\/www.thedrillstore.com\/fr\/wp-json\/wp\/v2\/comments?post=1062"}],"wp:featuredmedia":[{"embeddable":true,"href":"https:\/\/www.thedrillstore.com\/fr\/wp-json\/wp\/v2\/media\/3166"}],"wp:attachment":[{"href":"https:\/\/www.thedrillstore.com\/fr\/wp-json\/wp\/v2\/media?parent=1062"}],"wp:term":[{"taxonomy":"product_brand","embeddable":true,"href":"https:\/\/www.thedrillstore.com\/fr\/wp-json\/wp\/v2\/product_brand?post=1062"},{"taxonomy":"product_cat","embeddable":true,"href":"https:\/\/www.thedrillstore.com\/fr\/wp-json\/wp\/v2\/product_cat?post=1062"},{"taxonomy":"product_tag","embeddable":true,"href":"https:\/\/www.thedrillstore.com\/fr\/wp-json\/wp\/v2\/product_tag?post=1062"}],"curies":[{"name":"wp","href":"https:\/\/api.w.org\/{rel}","templated":true}]}}