{"id":1100,"date":"2024-03-28T17:31:25","date_gmt":"2024-03-28T09:31:25","guid":{"rendered":"http:\/\/www.thedrillstore.com\/?post_type=product&#038;p=1100"},"modified":"2026-01-11T12:57:05","modified_gmt":"2026-01-11T04:57:05","slug":"tds-d12-full-hydraulic-dth-drilling-rig-drilling-range-138203mm","status":"publish","type":"product","link":"https:\/\/www.thedrillstore.com\/fr\/product\/tds-d12-full-hydraulic-dth-drilling-rig-drilling-range-138203mm\/","title":{"rendered":"Plateforme de forage DTH hydraulique compl\u00e8te TDS 618"},"content":{"rendered":"<p><strong>Rotaire<\/strong><\/p>\n<p>Double moteur rotatif Couple plus \u00e9lev\u00e9, r\u00e9duisez efficacement le taux de blocage.<\/p>\n<p><strong>Syst\u00e8me de ch\u00e2ssis<\/strong><\/p>\n<p>Chassis de machines de construction lourde, structure forte, forte passabilit\u00e9.<\/p>\n<p><strong>Syst\u00e8me de contr\u00f4le<\/strong><\/p>\n<p>Syst\u00e8me de contr\u00f4le logique c\u00e2blage clair, entretien facile.<\/p>\n<p><strong>Syst\u00e8me d'alimentation<\/strong><\/p>\n<p>Moteur diesel Cummins.<\/p>\n<p><strong>Syst\u00e8me compresseur d'air<\/strong><\/p>\n<p>Ingersoll rand compresseur d'air haute pression grand d\u00e9placement.<\/p>\n<p><img fetchpriority=\"high\" decoding=\"async\" class=\"alignnone size-full wp-image-3580\" src=\"http:\/\/www.thedrillstore.com\/wp-content\/uploads\/2024\/03\/TDS-Surface-Drilling-Rig-618-min-scaled.webp\" alt=\"\" width=\"2560\" height=\"1737\" srcset=\"https:\/\/www.thedrillstore.com\/wp-content\/uploads\/2024\/03\/TDS-Surface-Drilling-Rig-618-min-scaled.webp 2560w, https:\/\/www.thedrillstore.com\/wp-content\/uploads\/2024\/03\/TDS-Surface-Drilling-Rig-618-min-300x204.webp 300w, https:\/\/www.thedrillstore.com\/wp-content\/uploads\/2024\/03\/TDS-Surface-Drilling-Rig-618-min-1024x695.webp 1024w, https:\/\/www.thedrillstore.com\/wp-content\/uploads\/2024\/03\/TDS-Surface-Drilling-Rig-618-min-768x521.webp 768w, https:\/\/www.thedrillstore.com\/wp-content\/uploads\/2024\/03\/TDS-Surface-Drilling-Rig-618-min-1536x1042.webp 1536w, https:\/\/www.thedrillstore.com\/wp-content\/uploads\/2024\/03\/TDS-Surface-Drilling-Rig-618-min-2048x1390.webp 2048w, https:\/\/www.thedrillstore.com\/wp-content\/uploads\/2024\/03\/TDS-Surface-Drilling-Rig-618-min-18x12.webp 18w, https:\/\/www.thedrillstore.com\/wp-content\/uploads\/2024\/03\/TDS-Surface-Drilling-Rig-618-min-600x407.webp 600w\" sizes=\"(max-width: 2560px) 100vw, 2560px\" \/><\/p>","protected":false},"excerpt":{"rendered":"<p>Rotary Double rotary motor Higher torque,effectively reduce\u00a0 stuck rate. Chassis System Heavy construction machinery chassis, Strong structure,strong passability. Control System Logical control system clear wiring, easy maintenance. Power System Cummins diesel engine. Air Compressor System Ingersoll rand air compressor High pressure large displacement.<\/p>","protected":false},"featured_media":3153,"comment_status":"closed","ping_status":"closed","template":"","meta":{"_acf_changed":false},"product_brand":[],"product_cat":[19],"product_tag":[],"class_list":{"0":"post-1100","1":"product","2":"type-product","3":"status-publish","4":"has-post-thumbnail","6":"product_cat-full-hydraulic-dth-drilling-rig","8":"first","9":"instock","10":"shipping-taxable","11":"product-type-simple"},"acf":[],"_links":{"self":[{"href":"https:\/\/www.thedrillstore.com\/fr\/wp-json\/wp\/v2\/product\/1100","targetHints":{"allow":["GET"]}}],"collection":[{"href":"https:\/\/www.thedrillstore.com\/fr\/wp-json\/wp\/v2\/product"}],"about":[{"href":"https:\/\/www.thedrillstore.com\/fr\/wp-json\/wp\/v2\/types\/product"}],"replies":[{"embeddable":true,"href":"https:\/\/www.thedrillstore.com\/fr\/wp-json\/wp\/v2\/comments?post=1100"}],"wp:featuredmedia":[{"embeddable":true,"href":"https:\/\/www.thedrillstore.com\/fr\/wp-json\/wp\/v2\/media\/3153"}],"wp:attachment":[{"href":"https:\/\/www.thedrillstore.com\/fr\/wp-json\/wp\/v2\/media?parent=1100"}],"wp:term":[{"taxonomy":"product_brand","embeddable":true,"href":"https:\/\/www.thedrillstore.com\/fr\/wp-json\/wp\/v2\/product_brand?post=1100"},{"taxonomy":"product_cat","embeddable":true,"href":"https:\/\/www.thedrillstore.com\/fr\/wp-json\/wp\/v2\/product_cat?post=1100"},{"taxonomy":"product_tag","embeddable":true,"href":"https:\/\/www.thedrillstore.com\/fr\/wp-json\/wp\/v2\/product_tag?post=1100"}],"curies":[{"name":"wp","href":"https:\/\/api.w.org\/{rel}","templated":true}]}}