{"id":1111,"date":"2024-03-28T17:35:15","date_gmt":"2024-03-28T09:35:15","guid":{"rendered":"http:\/\/www.thedrillstore.com\/?post_type=product&#038;p=1111"},"modified":"2024-04-11T14:57:15","modified_gmt":"2024-04-11T06:57:15","slug":"tds-th700-full-hydraulic-surface-top-hammer-drilling-rig-drilling-range-76115mm","status":"publish","type":"product","link":"https:\/\/www.thedrillstore.com\/fr\/product\/tds-th700-full-hydraulic-surface-top-hammer-drilling-rig-drilling-range-76115mm\/","title":{"rendered":"Plateforme de forage \u00e0 marteau hydraulique TDS-TH700"},"content":{"rendered":"<p>Plage de forage applicable: 76-115mm<\/p>\n<p>TH700 plate-forme de forage \u00e0 marteau de surface hydraulique compl\u00e8te adopte un moteur diesel haute puissance avec une puissance forte, qui peut facilement r\u00e9pondre aux exigences de puissance des conditions de travail difficiles telles que la haute altitude et le froid extr\u00eame; \u00e9quip\u00e9 de forage \u00e0 roche haute pression haute puissance Atlas Copco, il a une efficacit\u00e9 de perforation \u00e9lev\u00e9e. Ce produit est largement utilis\u00e9 dans l'excavation de travaux de terre dans les mines \u00e0 ciel ouvert et les projets de construction, les op\u00e9rations de forage telles que la r\u00e9cup\u00e9ration de carri\u00e8res et le traitement des pentes.<\/p>\n<p><strong>Syst\u00e8me d'alimentation<\/strong><\/p>\n<p>Le moteur diesel turbocompress\u00e9 haute puissance de la norme nationale III fournit une r\u00e9serve de marche suffisante pour l'ensemble du v\u00e9hicule, ce qui rend la plate-forme de forage plus adaptable aux environnements de travail difficiles tels que la haute altitude et le froid extr\u00eame.<\/p>\n<p><strong><b>Cabine<\/b><\/strong><\/p>\n<p>\u00c9quip\u00e9 d'un syst\u00e8me de r\u00e9frig\u00e9ration et de chauffage de climatisation haute puissance, il peut fonctionner normalement dans diverses conditions m\u00e9t\u00e9orologiques s\u00e9v\u00e8res. Le mode de commande principal de la poign\u00e9e rend l'op\u00e9ration plus concise et pratique, et fournit un bon environnement de travail pour l'op\u00e9rateur, loin de la pollution par la poussi\u00e8re.<\/p>\n<p><strong>Syst\u00e8me de ch\u00e2ssis<\/strong><\/p>\n<p>Le ch\u00e2ssis mobile de type rampe est \u00e9quip\u00e9 d'un syst\u00e8me de traction hydraulique \u00e0 deux vitesses de haute puissance et d'un syst\u00e8me d'ajustement hydraulique de balan\u00e7age, ainsi qu'une conception de largeur du fuselage de petite taille, ce qui rend la plate-forme de forage excellente tout-terrain et man\u0153uvrabilit\u00e9.<\/p>\n<p><strong>Syst\u00e8me de contr\u00f4le<\/strong><\/p>\n<p>Le syst\u00e8me de contr\u00f4leur logique programmable a une fiabilit\u00e9 \u00e9lev\u00e9e, une installation simple, une maintenance pratique, un espace d'expansion de fonction puissant et un diagnostic de d\u00e9faut facile.<\/p>\n<p><strong>Syst\u00e8me de s\u00e9curit\u00e9<\/strong><\/p>\n<p>Affichage int\u00e9gr\u00e9 des donn\u00e9es d'alarme telles que la temp\u00e9rature et la pression de l'huile moteur, la temp\u00e9rature du liquide de refroidissement et le niveau de l'eau, la temp\u00e9rature et la pression de d\u00e9charge d'air comprim\u00e9 et d'autres dispositifs de s\u00e9curit\u00e9 tels que l'essuye-glace, l'anglom\u00e8tre, l'arr\u00eat d'urgence et l'indication de charge<\/p>\n<p><strong>Syst\u00e8me de collecte de poussi\u00e8res \u00e0 deux \u00e9tapes<\/strong><\/p>\n<p>Le syst\u00e8me de collecte de poussi\u00e8res s\u00e8ches \u00e0 deux \u00e9tapes peut \u00eatre auto-nettoy\u00e9 en ligne et l'effet de collecte de poussi\u00e8res est bon, ce qui r\u00e9pond aux exigences nationales en mati\u00e8re d'\u00e9mission de poussi\u00e8res.<\/p>\n<p><strong>Syst\u00e8me poussoir<\/strong><\/p>\n<p>La poutre en alliage d'aluminium entra\u00een\u00e9e par le cylindre d'huile et la corde de fil a une r\u00e9sistance plus \u00e9lev\u00e9e et une r\u00e9sistance \u00e0 la flexion sup\u00e9rieure, et peut atteindre une droiture de forage id\u00e9ale. Compar\u00e9 aux forages \u00e0 cha\u00eene, le G7 est plus stable lors du forage. La poutre de propulsion est \u00e9quip\u00e9e d'un syst\u00e8me m\u00e9canis\u00e9 de changement de tige, et l'op\u00e9rateur peut compl\u00e9ter l'action de chargement et de d\u00e9chargement de tige dans la cabine, r\u00e9duisant l'intensit\u00e9 de main-d'\u0153uvre, \u00e9conomisant des co\u00fbts de main-d'\u0153uvre et am\u00e9liorant l'efficacit\u00e9 de la production.<\/p>\n<p><strong>Perceuse hydraulique<\/strong><\/p>\n<p>\u00c9quip\u00e9 d'Epiroc haute puissance et haute pression con\u00e7u par le Groupe Epiroc, il a une efficacit\u00e9 de perforation \u00e9lev\u00e9e, un impact \u00e9lev\u00e9 et faible, une propulsion de contr\u00f4le de pression rotative, un syst\u00e8me double tampon et une fonction anti-embouteillage automatique, afin de r\u00e9duire la perte d'outils de forage et d'effectuer en m\u00eame temps diff\u00e9rentes op\u00e9rations de roche. plus adaptable \u00e0 la situation.<\/p>\n<p><strong>Syst\u00e8me de boom<\/strong><\/p>\n<p>La structure de la puce \u00e0 section rectangulaire est adopt\u00e9e, et la puce est entra\u00een\u00e9e par le cylindre hydraulique pour assurer la flexibilit\u00e9 et la stabilit\u00e9 du syst\u00e8me de puce de forage. Dans le m\u00eame temps, la conception exquise du si\u00e8ge de direction et du support de poutre de propulsion permet \u00e0 la plate-forme de forage de percer des trous verticaux et horizontaux de 0,3 \u00e0 7,6 m dans la fa\u00e7ade, et la zone de couverture de forage dans l'avion peut atteindre 17m2.<\/p>\n<p><img fetchpriority=\"high\" decoding=\"async\" class=\"aligncenter size-full wp-image-1126\" src=\"http:\/\/www.thedrillstore.com\/wp-content\/uploads\/2024\/03\/\u9876\u9524\u94bb\u673a-\u62f7\u8d1d.jpg\" alt=\"\" width=\"1920\" height=\"1275\" srcset=\"https:\/\/www.thedrillstore.com\/wp-content\/uploads\/2024\/03\/\u9876\u9524\u94bb\u673a-\u62f7\u8d1d.jpg 1920w, https:\/\/www.thedrillstore.com\/wp-content\/uploads\/2024\/03\/\u9876\u9524\u94bb\u673a-\u62f7\u8d1d-300x199.jpg 300w, https:\/\/www.thedrillstore.com\/wp-content\/uploads\/2024\/03\/\u9876\u9524\u94bb\u673a-\u62f7\u8d1d-1024x680.jpg 1024w, https:\/\/www.thedrillstore.com\/wp-content\/uploads\/2024\/03\/\u9876\u9524\u94bb\u673a-\u62f7\u8d1d-768x510.jpg 768w, https:\/\/www.thedrillstore.com\/wp-content\/uploads\/2024\/03\/\u9876\u9524\u94bb\u673a-\u62f7\u8d1d-1536x1020.jpg 1536w, https:\/\/www.thedrillstore.com\/wp-content\/uploads\/2024\/03\/\u9876\u9524\u94bb\u673a-\u62f7\u8d1d-600x398.jpg 600w\" sizes=\"(max-width: 1920px) 100vw, 1920px\" \/> <img decoding=\"async\" class=\"aligncenter size-full wp-image-1127\" src=\"http:\/\/www.thedrillstore.com\/wp-content\/uploads\/2024\/03\/\u673a\u5668\u56fe.jpg\" alt=\"\" width=\"1920\" height=\"1358\" srcset=\"https:\/\/www.thedrillstore.com\/wp-content\/uploads\/2024\/03\/\u673a\u5668\u56fe.jpg 1920w, https:\/\/www.thedrillstore.com\/wp-content\/uploads\/2024\/03\/\u673a\u5668\u56fe-300x212.jpg 300w, https:\/\/www.thedrillstore.com\/wp-content\/uploads\/2024\/03\/\u673a\u5668\u56fe-1024x724.jpg 1024w, https:\/\/www.thedrillstore.com\/wp-content\/uploads\/2024\/03\/\u673a\u5668\u56fe-768x543.jpg 768w, https:\/\/www.thedrillstore.com\/wp-content\/uploads\/2024\/03\/\u673a\u5668\u56fe-1536x1086.jpg 1536w, https:\/\/www.thedrillstore.com\/wp-content\/uploads\/2024\/03\/\u673a\u5668\u56fe-600x424.jpg 600w\" sizes=\"(max-width: 1920px) 100vw, 1920px\" \/> <img decoding=\"async\" class=\"aligncenter size-full wp-image-1125\" src=\"http:\/\/www.thedrillstore.com\/wp-content\/uploads\/2024\/03\/\u8f66\u95f4\u56fe.jpg\" alt=\"\" width=\"1920\" height=\"1371\" srcset=\"https:\/\/www.thedrillstore.com\/wp-content\/uploads\/2024\/03\/\u8f66\u95f4\u56fe.jpg 1920w, https:\/\/www.thedrillstore.com\/wp-content\/uploads\/2024\/03\/\u8f66\u95f4\u56fe-300x214.jpg 300w, https:\/\/www.thedrillstore.com\/wp-content\/uploads\/2024\/03\/\u8f66\u95f4\u56fe-1024x731.jpg 1024w, https:\/\/www.thedrillstore.com\/wp-content\/uploads\/2024\/03\/\u8f66\u95f4\u56fe-768x548.jpg 768w, https:\/\/www.thedrillstore.com\/wp-content\/uploads\/2024\/03\/\u8f66\u95f4\u56fe-1536x1097.jpg 1536w, https:\/\/www.thedrillstore.com\/wp-content\/uploads\/2024\/03\/\u8f66\u95f4\u56fe-600x428.jpg 600w\" sizes=\"(max-width: 1920px) 100vw, 1920px\" \/> <img loading=\"lazy\" decoding=\"async\" class=\"aligncenter size-full wp-image-1123\" src=\"http:\/\/www.thedrillstore.com\/wp-content\/uploads\/2024\/03\/TH700-\u9876\u9524\u94bb\u673a-1-scaled.jpg\" alt=\"\" width=\"1833\" height=\"2560\" srcset=\"https:\/\/www.thedrillstore.com\/wp-content\/uploads\/2024\/03\/TH700-\u9876\u9524\u94bb\u673a-1-scaled.jpg 1833w, https:\/\/www.thedrillstore.com\/wp-content\/uploads\/2024\/03\/TH700-\u9876\u9524\u94bb\u673a-1-215x300.jpg 215w, https:\/\/www.thedrillstore.com\/wp-content\/uploads\/2024\/03\/TH700-\u9876\u9524\u94bb\u673a-1-733x1024.jpg 733w, https:\/\/www.thedrillstore.com\/wp-content\/uploads\/2024\/03\/TH700-\u9876\u9524\u94bb\u673a-1-768x1072.jpg 768w, https:\/\/www.thedrillstore.com\/wp-content\/uploads\/2024\/03\/TH700-\u9876\u9524\u94bb\u673a-1-1100x1536.jpg 1100w, https:\/\/www.thedrillstore.com\/wp-content\/uploads\/2024\/03\/TH700-\u9876\u9524\u94bb\u673a-1-1467x2048.jpg 1467w, https:\/\/www.thedrillstore.com\/wp-content\/uploads\/2024\/03\/TH700-\u9876\u9524\u94bb\u673a-1-600x838.jpg 600w\" sizes=\"(max-width: 1833px) 100vw, 1833px\" \/><\/p>\n<p>&nbsp;<\/p>","protected":false},"excerpt":{"rendered":"<h4><strong>Diam\u00e8tre du trou: 76 ~ 115mm<\/strong><\/h4>\n<ul>\n<li>Perforateur \u00e0 roche Atlas Copco \u00e0 haute efficacit\u00e9 de perforation.<\/li>\n<li>Haute r\u00e9sistance et super r\u00e9sistance \u00e0 la flexion.<\/li>\n<li>Bonne collecte de poussi\u00e8res.<\/li>\n<li>Moteur diesel Cummins et pompe hydraulique Danfoss.<\/li>\n<li>Syst\u00e8me hydraulique de r\u00e9glage de balan\u00e7age (DOOSAN).<\/li>\n<\/ul>","protected":false},"featured_media":1113,"comment_status":"open","ping_status":"closed","template":"","meta":{"_acf_changed":false},"product_brand":[],"product_cat":[18],"product_tag":[],"class_list":{"0":"post-1111","1":"product","2":"type-product","3":"status-publish","4":"has-post-thumbnail","6":"product_cat-full-hydraulic-top-hammer-drilling-rig","8":"first","9":"instock","10":"shipping-taxable","11":"product-type-simple"},"acf":[],"_links":{"self":[{"href":"https:\/\/www.thedrillstore.com\/fr\/wp-json\/wp\/v2\/product\/1111","targetHints":{"allow":["GET"]}}],"collection":[{"href":"https:\/\/www.thedrillstore.com\/fr\/wp-json\/wp\/v2\/product"}],"about":[{"href":"https:\/\/www.thedrillstore.com\/fr\/wp-json\/wp\/v2\/types\/product"}],"replies":[{"embeddable":true,"href":"https:\/\/www.thedrillstore.com\/fr\/wp-json\/wp\/v2\/comments?post=1111"}],"wp:featuredmedia":[{"embeddable":true,"href":"https:\/\/www.thedrillstore.com\/fr\/wp-json\/wp\/v2\/media\/1113"}],"wp:attachment":[{"href":"https:\/\/www.thedrillstore.com\/fr\/wp-json\/wp\/v2\/media?parent=1111"}],"wp:term":[{"taxonomy":"product_brand","embeddable":true,"href":"https:\/\/www.thedrillstore.com\/fr\/wp-json\/wp\/v2\/product_brand?post=1111"},{"taxonomy":"product_cat","embeddable":true,"href":"https:\/\/www.thedrillstore.com\/fr\/wp-json\/wp\/v2\/product_cat?post=1111"},{"taxonomy":"product_tag","embeddable":true,"href":"https:\/\/www.thedrillstore.com\/fr\/wp-json\/wp\/v2\/product_tag?post=1111"}],"curies":[{"name":"wp","href":"https:\/\/api.w.org\/{rel}","templated":true}]}}