{"id":1176,"date":"2024-03-28T17:50:51","date_gmt":"2024-03-28T09:50:51","guid":{"rendered":"http:\/\/www.thedrillstore.com\/?post_type=product&#038;p=1176"},"modified":"2024-04-09T10:52:17","modified_gmt":"2024-04-09T02:52:17","slug":"tds-c600-17-bar-air-compressor-for-drilling-holes","status":"publish","type":"product","link":"https:\/\/www.thedrillstore.com\/fr\/product\/tds-c600-17-bar-air-compressor-for-drilling-holes\/","title":{"rendered":"Compresseur d'air TDS C600"},"content":{"rendered":"<ul>\n<li>Son de fonctionnement faible et conception de moins de vibrations.<\/li>\n<li>Facilit\u00e9 d'entretien.<\/li>\n<li>Faible consommation de carburant pour r\u00e9aliser une utilisation ext\u00e9rieure \u00e0 grande distance; Syst\u00e8me de protection complet, \u00e9conomie d'\u00e9nergie.<\/li>\n<li>Extinction d'air haute efficacit\u00e9:<br \/>\nRotor de grand diam\u00e8tre, extr\u00e9mit\u00e9 d'air connecter avec le moteur diesel par l'accouplement et aucun engrenage de r\u00e9duction \u00e0 l'int\u00e9rieur, plus de fiabilit\u00e9, le<br \/>\nvitesse de rotation est la m\u00eame avec le moteur diesel&#8217; s, plus longue dur\u00e9e de vie.<\/li>\n<li>Moteur diesel de marque c\u00e9l\u00e8bre:<br \/>\nS\u00e9lectionnez le moteur diesel de la marque Cummins ou Yuchai, satisfaisez les exigences d'\u00e9mission de l'Europe, faible consommation d'huile, syst\u00e8me de service apr\u00e8s-vente partout en Chine.<\/li>\n<li>\u00a0Bonne adaptabilit\u00e9 :<br \/>\nLe compresseur d'air portable contr\u00f4le automatiquement la livraison d'air du moteur diesel en correspondant \u00e0 la demande de consommation d'air, ce qui \u00e9quivaut au contr\u00f4le de la conversion de fr\u00e9quence dans le compresseur d'air \u00e0 vis de puissance du moteur.<\/li>\n<\/ul>","protected":false},"excerpt":{"rendered":"<h4><strong>Pression 17Bar<\/strong><\/h4>\n<ul>\n<li>Son de fonctionnement faible et conception de moins de vibrations.<\/li>\n<li>Facilit\u00e9 d'entretien.<\/li>\n<li>Faible consommation de carburant, \u00e9conomie d'\u00e9nergie.<\/li>\n<li>Extinction d'air haute efficacit\u00e9.<\/li>\n<li>Moteur diesel de marque c\u00e9l\u00e8bre:<\/li>\n<li>6. Bonne adaptabilit\u00e9.<\/li>\n<\/ul>","protected":false},"featured_media":1180,"comment_status":"open","ping_status":"closed","template":"","meta":{"_acf_changed":false},"product_brand":[],"product_cat":[24],"product_tag":[],"class_list":{"0":"post-1176","1":"product","2":"type-product","3":"status-publish","4":"has-post-thumbnail","6":"product_cat-air-compressors","8":"first","9":"instock","10":"shipping-taxable","11":"product-type-simple"},"acf":[],"_links":{"self":[{"href":"https:\/\/www.thedrillstore.com\/fr\/wp-json\/wp\/v2\/product\/1176","targetHints":{"allow":["GET"]}}],"collection":[{"href":"https:\/\/www.thedrillstore.com\/fr\/wp-json\/wp\/v2\/product"}],"about":[{"href":"https:\/\/www.thedrillstore.com\/fr\/wp-json\/wp\/v2\/types\/product"}],"replies":[{"embeddable":true,"href":"https:\/\/www.thedrillstore.com\/fr\/wp-json\/wp\/v2\/comments?post=1176"}],"wp:featuredmedia":[{"embeddable":true,"href":"https:\/\/www.thedrillstore.com\/fr\/wp-json\/wp\/v2\/media\/1180"}],"wp:attachment":[{"href":"https:\/\/www.thedrillstore.com\/fr\/wp-json\/wp\/v2\/media?parent=1176"}],"wp:term":[{"taxonomy":"product_brand","embeddable":true,"href":"https:\/\/www.thedrillstore.com\/fr\/wp-json\/wp\/v2\/product_brand?post=1176"},{"taxonomy":"product_cat","embeddable":true,"href":"https:\/\/www.thedrillstore.com\/fr\/wp-json\/wp\/v2\/product_cat?post=1176"},{"taxonomy":"product_tag","embeddable":true,"href":"https:\/\/www.thedrillstore.com\/fr\/wp-json\/wp\/v2\/product_tag?post=1176"}],"curies":[{"name":"wp","href":"https:\/\/api.w.org\/{rel}","templated":true}]}}