{"id":1214,"date":"2024-03-28T18:05:10","date_gmt":"2024-03-28T10:05:10","guid":{"rendered":"http:\/\/www.thedrillstore.com\/?post_type=product&#038;p=1214"},"modified":"2024-04-23T13:46:55","modified_gmt":"2024-04-23T05:46:55","slug":"dth-hammer","status":"publish","type":"product","link":"https:\/\/www.thedrillstore.com\/fr\/product\/dth-hammer\/","title":{"rendered":"Marteau DTH"},"content":{"rendered":"<p><strong>Param\u00e8tre du marteau DTH<\/strong><\/p>\n<p><img fetchpriority=\"high\" decoding=\"async\" class=\"aligncenter size-full wp-image-1217\" src=\"http:\/\/www.thedrillstore.com\/wp-content\/uploads\/2024\/03\/523.jpg\" alt=\"\" width=\"1137\" height=\"644\" srcset=\"https:\/\/www.thedrillstore.com\/wp-content\/uploads\/2024\/03\/523.jpg 1137w, https:\/\/www.thedrillstore.com\/wp-content\/uploads\/2024\/03\/523-300x170.jpg 300w, https:\/\/www.thedrillstore.com\/wp-content\/uploads\/2024\/03\/523-1024x580.jpg 1024w, https:\/\/www.thedrillstore.com\/wp-content\/uploads\/2024\/03\/523-768x435.jpg 768w, https:\/\/www.thedrillstore.com\/wp-content\/uploads\/2024\/03\/523-600x340.jpg 600w\" sizes=\"(max-width: 1137px) 100vw, 1137px\" \/><\/p>\n<p>&nbsp;<\/p>\n<p><img decoding=\"async\" class=\"aligncenter size-full wp-image-1227\" src=\"http:\/\/www.thedrillstore.com\/wp-content\/uploads\/2024\/03\/4857596.jpg\" alt=\"\" width=\"1364\" height=\"561\" srcset=\"https:\/\/www.thedrillstore.com\/wp-content\/uploads\/2024\/03\/4857596.jpg 1364w, https:\/\/www.thedrillstore.com\/wp-content\/uploads\/2024\/03\/4857596-300x123.jpg 300w, https:\/\/www.thedrillstore.com\/wp-content\/uploads\/2024\/03\/4857596-1024x421.jpg 1024w, https:\/\/www.thedrillstore.com\/wp-content\/uploads\/2024\/03\/4857596-768x316.jpg 768w, https:\/\/www.thedrillstore.com\/wp-content\/uploads\/2024\/03\/4857596-600x247.jpg 600w\" sizes=\"(max-width: 1364px) 100vw, 1364px\" \/><\/p>","protected":false},"excerpt":{"rendered":"<p>Conception simple du piston<\/p>\n<ul>\n<li>Longue dur\u00e9e de vie<\/li>\n<li>Transfert \u00e9nerg\u00e9tique plus efficace<\/li>\n<li>Vitesse de forage plus rapide<\/li>\n<li>Consommation d'air plus faible<\/li>\n<li>Consommation d'huile plus faible<\/li>\n<li>Moins de pi\u00e8ces internes, structure simple<\/li>\n<li>Facile \u00e0 d\u00e9monter et \u00e0 entretenir<\/li>\n<\/ul>","protected":false},"featured_media":1220,"comment_status":"open","ping_status":"closed","template":"","meta":{"_acf_changed":false},"product_brand":[],"product_cat":[70,25],"product_tag":[],"class_list":{"0":"post-1214","1":"product","2":"type-product","3":"status-publish","4":"has-post-thumbnail","6":"product_cat-dth-drilling-tools","7":"product_cat-rock-tools","9":"first","10":"instock","11":"shipping-taxable","12":"product-type-simple"},"acf":[],"_links":{"self":[{"href":"https:\/\/www.thedrillstore.com\/fr\/wp-json\/wp\/v2\/product\/1214","targetHints":{"allow":["GET"]}}],"collection":[{"href":"https:\/\/www.thedrillstore.com\/fr\/wp-json\/wp\/v2\/product"}],"about":[{"href":"https:\/\/www.thedrillstore.com\/fr\/wp-json\/wp\/v2\/types\/product"}],"replies":[{"embeddable":true,"href":"https:\/\/www.thedrillstore.com\/fr\/wp-json\/wp\/v2\/comments?post=1214"}],"wp:featuredmedia":[{"embeddable":true,"href":"https:\/\/www.thedrillstore.com\/fr\/wp-json\/wp\/v2\/media\/1220"}],"wp:attachment":[{"href":"https:\/\/www.thedrillstore.com\/fr\/wp-json\/wp\/v2\/media?parent=1214"}],"wp:term":[{"taxonomy":"product_brand","embeddable":true,"href":"https:\/\/www.thedrillstore.com\/fr\/wp-json\/wp\/v2\/product_brand?post=1214"},{"taxonomy":"product_cat","embeddable":true,"href":"https:\/\/www.thedrillstore.com\/fr\/wp-json\/wp\/v2\/product_cat?post=1214"},{"taxonomy":"product_tag","embeddable":true,"href":"https:\/\/www.thedrillstore.com\/fr\/wp-json\/wp\/v2\/product_tag?post=1214"}],"curies":[{"name":"wp","href":"https:\/\/api.w.org\/{rel}","templated":true}]}}