{"id":1235,"date":"2024-03-28T18:09:24","date_gmt":"2024-03-28T10:09:24","guid":{"rendered":"http:\/\/www.thedrillstore.com\/?post_type=product&#038;p=1235"},"modified":"2024-04-23T13:48:34","modified_gmt":"2024-04-23T05:48:34","slug":"tapered-rods","status":"publish","type":"product","link":"https:\/\/www.thedrillstore.com\/fr\/product\/tapered-rods\/","title":{"rendered":"Rods coniques"},"content":{"rendered":"<p><strong>barres de forage conique<\/strong><\/p>\n<p>Avec un c\u00f4t\u00e9 reli\u00e9 \u00e0 la forage \u00e0 roche et l'autre c\u00f4t\u00e9 reli\u00e9 \u00e0 la broche conique, la tige de forage conique transmet de l'\u00e9nergie de la forage \u00e0 roche \u00e0 la broche, on effectue ainsi des travaux de forage. La tige de forage conique est un d\u00e9veloppement suppl\u00e9mentaire des tiges de forage int\u00e9gr\u00e9es. Il a g\u00e9n\u00e9ralement un collier forg\u00e9 pour maintenir la position correcte de la face frappante de la tige dans le forage \u00e0 roche. Les longueurs effectives de la tige de forage conique sont mesur\u00e9es du collier \u00e0 l'extr\u00e9mit\u00e9 de la broche, qui sont g\u00e9n\u00e9ralement de 0,6 \u00e0 3,6 m\u00e8tres.<\/p>\n<p><strong>Param\u00e8tres des tiges de forage coniques<\/strong><\/p>\n<ul>\n<li>Tailles de la tige: Hex.19mm, Hex. 22mm, Hex.25mm<\/li>\n<li>Degr\u00e9s coniques : 4\u00b046', 6\u00b0, 7\u00b0, 11\u00b0, 12\u00b0.<\/li>\n<li>Longueur: 400 &#8211; 8000 mm.<\/li>\n<\/ul>\n<p><strong>Taper Drill Rods Caract\u00e9ristiques<\/strong><\/p>\n<ul>\n<li>Le processus de carburation est appliqu\u00e9 pour promouvoir la duret\u00e9 de surface, accordant ainsi une meilleure qualit\u00e9 d'usure et une meilleure dur\u00e9e de vie des tiges de forage;<\/li>\n<li>23CrNi3Mo, qui est dans la m\u00eame ligue que Sandvik Sandbar 64, est appliqu\u00e9 comme mat\u00e9riau de tige de forage.<\/li>\n<li>\u00c9conomique, bonne performance avec un prix raisonnable.<\/li>\n<li>Types complets de tige de forage pour divers sc\u00e9narios de forage.<\/li>\n<\/ul>\n<p><strong>Applications de tiges de forage coniques<\/strong><\/p>\n<p>Travaux de forage dans le tunnelage, la construction, l'exploitation mini\u00e8re, la carri\u00e8re, etc.<\/p>","protected":false},"excerpt":{"rendered":"<ul>\n<li>\u00c9conomique, bonne performance avec un prix raisonnable.<\/li>\n<li>Types complets de tige de forage pour divers sc\u00e9narios de forage.<\/li>\n<\/ul>","protected":false},"featured_media":1239,"comment_status":"open","ping_status":"closed","template":"","meta":{"_acf_changed":false},"product_brand":[],"product_cat":[25,71],"product_tag":[],"class_list":{"0":"post-1235","1":"product","2":"type-product","3":"status-publish","4":"has-post-thumbnail","6":"product_cat-rock-tools","7":"product_cat-top-hammer-drilling-tools","9":"first","10":"instock","11":"shipping-taxable","12":"product-type-simple"},"acf":[],"_links":{"self":[{"href":"https:\/\/www.thedrillstore.com\/fr\/wp-json\/wp\/v2\/product\/1235","targetHints":{"allow":["GET"]}}],"collection":[{"href":"https:\/\/www.thedrillstore.com\/fr\/wp-json\/wp\/v2\/product"}],"about":[{"href":"https:\/\/www.thedrillstore.com\/fr\/wp-json\/wp\/v2\/types\/product"}],"replies":[{"embeddable":true,"href":"https:\/\/www.thedrillstore.com\/fr\/wp-json\/wp\/v2\/comments?post=1235"}],"wp:featuredmedia":[{"embeddable":true,"href":"https:\/\/www.thedrillstore.com\/fr\/wp-json\/wp\/v2\/media\/1239"}],"wp:attachment":[{"href":"https:\/\/www.thedrillstore.com\/fr\/wp-json\/wp\/v2\/media?parent=1235"}],"wp:term":[{"taxonomy":"product_brand","embeddable":true,"href":"https:\/\/www.thedrillstore.com\/fr\/wp-json\/wp\/v2\/product_brand?post=1235"},{"taxonomy":"product_cat","embeddable":true,"href":"https:\/\/www.thedrillstore.com\/fr\/wp-json\/wp\/v2\/product_cat?post=1235"},{"taxonomy":"product_tag","embeddable":true,"href":"https:\/\/www.thedrillstore.com\/fr\/wp-json\/wp\/v2\/product_tag?post=1235"}],"curies":[{"name":"wp","href":"https:\/\/api.w.org\/{rel}","templated":true}]}}