{"id":1241,"date":"2024-03-28T18:11:21","date_gmt":"2024-03-28T10:11:21","guid":{"rendered":"http:\/\/www.thedrillstore.com\/?post_type=product&#038;p=1241"},"modified":"2024-04-23T13:48:28","modified_gmt":"2024-04-23T05:48:28","slug":"mf-mm-rods","status":"publish","type":"product","link":"https:\/\/www.thedrillstore.com\/fr\/product\/mf-mm-rods\/","title":{"rendered":"MF &#038; des tiges MM"},"content":{"rendered":"<p><strong>Extension des tiges de forage<\/strong><\/p>\n<p>La tige de forage d'extension transmet l'\u00e9nergie du piston de forage \u00e0 la roche, d'un c\u00f4t\u00e9 de la tige est reli\u00e9e \u00e0 l'adaptateur d'accouplement ou de tige, tandis que l'autre c\u00f4t\u00e9 est reli\u00e9 \u00e0 la tige de forage filet\u00e9e.<\/p>\n<p><strong>Param\u00e8tres des tiges de forage d'extension<\/strong><\/p>\n<ul>\n<li>Taille du fil: R32, R38, T38, T45, T51.<\/li>\n<li>Taille de la tige: Round 32, Round 39, Round 46, Round 52.<\/li>\n<li>Longueur: 600mm \u00e0 6059mm.<\/li>\n<li>Fente pour cl\u00e9: avec ou sans<\/li>\n<\/ul>\n<p><strong>Extension Drill RExtExtension Drill Rods Caract\u00e9ristiques<\/strong><\/p>\n<ul>\n<li>Le processus de carburation est appliqu\u00e9 pour promouvoir la duret\u00e9 de surface, accordant ainsi une meilleure qualit\u00e9 d'usure et une meilleure dur\u00e9e de vie des tiges de forage;<\/li>\n<li>23CrNi3Mo, qui est dans la m\u00eame ligue que Sandvik Sandbar 64, est appliqu\u00e9 comme mat\u00e9riau de tige de forage.<\/li>\n<li>\u00c9conomique, bonne performance avec un prix raisonnable.<\/li>\n<li>Types complets de tige de forage pour divers sc\u00e9narios de forage.<\/li>\n<\/ul>\n<p><strong>Applications de tiges de forage d'extension<\/strong><\/p>\n<p>Travaux de forage dans le tunnelage, la construction, l'exploitation mini\u00e8re, la carri\u00e8re, etc.<\/p>","protected":false},"excerpt":{"rendered":"<ul>\n<li>\u00c9conomique, bonne performance avec un prix raisonnable.<\/li>\n<li>Types complets de tige de forage pour divers sc\u00e9narios de forage.<\/li>\n<\/ul>","protected":false},"featured_media":1243,"comment_status":"open","ping_status":"closed","template":"","meta":{"_acf_changed":false},"product_brand":[],"product_cat":[25,71],"product_tag":[],"class_list":{"0":"post-1241","1":"product","2":"type-product","3":"status-publish","4":"has-post-thumbnail","6":"product_cat-rock-tools","7":"product_cat-top-hammer-drilling-tools","9":"first","10":"instock","11":"shipping-taxable","12":"product-type-simple"},"acf":[],"_links":{"self":[{"href":"https:\/\/www.thedrillstore.com\/fr\/wp-json\/wp\/v2\/product\/1241","targetHints":{"allow":["GET"]}}],"collection":[{"href":"https:\/\/www.thedrillstore.com\/fr\/wp-json\/wp\/v2\/product"}],"about":[{"href":"https:\/\/www.thedrillstore.com\/fr\/wp-json\/wp\/v2\/types\/product"}],"replies":[{"embeddable":true,"href":"https:\/\/www.thedrillstore.com\/fr\/wp-json\/wp\/v2\/comments?post=1241"}],"wp:featuredmedia":[{"embeddable":true,"href":"https:\/\/www.thedrillstore.com\/fr\/wp-json\/wp\/v2\/media\/1243"}],"wp:attachment":[{"href":"https:\/\/www.thedrillstore.com\/fr\/wp-json\/wp\/v2\/media?parent=1241"}],"wp:term":[{"taxonomy":"product_brand","embeddable":true,"href":"https:\/\/www.thedrillstore.com\/fr\/wp-json\/wp\/v2\/product_brand?post=1241"},{"taxonomy":"product_cat","embeddable":true,"href":"https:\/\/www.thedrillstore.com\/fr\/wp-json\/wp\/v2\/product_cat?post=1241"},{"taxonomy":"product_tag","embeddable":true,"href":"https:\/\/www.thedrillstore.com\/fr\/wp-json\/wp\/v2\/product_tag?post=1241"}],"curies":[{"name":"wp","href":"https:\/\/api.w.org\/{rel}","templated":true}]}}