{"id":1246,"date":"2024-03-28T18:13:32","date_gmt":"2024-03-28T10:13:32","guid":{"rendered":"http:\/\/www.thedrillstore.com\/?post_type=product&#038;p=1246"},"modified":"2024-04-23T13:48:22","modified_gmt":"2024-04-23T05:48:22","slug":"integral-drill-rods","status":"publish","type":"product","link":"https:\/\/www.thedrillstore.com\/fr\/product\/integral-drill-rods\/","title":{"rendered":"Tiges de forage int\u00e9gr\u00e9es"},"content":{"rendered":"<p><strong>Tiges de forage int\u00e9gr\u00e9es<\/strong><\/p>\n<p>Les tiges de per\u00e7age int\u00e9gr\u00e9es sont id\u00e9ales dans le forage de petits trous, toutes les tiges de per\u00e7age int\u00e9gr\u00e9es se composent d'Hex. tiges avec t\u00eates de broches en forme de ciseau en carbure ciment\u00e9 int\u00e9gr\u00e9. Avec les m\u00eames aciers que Sandvik et les meilleurs carbures fabriqu\u00e9s en Chine, nous fournissons diff\u00e9rentes longueurs de tiges de forage int\u00e9gr\u00e9es avec diff\u00e9rents diam\u00e8tres de t\u00eate.<\/p>\n<p><strong>Param\u00e8tres de tiges de forage int\u00e9gr\u00e9es<\/strong><\/p>\n<ul>\n<li>Taille de la tige: Hex.19 x 108mm, Hex.22 x 108mm, Hex.19 x 82mm<\/li>\n<li>Diam\u00e8tre de la t\u00eate: 26mm \u00e0 42mm.<\/li>\n<li>Longueur: 400 &#8211; 8000 mm.<\/li>\n<\/ul>\n<p><strong>Caract\u00e9ristiques des tiges de forage int\u00e9gr\u00e9es<\/strong><\/p>\n<ul>\n<li>Le processus de carburation est appliqu\u00e9 pour promouvoir la duret\u00e9 de surface, accordant ainsi une meilleure qualit\u00e9 d'usure et une meilleure dur\u00e9e de vie des tiges de forage;<\/li>\n<li>23CrNi3Mo, qui est dans la m\u00eame ligue que Sandvik Sandbar 64, est appliqu\u00e9 comme mat\u00e9riau de tige de forage.<\/li>\n<li>\u00c9conomique, bonne performance avec un prix raisonnable.<\/li>\n<li>Types complets de tige de forage pour divers sc\u00e9narios de forage.<\/li>\n<\/ul>\n<p><img fetchpriority=\"high\" decoding=\"async\" class=\"aligncenter size-full wp-image-1252\" src=\"http:\/\/www.thedrillstore.com\/wp-content\/uploads\/2024\/03\/jkij.png\" alt=\"\" width=\"1137\" height=\"488\" srcset=\"https:\/\/www.thedrillstore.com\/wp-content\/uploads\/2024\/03\/jkij.png 1137w, https:\/\/www.thedrillstore.com\/wp-content\/uploads\/2024\/03\/jkij-300x129.png 300w, https:\/\/www.thedrillstore.com\/wp-content\/uploads\/2024\/03\/jkij-1024x440.png 1024w, https:\/\/www.thedrillstore.com\/wp-content\/uploads\/2024\/03\/jkij-768x330.png 768w, https:\/\/www.thedrillstore.com\/wp-content\/uploads\/2024\/03\/jkij-600x258.png 600w\" sizes=\"(max-width: 1137px) 100vw, 1137px\" \/><\/p>\n<p>&nbsp;<\/p>\n<p><strong>Applications<\/strong><\/p>\n<p>Travaux de forage dans le tunnelage, la construction, l'exploitation mini\u00e8re, la carri\u00e8re, etc.<\/p>","protected":false},"excerpt":{"rendered":"<ul>\n<li>\u00c9conomique, bonne performance avec un prix raisonnable.<\/li>\n<li>Types complets de tige de forage pour divers sc\u00e9narios de forage.<\/li>\n<\/ul>","protected":false},"featured_media":1250,"comment_status":"open","ping_status":"closed","template":"","meta":{"_acf_changed":false},"product_brand":[],"product_cat":[25,71],"product_tag":[],"class_list":{"0":"post-1246","1":"product","2":"type-product","3":"status-publish","4":"has-post-thumbnail","6":"product_cat-rock-tools","7":"product_cat-top-hammer-drilling-tools","9":"first","10":"instock","11":"shipping-taxable","12":"product-type-simple"},"acf":[],"_links":{"self":[{"href":"https:\/\/www.thedrillstore.com\/fr\/wp-json\/wp\/v2\/product\/1246","targetHints":{"allow":["GET"]}}],"collection":[{"href":"https:\/\/www.thedrillstore.com\/fr\/wp-json\/wp\/v2\/product"}],"about":[{"href":"https:\/\/www.thedrillstore.com\/fr\/wp-json\/wp\/v2\/types\/product"}],"replies":[{"embeddable":true,"href":"https:\/\/www.thedrillstore.com\/fr\/wp-json\/wp\/v2\/comments?post=1246"}],"wp:featuredmedia":[{"embeddable":true,"href":"https:\/\/www.thedrillstore.com\/fr\/wp-json\/wp\/v2\/media\/1250"}],"wp:attachment":[{"href":"https:\/\/www.thedrillstore.com\/fr\/wp-json\/wp\/v2\/media?parent=1246"}],"wp:term":[{"taxonomy":"product_brand","embeddable":true,"href":"https:\/\/www.thedrillstore.com\/fr\/wp-json\/wp\/v2\/product_brand?post=1246"},{"taxonomy":"product_cat","embeddable":true,"href":"https:\/\/www.thedrillstore.com\/fr\/wp-json\/wp\/v2\/product_cat?post=1246"},{"taxonomy":"product_tag","embeddable":true,"href":"https:\/\/www.thedrillstore.com\/fr\/wp-json\/wp\/v2\/product_tag?post=1246"}],"curies":[{"name":"wp","href":"https:\/\/api.w.org\/{rel}","templated":true}]}}