{"id":1253,"date":"2024-03-28T18:16:44","date_gmt":"2024-03-28T10:16:44","guid":{"rendered":"http:\/\/www.thedrillstore.com\/?post_type=product&#038;p=1253"},"modified":"2024-04-23T13:48:16","modified_gmt":"2024-04-23T05:48:16","slug":"coupling-sleeves","status":"publish","type":"product","link":"https:\/\/www.thedrillstore.com\/fr\/product\/coupling-sleeves\/","title":{"rendered":"Manches d'accouplement"},"content":{"rendered":"<p><strong>Manches d'accouplement<\/strong><\/p>\n<p>L'accouplement est utilis\u00e9 pour connecter l'adaptateur de tige et la tige de forage d'extension ensemble, ou pour connecter deux tiges d'extension ensemble. Outre les accouplements \u00e9gaux normaux, nous offrons \u00e9galement des accouplements r\u00e9ducteurs capables de changer le type et la taille du filet. Les accouplements que nous offrons peuvent \u00eatre appliqu\u00e9s pour notre syst\u00e8me de forage \u00e0 marteau sup\u00e9rieur, adapt\u00e9 aux t\u00e2ches de forage dans le tunnelage, la construction, l'exploitation mini\u00e8re, la carri\u00e8re, etc.<\/p>\n<p><strong>Manches d'accouplement Param\u00e8tres<\/strong><\/p>\n<ul>\n<li>R25, r28, r32, r38, T38, T45, T51<\/li>\n<li>Diam\u00e8tre: 35mm, 40mm, 45mm, 55mm, 63mm, 66mm, 72mm, 76mm<\/li>\n<li>Longueur: 150mm, 155mm, 170mm, 180mm, 180mm, 190mm, 210mm, 235mm<\/li>\n<li>Type d'accouplement: semi-pont, pont complet, accouplement adaptateur<\/li>\n<\/ul>\n<p><strong>Manches d'accouplement Caract\u00e9ristiques<\/strong><\/p>\n<ul>\n<li>Acier de qualit\u00e9 sup\u00e9rieure comme mat\u00e9riau, CNC de pr\u00e9cision pour la fabrication, pr\u00e9cision et fiabilit\u00e9 assur\u00e9es;<\/li>\n<li>L'efficacit\u00e9 de transmission \u00e9lev\u00e9e permet une efficacit\u00e9 de forage \u00e9lev\u00e9e pour le syst\u00e8me de forage.<\/li>\n<\/ul>\n<p><strong>Manches d'accouplement Applications<\/strong><\/p>\n<p>Travaux de forage pour les t\u00e2ches de soufflage dans le tunnelage, la construction, l'exploitation mini\u00e8re, la carri\u00e8re, etc.<\/p>","protected":false},"excerpt":{"rendered":"<p>Acier de qualit\u00e9 sup\u00e9rieure comme mat\u00e9riau, CNC de pr\u00e9cision pour la fabrication, pr\u00e9cision et fiabilit\u00e9 assur\u00e9es;<\/p>\n<p>L'efficacit\u00e9 de transmission \u00e9lev\u00e9e permet une efficacit\u00e9 de forage \u00e9lev\u00e9e pour le syst\u00e8me de forage.<\/p>","protected":false},"featured_media":1256,"comment_status":"open","ping_status":"closed","template":"","meta":{"_acf_changed":false},"product_brand":[],"product_cat":[25,71],"product_tag":[],"class_list":{"0":"post-1253","1":"product","2":"type-product","3":"status-publish","4":"has-post-thumbnail","6":"product_cat-rock-tools","7":"product_cat-top-hammer-drilling-tools","9":"first","10":"instock","11":"shipping-taxable","12":"product-type-simple"},"acf":[],"_links":{"self":[{"href":"https:\/\/www.thedrillstore.com\/fr\/wp-json\/wp\/v2\/product\/1253","targetHints":{"allow":["GET"]}}],"collection":[{"href":"https:\/\/www.thedrillstore.com\/fr\/wp-json\/wp\/v2\/product"}],"about":[{"href":"https:\/\/www.thedrillstore.com\/fr\/wp-json\/wp\/v2\/types\/product"}],"replies":[{"embeddable":true,"href":"https:\/\/www.thedrillstore.com\/fr\/wp-json\/wp\/v2\/comments?post=1253"}],"wp:featuredmedia":[{"embeddable":true,"href":"https:\/\/www.thedrillstore.com\/fr\/wp-json\/wp\/v2\/media\/1256"}],"wp:attachment":[{"href":"https:\/\/www.thedrillstore.com\/fr\/wp-json\/wp\/v2\/media?parent=1253"}],"wp:term":[{"taxonomy":"product_brand","embeddable":true,"href":"https:\/\/www.thedrillstore.com\/fr\/wp-json\/wp\/v2\/product_brand?post=1253"},{"taxonomy":"product_cat","embeddable":true,"href":"https:\/\/www.thedrillstore.com\/fr\/wp-json\/wp\/v2\/product_cat?post=1253"},{"taxonomy":"product_tag","embeddable":true,"href":"https:\/\/www.thedrillstore.com\/fr\/wp-json\/wp\/v2\/product_tag?post=1253"}],"curies":[{"name":"wp","href":"https:\/\/api.w.org\/{rel}","templated":true}]}}