{"id":1258,"date":"2024-03-28T18:19:52","date_gmt":"2024-03-28T10:19:52","guid":{"rendered":"http:\/\/www.thedrillstore.com\/?post_type=product&#038;p=1258"},"modified":"2024-04-23T13:48:09","modified_gmt":"2024-04-23T05:48:09","slug":"thread-bits","status":"publish","type":"product","link":"https:\/\/www.thedrillstore.com\/fr\/product\/thread-bits\/","title":{"rendered":"Bits de fil"},"content":{"rendered":"<p><strong>Param\u00e8tres de bits filet\u00e9s<\/strong><\/p>\n<ul>\n<li>Taille du fil: R25, R28, SSR28, R32, SSR32, R35, SSR35, R38, T38, T45, T51, SST58, SST68, SGT60;<\/li>\n<li>Diam\u00e8tres de la t\u00eate: 33mm ~ 152mm;<\/li>\n<li>dessins de visage; visage plat, centre de chute, uni-face;<\/li>\n<\/ul>\n<p><img fetchpriority=\"high\" decoding=\"async\" class=\"aligncenter size-full wp-image-1261\" src=\"http:\/\/www.thedrillstore.com\/wp-content\/uploads\/2024\/03\/dsfe.jpg\" alt=\"\" width=\"1680\" height=\"2010\" srcset=\"https:\/\/www.thedrillstore.com\/wp-content\/uploads\/2024\/03\/dsfe.jpg 1680w, https:\/\/www.thedrillstore.com\/wp-content\/uploads\/2024\/03\/dsfe-251x300.jpg 251w, https:\/\/www.thedrillstore.com\/wp-content\/uploads\/2024\/03\/dsfe-856x1024.jpg 856w, https:\/\/www.thedrillstore.com\/wp-content\/uploads\/2024\/03\/dsfe-768x919.jpg 768w, https:\/\/www.thedrillstore.com\/wp-content\/uploads\/2024\/03\/dsfe-1284x1536.jpg 1284w, https:\/\/www.thedrillstore.com\/wp-content\/uploads\/2024\/03\/dsfe-600x718.jpg 600w\" sizes=\"(max-width: 1680px) 100vw, 1680px\" \/><\/p>\n<p><strong>Caract\u00e9ristiques des bits filet\u00e9s<\/strong><\/p>\n<ul>\n<li>Les boutons en alliage sont mont\u00e9s \u00e0 chaud dans la broche, assurant la bonne pr\u00e9cision et la durabilit\u00e9 de la broche;<\/li>\n<li>Fiabilit\u00e9 assur\u00e9e par des mat\u00e9riaux de forage premium et un bouton en alliage premium;<\/li>\n<li>Diff\u00e9rents types con\u00e7us pour diff\u00e9rents sc\u00e9narios de forage et conditions rocheuses;<\/li>\n<li>Vitesse \u00e9lev\u00e9e et efficacit\u00e9 de forage;<\/li>\n<li>\u00c9conomique, bonne performance avec un prix raisonnable.<\/li>\n<\/ul>\n<p><strong>Applications de boutons filet\u00e9s<\/strong><\/p>\n<p>Travaux de forage pour les t\u00e2ches de soufflage dans le tunnelage, la construction, l'exploitation mini\u00e8re, la carri\u00e8re, etc.<\/p>","protected":false},"excerpt":{"rendered":"<p><strong>Bits filet\u00e9s<\/strong><\/p>\n<p>Avec la qualit\u00e9 sup\u00e9rieure des aciers alli\u00e9s import\u00e9s des \u00c9tats-Unis et les meilleurs carbures fabriqu\u00e9s en Chine, nous produisons tous les boutons filet\u00e9s par la technologie de presse \u00e0 chaud.<\/p>","protected":false},"featured_media":1264,"comment_status":"open","ping_status":"closed","template":"","meta":{"_acf_changed":false},"product_brand":[],"product_cat":[25,71],"product_tag":[],"class_list":{"0":"post-1258","1":"product","2":"type-product","3":"status-publish","4":"has-post-thumbnail","6":"product_cat-rock-tools","7":"product_cat-top-hammer-drilling-tools","9":"first","10":"instock","11":"shipping-taxable","12":"product-type-simple"},"acf":[],"_links":{"self":[{"href":"https:\/\/www.thedrillstore.com\/fr\/wp-json\/wp\/v2\/product\/1258","targetHints":{"allow":["GET"]}}],"collection":[{"href":"https:\/\/www.thedrillstore.com\/fr\/wp-json\/wp\/v2\/product"}],"about":[{"href":"https:\/\/www.thedrillstore.com\/fr\/wp-json\/wp\/v2\/types\/product"}],"replies":[{"embeddable":true,"href":"https:\/\/www.thedrillstore.com\/fr\/wp-json\/wp\/v2\/comments?post=1258"}],"wp:featuredmedia":[{"embeddable":true,"href":"https:\/\/www.thedrillstore.com\/fr\/wp-json\/wp\/v2\/media\/1264"}],"wp:attachment":[{"href":"https:\/\/www.thedrillstore.com\/fr\/wp-json\/wp\/v2\/media?parent=1258"}],"wp:term":[{"taxonomy":"product_brand","embeddable":true,"href":"https:\/\/www.thedrillstore.com\/fr\/wp-json\/wp\/v2\/product_brand?post=1258"},{"taxonomy":"product_cat","embeddable":true,"href":"https:\/\/www.thedrillstore.com\/fr\/wp-json\/wp\/v2\/product_cat?post=1258"},{"taxonomy":"product_tag","embeddable":true,"href":"https:\/\/www.thedrillstore.com\/fr\/wp-json\/wp\/v2\/product_tag?post=1258"}],"curies":[{"name":"wp","href":"https:\/\/api.w.org\/{rel}","templated":true}]}}