{"id":1267,"date":"2024-03-28T18:22:22","date_gmt":"2024-03-28T10:22:22","guid":{"rendered":"http:\/\/www.thedrillstore.com\/?post_type=product&#038;p=1267"},"modified":"2024-04-23T13:48:03","modified_gmt":"2024-04-23T05:48:03","slug":"retrac-bits","status":"publish","type":"product","link":"https:\/\/www.thedrillstore.com\/fr\/product\/retrac-bits\/","title":{"rendered":"Bits r\u00e9trac"},"content":{"rendered":"<p><strong>Param\u00e8tres de bits de r\u00e9traction<\/strong><\/p>\n<ul>\n<li>Taille du fil: R25, R28, SSR28, R32, SSR32, R35, SSR35, R38, T38, T45, T51, SST58, SST68, SGT60;<\/li>\n<li>Diam\u00e8tres de la t\u00eate: 51mm ~ 152mm;<\/li>\n<li>dessins de visage; visage plat, centre de chute, uni-face;<\/li>\n<\/ul>\n<p><strong>Caract\u00e9ristiques des boutons filet\u00e9s r\u00e9tractables<\/strong><\/p>\n<ul>\n<li>Les boutons en alliage sont mont\u00e9s \u00e0 chaud dans la broche, assurant la bonne pr\u00e9cision et la durabilit\u00e9 de la broche;<\/li>\n<li>Fiabilit\u00e9 assur\u00e9e par des mat\u00e9riaux de forage premium et un bouton en alliage premium;<\/li>\n<li>Diff\u00e9rents types con\u00e7us pour diff\u00e9rents sc\u00e9narios de forage et conditions rocheuses;<\/li>\n<li>Vitesse \u00e9lev\u00e9e et efficacit\u00e9 de forage;<\/li>\n<li>\u00c9conomique, bonne performance avec un prix raisonnable.<\/li>\n<\/ul>\n<p><strong>Applications de boutons filet\u00e9s r\u00e9tractables<\/strong><\/p>\n<p>Travaux de forage pour les t\u00e2ches de soufflage dans le tunnelage, la construction, l'exploitation mini\u00e8re, la carri\u00e8re, etc.<\/p>","protected":false},"excerpt":{"rendered":"<p><strong>Bits r\u00e9trac<\/strong><\/p>\n<p>Avec la qualit\u00e9 sup\u00e9rieure des aciers alli\u00e9s import\u00e9s des \u00c9tats-Unis et les meilleurs carbures fabriqu\u00e9s en Chine, nous produisons tous les boutons filet\u00e9s par la technologie de presse \u00e0 chaud.<\/p>","protected":false},"featured_media":1271,"comment_status":"open","ping_status":"closed","template":"","meta":{"_acf_changed":false},"product_brand":[],"product_cat":[25,71],"product_tag":[],"class_list":{"0":"post-1267","1":"product","2":"type-product","3":"status-publish","4":"has-post-thumbnail","6":"product_cat-rock-tools","7":"product_cat-top-hammer-drilling-tools","9":"first","10":"instock","11":"shipping-taxable","12":"product-type-simple"},"acf":[],"_links":{"self":[{"href":"https:\/\/www.thedrillstore.com\/fr\/wp-json\/wp\/v2\/product\/1267","targetHints":{"allow":["GET"]}}],"collection":[{"href":"https:\/\/www.thedrillstore.com\/fr\/wp-json\/wp\/v2\/product"}],"about":[{"href":"https:\/\/www.thedrillstore.com\/fr\/wp-json\/wp\/v2\/types\/product"}],"replies":[{"embeddable":true,"href":"https:\/\/www.thedrillstore.com\/fr\/wp-json\/wp\/v2\/comments?post=1267"}],"wp:featuredmedia":[{"embeddable":true,"href":"https:\/\/www.thedrillstore.com\/fr\/wp-json\/wp\/v2\/media\/1271"}],"wp:attachment":[{"href":"https:\/\/www.thedrillstore.com\/fr\/wp-json\/wp\/v2\/media?parent=1267"}],"wp:term":[{"taxonomy":"product_brand","embeddable":true,"href":"https:\/\/www.thedrillstore.com\/fr\/wp-json\/wp\/v2\/product_brand?post=1267"},{"taxonomy":"product_cat","embeddable":true,"href":"https:\/\/www.thedrillstore.com\/fr\/wp-json\/wp\/v2\/product_cat?post=1267"},{"taxonomy":"product_tag","embeddable":true,"href":"https:\/\/www.thedrillstore.com\/fr\/wp-json\/wp\/v2\/product_tag?post=1267"}],"curies":[{"name":"wp","href":"https:\/\/api.w.org\/{rel}","templated":true}]}}