{"id":1274,"date":"2024-03-28T18:24:48","date_gmt":"2024-03-28T10:24:48","guid":{"rendered":"http:\/\/www.thedrillstore.com\/?post_type=product&#038;p=1274"},"modified":"2024-04-23T13:47:56","modified_gmt":"2024-04-23T05:47:56","slug":"tapered-drill-bits","status":"publish","type":"product","link":"https:\/\/www.thedrillstore.com\/fr\/product\/tapered-drill-bits\/","title":{"rendered":"Perceuses coniques"},"content":{"rendered":"<p><strong>Param\u00e8tres de broches coniques<\/strong><\/p>\n<ul>\n<li>Diam\u00e8tre du bit: 26mm \u00e0 60mm;<\/li>\n<li>degr\u00e9 conique : 4\u00b046', 6\u00b0, 7\u00b0, 11\u00b0, 12\u00b0;<\/li>\n<li>Tailles de la tige: Hex. 19mm, Hex, 22mm et Hex. 25 mm;<\/li>\n<li>Type de carbure: Type de ciselle, type de croix, type de bouton.<\/li>\n<\/ul>\n<p><img fetchpriority=\"high\" decoding=\"async\" class=\"aligncenter size-full wp-image-1276\" src=\"http:\/\/www.thedrillstore.com\/wp-content\/uploads\/2024\/03\/45.jpg\" alt=\"\" width=\"783\" height=\"762\" srcset=\"https:\/\/www.thedrillstore.com\/wp-content\/uploads\/2024\/03\/45.jpg 783w, https:\/\/www.thedrillstore.com\/wp-content\/uploads\/2024\/03\/45-300x292.jpg 300w, https:\/\/www.thedrillstore.com\/wp-content\/uploads\/2024\/03\/45-768x747.jpg 768w, https:\/\/www.thedrillstore.com\/wp-content\/uploads\/2024\/03\/45-600x584.jpg 600w\" sizes=\"(max-width: 783px) 100vw, 783px\" \/><\/p>\n<p><strong>Caract\u00e9ristiques des broches de forage coniques<\/strong><\/p>\n<ul>\n<li>La jupe est enrob\u00e9e de zinc pour promouvoir le frottement entre la broche et la tige de per\u00e7age, ce qui permet d'obtenir une meilleure efficacit\u00e9;<\/li>\n<li>Les boutons en alliage sont mont\u00e9s \u00e0 chaud dans la broche, assurant la bonne pr\u00e9cision et la durabilit\u00e9 de la broche;<\/li>\n<li>Fiabilit\u00e9 assur\u00e9e par des mat\u00e9riaux de forage premium et un bouton en alliage premium;<\/li>\n<li>Diff\u00e9rents types con\u00e7us pour diff\u00e9rents sc\u00e9narios de forage et conditions rocheuses;<\/li>\n<li>\u00c9conomique, avec un prix comp\u00e9titif et raisonnable, nos produits offrent une dur\u00e9e de vie de 82% -92% de leurs homologues de marque c\u00e9l\u00e8bres.<\/li>\n<\/ul>\n<p><strong>Avantage des broches de forage coniques\u00a0<\/strong><\/p>\n<ol>\n<li>\u00a0Mat\u00e9riel: mati\u00e8res premi\u00e8res vierges \u00e0 100% avec la taille de grain submicron;<br \/>\n2. Grade: Diverses grades pour le choix;<br \/>\n3. \u00c9quipements de production avanc\u00e9s et \u00e9quipements d'essai<br \/>\n4. Ground de pr\u00e9cision et poli;<br \/>\n5. haute r\u00e9sistance \u00e0 l'usure, duret\u00e9 \u00e9lev\u00e9e et r\u00e9sistance \u00e0 l'impact;<\/li>\n<\/ol>\n<p><strong>Applications de broches de forage coniques<\/strong><\/p>\n<p>Les broches de forage coniques sont reli\u00e9es \u00e0 des tiges de forage coniques pour des t\u00e2ches de forage, adapt\u00e9es au tunnelage, \u00e0 la construction, \u00e0 l'exploitation mini\u00e8re, \u00e0 la carri\u00e8re, etc.<\/p>","protected":false},"excerpt":{"rendered":"<p>Les broches coniques, en particulier les broches coniques sont les broches coniques les plus populaires avec une large s\u00e9lection de diam\u00e8tres de t\u00eate de 26 mm \u00e0 48 mm. Avec des boutons en carbure press\u00e9s \u00e0 chaud sur les jupes de boutons, les boutons coniques ont de bonnes performances de forage et sont excellents dans la long\u00e9vit\u00e9.<\/p>","protected":false},"featured_media":1278,"comment_status":"open","ping_status":"closed","template":"","meta":{"_acf_changed":false},"product_brand":[],"product_cat":[25,71],"product_tag":[],"class_list":{"0":"post-1274","1":"product","2":"type-product","3":"status-publish","4":"has-post-thumbnail","6":"product_cat-rock-tools","7":"product_cat-top-hammer-drilling-tools","9":"first","10":"instock","11":"shipping-taxable","12":"product-type-simple"},"acf":[],"_links":{"self":[{"href":"https:\/\/www.thedrillstore.com\/fr\/wp-json\/wp\/v2\/product\/1274","targetHints":{"allow":["GET"]}}],"collection":[{"href":"https:\/\/www.thedrillstore.com\/fr\/wp-json\/wp\/v2\/product"}],"about":[{"href":"https:\/\/www.thedrillstore.com\/fr\/wp-json\/wp\/v2\/types\/product"}],"replies":[{"embeddable":true,"href":"https:\/\/www.thedrillstore.com\/fr\/wp-json\/wp\/v2\/comments?post=1274"}],"wp:featuredmedia":[{"embeddable":true,"href":"https:\/\/www.thedrillstore.com\/fr\/wp-json\/wp\/v2\/media\/1278"}],"wp:attachment":[{"href":"https:\/\/www.thedrillstore.com\/fr\/wp-json\/wp\/v2\/media?parent=1274"}],"wp:term":[{"taxonomy":"product_brand","embeddable":true,"href":"https:\/\/www.thedrillstore.com\/fr\/wp-json\/wp\/v2\/product_brand?post=1274"},{"taxonomy":"product_cat","embeddable":true,"href":"https:\/\/www.thedrillstore.com\/fr\/wp-json\/wp\/v2\/product_cat?post=1274"},{"taxonomy":"product_tag","embeddable":true,"href":"https:\/\/www.thedrillstore.com\/fr\/wp-json\/wp\/v2\/product_tag?post=1274"}],"curies":[{"name":"wp","href":"https:\/\/api.w.org\/{rel}","templated":true}]}}