{"id":1280,"date":"2024-03-28T18:27:11","date_gmt":"2024-03-28T10:27:11","guid":{"rendered":"http:\/\/www.thedrillstore.com\/?post_type=product&#038;p=1280"},"modified":"2024-04-23T13:47:50","modified_gmt":"2024-04-23T05:47:50","slug":"shank-adapter","status":"publish","type":"product","link":"https:\/\/www.thedrillstore.com\/fr\/product\/shank-adapter\/","title":{"rendered":"Adaptateur Shank"},"content":{"rendered":"<p><strong>Adaptateur Shank<\/strong><\/p>\n<p>L'adaptateur de tige est con\u00e7u pour transmettre l'\u00e9nergie du piston de forage de roche \u00e0 la tige de forage d'extension et enfin \u00e0 la broche de forage. Lors du d\u00e9ploiement, un c\u00f4t\u00e9 de l'adaptateur de tige est connect\u00e9 \u00e0 la tige de forage, tandis que l'autre c\u00f4t\u00e9 devrait \u00eatre connect\u00e9 \u00e0 l'accouplement ou \u00e0 la forage d'extension. L'adaptateur de tige peut \u00eatre d\u00e9ploy\u00e9 pour des t\u00e2ches de forage dans le tunnelage, la construction, l'exploitation mini\u00e8re, la carri\u00e8re, etc.<\/p>\n<p><strong>Param\u00e8tres de l'adaptateur de tige<\/strong><\/p>\n<ul>\n<li>R25, r28, r32, r35, r38, T38, T45, T51, etc.<\/li>\n<li>Diam\u00e8tre: 32mm-70mm<\/li>\n<li>Longueur: 273mm-885mm<\/li>\n<li>Marque de forage \u00e0 roche applicable: Atlas Copco, Tamrock, Ingersoll Rand, Boart Longyear, Furukawa, Montabert, Soonsan, Everdigm, etc.<\/li>\n<\/ul>\n<p><strong>Caract\u00e9ristiques de l'adaptateur Shank<\/strong><\/p>\n<ul>\n<li>Pr\u00e9cision et fiabilit\u00e9 garanties par des mat\u00e9riaux de qualit\u00e9 sup\u00e9rieure, des usinages CNC fins et des proc\u00e9d\u00e9s de traitement thermique;<\/li>\n<li>Le processus de carburation est appliqu\u00e9 pour promouvoir la duret\u00e9 de surface, assurant une meilleure qualit\u00e9 d'usure.<\/li>\n<\/ul>\n<p><strong>Applications d'adaptateur de tige<\/strong><\/p>\n<p>Travaux de forage pour les t\u00e2ches de soufflage dans le tunnelage, la construction, l'exploitation mini\u00e8re, la carri\u00e8re, etc.<\/p>\n<p>&nbsp;<\/p>\n<p><img fetchpriority=\"high\" decoding=\"async\" class=\"aligncenter size-full wp-image-1281\" src=\"http:\/\/www.thedrillstore.com\/wp-content\/uploads\/2024\/03\/hg.jpg\" alt=\"\" width=\"1680\" height=\"1739\" srcset=\"https:\/\/www.thedrillstore.com\/wp-content\/uploads\/2024\/03\/hg.jpg 1680w, https:\/\/www.thedrillstore.com\/wp-content\/uploads\/2024\/03\/hg-290x300.jpg 290w, https:\/\/www.thedrillstore.com\/wp-content\/uploads\/2024\/03\/hg-989x1024.jpg 989w, https:\/\/www.thedrillstore.com\/wp-content\/uploads\/2024\/03\/hg-768x795.jpg 768w, https:\/\/www.thedrillstore.com\/wp-content\/uploads\/2024\/03\/hg-1484x1536.jpg 1484w, https:\/\/www.thedrillstore.com\/wp-content\/uploads\/2024\/03\/hg-600x621.jpg 600w\" sizes=\"(max-width: 1680px) 100vw, 1680px\" \/><\/p>","protected":false},"excerpt":{"rendered":"<p><strong>Caract\u00e9ristiques de l'adaptateur Shank<\/strong><\/p>\n<ul>\n<li>Pr\u00e9cision et fiabilit\u00e9 garanties par des mat\u00e9riaux de qualit\u00e9 sup\u00e9rieure, des usinages CNC fins et des proc\u00e9d\u00e9s de traitement thermique;<\/li>\n<li>Le processus de carburation est appliqu\u00e9 pour promouvoir la duret\u00e9 de surface, assurant une meilleure qualit\u00e9 d'usure.<\/li>\n<\/ul>","protected":false},"featured_media":1284,"comment_status":"open","ping_status":"closed","template":"","meta":{"_acf_changed":false},"product_brand":[],"product_cat":[25,71],"product_tag":[],"class_list":{"0":"post-1280","1":"product","2":"type-product","3":"status-publish","4":"has-post-thumbnail","6":"product_cat-rock-tools","7":"product_cat-top-hammer-drilling-tools","9":"first","10":"instock","11":"shipping-taxable","12":"product-type-simple"},"acf":[],"_links":{"self":[{"href":"https:\/\/www.thedrillstore.com\/fr\/wp-json\/wp\/v2\/product\/1280","targetHints":{"allow":["GET"]}}],"collection":[{"href":"https:\/\/www.thedrillstore.com\/fr\/wp-json\/wp\/v2\/product"}],"about":[{"href":"https:\/\/www.thedrillstore.com\/fr\/wp-json\/wp\/v2\/types\/product"}],"replies":[{"embeddable":true,"href":"https:\/\/www.thedrillstore.com\/fr\/wp-json\/wp\/v2\/comments?post=1280"}],"wp:featuredmedia":[{"embeddable":true,"href":"https:\/\/www.thedrillstore.com\/fr\/wp-json\/wp\/v2\/media\/1284"}],"wp:attachment":[{"href":"https:\/\/www.thedrillstore.com\/fr\/wp-json\/wp\/v2\/media?parent=1280"}],"wp:term":[{"taxonomy":"product_brand","embeddable":true,"href":"https:\/\/www.thedrillstore.com\/fr\/wp-json\/wp\/v2\/product_brand?post=1280"},{"taxonomy":"product_cat","embeddable":true,"href":"https:\/\/www.thedrillstore.com\/fr\/wp-json\/wp\/v2\/product_cat?post=1280"},{"taxonomy":"product_tag","embeddable":true,"href":"https:\/\/www.thedrillstore.com\/fr\/wp-json\/wp\/v2\/product_tag?post=1280"}],"curies":[{"name":"wp","href":"https:\/\/api.w.org\/{rel}","templated":true}]}}