{"id":1288,"date":"2024-03-28T18:33:07","date_gmt":"2024-03-28T10:33:07","guid":{"rendered":"http:\/\/www.thedrillstore.com\/?post_type=product&#038;p=1288"},"modified":"2024-04-23T13:47:45","modified_gmt":"2024-04-23T05:47:45","slug":"tds-s250-pusher-leg-rock-drill","status":"publish","type":"product","link":"https:\/\/www.thedrillstore.com\/fr\/product\/tds-s250-pusher-leg-rock-drill\/","title":{"rendered":"Forage \u00e0 pierre \u00e0 jambe poussoire TDS S250"},"content":{"rendered":"<p>Le TDS S250 est un forage \u00e0 haute performance, facile \u00e0 manipuler, s\u00fbr et durable qui a toujours \u00e9t\u00e9 le premier choix des mineurs pour forer dans les mines, les tunnels, les puits et les constructions hydrauliques.<\/p>\n<p><img fetchpriority=\"high\" decoding=\"async\" class=\"aligncenter size-full wp-image-1295\" src=\"http:\/\/www.thedrillstore.com\/wp-content\/uploads\/2024\/03\/gf-1.jpg\" alt=\"\" width=\"1920\" height=\"914\" srcset=\"https:\/\/www.thedrillstore.com\/wp-content\/uploads\/2024\/03\/gf-1.jpg 1920w, https:\/\/www.thedrillstore.com\/wp-content\/uploads\/2024\/03\/gf-1-300x143.jpg 300w, https:\/\/www.thedrillstore.com\/wp-content\/uploads\/2024\/03\/gf-1-1024x487.jpg 1024w, https:\/\/www.thedrillstore.com\/wp-content\/uploads\/2024\/03\/gf-1-768x366.jpg 768w, https:\/\/www.thedrillstore.com\/wp-content\/uploads\/2024\/03\/gf-1-1536x731.jpg 1536w, https:\/\/www.thedrillstore.com\/wp-content\/uploads\/2024\/03\/gf-1-600x286.jpg 600w\" sizes=\"(max-width: 1920px) 100vw, 1920px\" \/><\/p>","protected":false},"excerpt":{"rendered":"<ul>\n<li>Faible co\u00fbt et moins de bruit<\/li>\n<li>Plus de couple et de p\u00e9n\u00e9tration<\/li>\n<li>Contr\u00f4le facile et fiabilit\u00e9 durable<\/li>\n<li>Offre Jackleg Stopper et Sinker<\/li>\n<\/ul>","protected":false},"featured_media":1299,"comment_status":"open","ping_status":"closed","template":"","meta":{"_acf_changed":false},"product_brand":[],"product_cat":[25,71],"product_tag":[],"class_list":{"0":"post-1288","1":"product","2":"type-product","3":"status-publish","4":"has-post-thumbnail","6":"product_cat-rock-tools","7":"product_cat-top-hammer-drilling-tools","9":"first","10":"instock","11":"shipping-taxable","12":"product-type-simple"},"acf":[],"_links":{"self":[{"href":"https:\/\/www.thedrillstore.com\/fr\/wp-json\/wp\/v2\/product\/1288","targetHints":{"allow":["GET"]}}],"collection":[{"href":"https:\/\/www.thedrillstore.com\/fr\/wp-json\/wp\/v2\/product"}],"about":[{"href":"https:\/\/www.thedrillstore.com\/fr\/wp-json\/wp\/v2\/types\/product"}],"replies":[{"embeddable":true,"href":"https:\/\/www.thedrillstore.com\/fr\/wp-json\/wp\/v2\/comments?post=1288"}],"wp:featuredmedia":[{"embeddable":true,"href":"https:\/\/www.thedrillstore.com\/fr\/wp-json\/wp\/v2\/media\/1299"}],"wp:attachment":[{"href":"https:\/\/www.thedrillstore.com\/fr\/wp-json\/wp\/v2\/media?parent=1288"}],"wp:term":[{"taxonomy":"product_brand","embeddable":true,"href":"https:\/\/www.thedrillstore.com\/fr\/wp-json\/wp\/v2\/product_brand?post=1288"},{"taxonomy":"product_cat","embeddable":true,"href":"https:\/\/www.thedrillstore.com\/fr\/wp-json\/wp\/v2\/product_cat?post=1288"},{"taxonomy":"product_tag","embeddable":true,"href":"https:\/\/www.thedrillstore.com\/fr\/wp-json\/wp\/v2\/product_tag?post=1288"}],"curies":[{"name":"wp","href":"https:\/\/api.w.org\/{rel}","templated":true}]}}