{"id":1302,"date":"2024-03-28T18:34:46","date_gmt":"2024-03-28T10:34:46","guid":{"rendered":"http:\/\/www.thedrillstore.com\/?post_type=product&#038;p=1302"},"modified":"2024-04-23T13:47:38","modified_gmt":"2024-04-23T05:47:38","slug":"tds-yt29a-air-leg-rock-drill","status":"publish","type":"product","link":"https:\/\/www.thedrillstore.com\/fr\/product\/tds-yt29a-air-leg-rock-drill\/","title":{"rendered":"TDS YT29A Air-jambe Rock Drill"},"content":{"rendered":"<p>Gamme appliqu\u00e9e<\/p>\n<p>Il convient aux op\u00e9rations de forage dans les grandes mines, les mines moyennes et les tunnels.<br \/>\nNos forages \u00e0 pierre \u00e0 jambe \u00e0 air ont les caract\u00e9ristiques suivantes:<br \/>\n1. Convient pour le forage humide dans la roche moyennement dure ou dure<br \/>\n2. M\u00e9canisme de contr\u00f4le regroup\u00e9, rapide \u00e0 d\u00e9marrer, avec &#8220; air sur, eau sur, air hors, eau hors&#8221; m\u00e9canisme, pratique \u00e0 manipuler et facile \u00e0 entretenir et \u00e0 r\u00e9parer.<br \/>\n3. \u00c9conomie d'\u00e9nergie et efficacit\u00e9, longue dur\u00e9e de vie des pi\u00e8ces qui sont hautement interchangeables et performances fiables.<\/p>\n<p>&nbsp;<\/p>\n<p><strong>Param\u00e8tre<\/strong><\/p>\n<table>\n<tbody>\n<tr>\n<td width=\"277\"><strong><b>Mod\u00e8le<\/b><\/strong><\/td>\n<td width=\"276\"><strong><b>Yt29a<\/b><\/strong><\/td>\n<\/tr>\n<tr>\n<td width=\"277\">Poids<\/td>\n<td width=\"276\">27<\/td>\n<\/tr>\n<tr>\n<td width=\"277\">Cylindre dia<\/td>\n<td width=\"276\">82 mm<\/td>\n<\/tr>\n<tr>\n<td width=\"277\">Course du piston<\/td>\n<td width=\"276\">60 mm<\/td>\n<\/tr>\n<tr>\n<td width=\"277\">Pression de travail<\/td>\n<td width=\"276\">0,4 \u00e0 0,63 (Mpa)<\/td>\n<\/tr>\n<tr>\n<td width=\"277\">Impact engery<\/td>\n<td width=\"276\">70 J<\/td>\n<\/tr>\n<tr>\n<td width=\"277\">Fr\u00e9quence d'impact<\/td>\n<td width=\"276\">\u226537 Hz<\/td>\n<\/tr>\n<tr>\n<td width=\"277\">Consommation d'air<\/td>\n<td width=\"276\">65 L\/s<\/td>\n<\/tr>\n<tr>\n<td width=\"277\">Profondeur du trou de forage de roche<\/td>\n<td width=\"276\">\u00e0 5 m<\/td>\n<\/tr>\n<tr>\n<td width=\"277\">Taille de la tige<\/td>\n<td width=\"276\">H22 \u00d7 108 \u00b1 1 mm<\/td>\n<\/tr>\n<tr>\n<td width=\"277\"><u>Trou de forage de roche dia<\/u><\/td>\n<td width=\"276\"><u>34 \u00e0 45 mm<\/u><\/td>\n<\/tr>\n<\/tbody>\n<\/table>","protected":false},"excerpt":{"rendered":"<p><strong>Faible co\u00fbt et moins de bruit<\/strong><\/p>\n<ul>\n<li>Plus de couple et de p\u00e9n\u00e9tration<\/li>\n<li>Contr\u00f4le facile et fiabilit\u00e9 durable<\/li>\n<\/ul>","protected":false},"featured_media":1303,"comment_status":"open","ping_status":"closed","template":"","meta":{"_acf_changed":false},"product_brand":[],"product_cat":[25,71],"product_tag":[],"class_list":{"0":"post-1302","1":"product","2":"type-product","3":"status-publish","4":"has-post-thumbnail","6":"product_cat-rock-tools","7":"product_cat-top-hammer-drilling-tools","9":"first","10":"instock","11":"shipping-taxable","12":"product-type-simple"},"acf":[],"_links":{"self":[{"href":"https:\/\/www.thedrillstore.com\/fr\/wp-json\/wp\/v2\/product\/1302","targetHints":{"allow":["GET"]}}],"collection":[{"href":"https:\/\/www.thedrillstore.com\/fr\/wp-json\/wp\/v2\/product"}],"about":[{"href":"https:\/\/www.thedrillstore.com\/fr\/wp-json\/wp\/v2\/types\/product"}],"replies":[{"embeddable":true,"href":"https:\/\/www.thedrillstore.com\/fr\/wp-json\/wp\/v2\/comments?post=1302"}],"wp:featuredmedia":[{"embeddable":true,"href":"https:\/\/www.thedrillstore.com\/fr\/wp-json\/wp\/v2\/media\/1303"}],"wp:attachment":[{"href":"https:\/\/www.thedrillstore.com\/fr\/wp-json\/wp\/v2\/media?parent=1302"}],"wp:term":[{"taxonomy":"product_brand","embeddable":true,"href":"https:\/\/www.thedrillstore.com\/fr\/wp-json\/wp\/v2\/product_brand?post=1302"},{"taxonomy":"product_cat","embeddable":true,"href":"https:\/\/www.thedrillstore.com\/fr\/wp-json\/wp\/v2\/product_cat?post=1302"},{"taxonomy":"product_tag","embeddable":true,"href":"https:\/\/www.thedrillstore.com\/fr\/wp-json\/wp\/v2\/product_tag?post=1302"}],"curies":[{"name":"wp","href":"https:\/\/api.w.org\/{rel}","templated":true}]}}