{"id":1305,"date":"2024-03-28T18:36:23","date_gmt":"2024-03-28T10:36:23","guid":{"rendered":"http:\/\/www.thedrillstore.com\/?post_type=product&#038;p=1305"},"modified":"2024-04-23T13:47:30","modified_gmt":"2024-04-23T05:47:30","slug":"yt28-air-leg-rock-drill","status":"publish","type":"product","link":"https:\/\/www.thedrillstore.com\/fr\/product\/yt28-air-leg-rock-drill\/","title":{"rendered":"YT28 Air Leg Rock Drill\u00a0"},"content":{"rendered":"<p>YT28 Air Leg Rock Drill<\/p>\n<ol>\n<li>M\u00e9canisme de contr\u00f4le regroup\u00e9, rapide de d\u00e9marrage, avec &#8220; air-sur, eau-sur, air-off, eau-off&#8221; m\u00e9canisme, fonctionnement et entretien faciles.<\/li>\n<li>Faible bruit, petites vibrations, pi\u00e8ces \u00e9conomiques d'\u00e9nergie et efficaces, hautement interchangeables avec une longue dur\u00e9e de vie, des performances fiables.<\/li>\n<li>Diff\u00e9rent des produits similaires en particulier par son rendement \u00e9lev\u00e9, son rin\u00e7age fort et son couple puissant.<\/li>\n<\/ol>\n<p><img fetchpriority=\"high\" decoding=\"async\" class=\"aligncenter size-full wp-image-1306\" src=\"http:\/\/www.thedrillstore.com\/wp-content\/uploads\/2024\/03\/dd.jpg\" alt=\"\" width=\"887\" height=\"423\" srcset=\"https:\/\/www.thedrillstore.com\/wp-content\/uploads\/2024\/03\/dd.jpg 887w, https:\/\/www.thedrillstore.com\/wp-content\/uploads\/2024\/03\/dd-300x143.jpg 300w, https:\/\/www.thedrillstore.com\/wp-content\/uploads\/2024\/03\/dd-768x366.jpg 768w, https:\/\/www.thedrillstore.com\/wp-content\/uploads\/2024\/03\/dd-600x286.jpg 600w\" sizes=\"(max-width: 887px) 100vw, 887px\" \/><\/p>","protected":false},"excerpt":{"rendered":"<ul>\n<li>Faible co\u00fbt et moins de bruit<\/li>\n<li>Plus de couple et de p\u00e9n\u00e9tration<\/li>\n<li>Contr\u00f4le facile et fiabilit\u00e9 durable<\/li>\n<\/ul>","protected":false},"featured_media":1308,"comment_status":"open","ping_status":"closed","template":"","meta":{"_acf_changed":false},"product_brand":[],"product_cat":[25,71],"product_tag":[],"class_list":{"0":"post-1305","1":"product","2":"type-product","3":"status-publish","4":"has-post-thumbnail","6":"product_cat-rock-tools","7":"product_cat-top-hammer-drilling-tools","9":"first","10":"instock","11":"shipping-taxable","12":"product-type-simple"},"acf":[],"_links":{"self":[{"href":"https:\/\/www.thedrillstore.com\/fr\/wp-json\/wp\/v2\/product\/1305","targetHints":{"allow":["GET"]}}],"collection":[{"href":"https:\/\/www.thedrillstore.com\/fr\/wp-json\/wp\/v2\/product"}],"about":[{"href":"https:\/\/www.thedrillstore.com\/fr\/wp-json\/wp\/v2\/types\/product"}],"replies":[{"embeddable":true,"href":"https:\/\/www.thedrillstore.com\/fr\/wp-json\/wp\/v2\/comments?post=1305"}],"wp:featuredmedia":[{"embeddable":true,"href":"https:\/\/www.thedrillstore.com\/fr\/wp-json\/wp\/v2\/media\/1308"}],"wp:attachment":[{"href":"https:\/\/www.thedrillstore.com\/fr\/wp-json\/wp\/v2\/media?parent=1305"}],"wp:term":[{"taxonomy":"product_brand","embeddable":true,"href":"https:\/\/www.thedrillstore.com\/fr\/wp-json\/wp\/v2\/product_brand?post=1305"},{"taxonomy":"product_cat","embeddable":true,"href":"https:\/\/www.thedrillstore.com\/fr\/wp-json\/wp\/v2\/product_cat?post=1305"},{"taxonomy":"product_tag","embeddable":true,"href":"https:\/\/www.thedrillstore.com\/fr\/wp-json\/wp\/v2\/product_tag?post=1305"}],"curies":[{"name":"wp","href":"https:\/\/api.w.org\/{rel}","templated":true}]}}