{"id":1315,"date":"2024-03-28T18:39:33","date_gmt":"2024-03-28T10:39:33","guid":{"rendered":"http:\/\/www.thedrillstore.com\/?post_type=product&#038;p=1315"},"modified":"2025-08-08T13:51:26","modified_gmt":"2025-08-08T05:51:26","slug":"kits-and-consumables","status":"publish","type":"product","link":"https:\/\/www.thedrillstore.com\/fr\/product\/kits-and-consumables\/","title":{"rendered":"Kits et consommables"},"content":{"rendered":"<p><span style=\"color: #000000; font-family: arial, helvetica, sans-serif;\">Notre entreprise&#8217; s fournissent les ensembles complets de pi\u00e8ces d\u00e9tach\u00e9es avec des mati\u00e8res premi\u00e8res de haute qualit\u00e9 pour assurer la durabilit\u00e9 des produits, des \u00e9quipements de production CNC avanc\u00e9s et des processus d'inspection stricts pour assurer la pr\u00e9cision du produit, et des d\u00e9cennies d'exp\u00e9rience de production rendent ces pi\u00e8ces et plates-formes parfaitement compatibles. Rendez votre \u00e9quipement plus durable et garantissez une production plus efficace avec le\u00a0<a style=\"color: #000000;\" href=\"http:\/\/www.taiyedrilling.com\/drilling-rig-parts\/\">Pi\u00e8ces de forage \u00e0 vendre<\/a>.<\/span><\/p>\n<p><span style=\"color: #000000; font-family: arial, helvetica, sans-serif;\">Gr\u00e2ce \u00e0 la qualit\u00e9 de notre diversit\u00e9 de stock, nous vous offrons des possibilit\u00e9s de r\u00e9paration plus rapides et r\u00e9duisons vos co\u00fbts de stock et de r\u00e9paration.<\/span><\/p>","protected":false},"excerpt":{"rendered":"<p>Gr\u00e2ce \u00e0 la qualit\u00e9 de notre diversit\u00e9 de stock, nous vous offrons des possibilit\u00e9s de r\u00e9paration plus rapides et r\u00e9duisons vos co\u00fbts de stock et de r\u00e9paration.<\/p>","protected":false},"featured_media":3001,"comment_status":"closed","ping_status":"closed","template":"","meta":{"_acf_changed":false},"product_brand":[],"product_cat":[26],"product_tag":[],"class_list":{"0":"post-1315","1":"product","2":"type-product","3":"status-publish","4":"has-post-thumbnail","6":"product_cat-kits-and-consumables","8":"first","9":"instock","10":"shipping-taxable","11":"product-type-simple"},"acf":[],"_links":{"self":[{"href":"https:\/\/www.thedrillstore.com\/fr\/wp-json\/wp\/v2\/product\/1315","targetHints":{"allow":["GET"]}}],"collection":[{"href":"https:\/\/www.thedrillstore.com\/fr\/wp-json\/wp\/v2\/product"}],"about":[{"href":"https:\/\/www.thedrillstore.com\/fr\/wp-json\/wp\/v2\/types\/product"}],"replies":[{"embeddable":true,"href":"https:\/\/www.thedrillstore.com\/fr\/wp-json\/wp\/v2\/comments?post=1315"}],"wp:featuredmedia":[{"embeddable":true,"href":"https:\/\/www.thedrillstore.com\/fr\/wp-json\/wp\/v2\/media\/3001"}],"wp:attachment":[{"href":"https:\/\/www.thedrillstore.com\/fr\/wp-json\/wp\/v2\/media?parent=1315"}],"wp:term":[{"taxonomy":"product_brand","embeddable":true,"href":"https:\/\/www.thedrillstore.com\/fr\/wp-json\/wp\/v2\/product_brand?post=1315"},{"taxonomy":"product_cat","embeddable":true,"href":"https:\/\/www.thedrillstore.com\/fr\/wp-json\/wp\/v2\/product_cat?post=1315"},{"taxonomy":"product_tag","embeddable":true,"href":"https:\/\/www.thedrillstore.com\/fr\/wp-json\/wp\/v2\/product_tag?post=1315"}],"curies":[{"name":"wp","href":"https:\/\/api.w.org\/{rel}","templated":true}]}}