{"id":2624,"date":"2025-04-03T17:25:54","date_gmt":"2025-04-03T09:25:54","guid":{"rendered":"https:\/\/www.thedrillstore.com\/product\/tds-560-semi-hydraulic-dth-drilling-rig-drilling-range-95130mm-2-2-2\/"},"modified":"2026-03-02T13:38:39","modified_gmt":"2026-03-02T05:38:39","slug":"surface-coring-drilling-rig-c1800","status":"publish","type":"product","link":"https:\/\/www.thedrillstore.com\/fr\/product\/surface-coring-drilling-rig-c1800\/","title":{"rendered":"Surface Core Drilling Rig C1800"},"content":{"rendered":"<p>Concept de produit<\/p>\n<p>La plate-forme de forage de coring de corde de diamant est con\u00e7ue sp\u00e9cifiquement pour les op\u00e9rations de surface, la conception guid\u00e9e facilite le d\u00e9placement de l'\u00e9quipement, ce type de plate-forme de forage adopte les composants hydrauliques courants internationaux actuels (pompe hydraulique, moteur, vanne hydraulique, etc.) pour assurer la dur\u00e9e de vie et les performances de travail stables de l'\u00e9quipement, les conceptions multifonctionnelles sont plus propices \u00e0 l'am\u00e9lioration de la s\u00e9curit\u00e9 du dispositif<\/p>\n<p>Caract\u00e9ristiques techniques<\/p>\n<p>Conception 1.Crawler, entra\u00eenement hydraulique pour toutes les fonctions de la machine, l'\u00e9quipement est g\u00e9r\u00e9 par t\u00e9l\u00e9commande et poign\u00e9e hydraulique (rapport \u00e9lectro-hydraulique contr\u00f4l\u00e9 par le pilote) pour marcher, assurer la s\u00e9curit\u00e9 du personnel pendant le mouvement de l'\u00e9quipement.<\/p>\n<p>2.Side t\u00eate d'alimentation coulissante, lib\u00e9rez rapidement la position du trou pour l'exploitation d'extraction du noyau, plus grande s\u00e9curit\u00e9 et efficacit\u00e9 op\u00e9rationnelle.<\/p>\n<p>3.Le serrage du mandron adopte un ressort de gaz d'azote pour assurer la lib\u00e9ration \u00e0 long terme et l'op\u00e9ration de serrage.<\/p>\n<p>4.Le m\u00e9canisme de double vitesse de cha\u00eene assure que l'\u00e9quipement a une distance de trajet de 3200mm, r\u00e9duisant le poids de l'\u00e9quipement.<\/p>\n<p>5.Cummins moteur diesel 4 cylindres r\u00e9pond aux normes d'\u00e9mission et r\u00e9duit la pollution atmosph\u00e9rique.<\/p>\n<p>6. m\u00e2t en alliage d'aluminium, l\u00e9ger, facile \u00e0 installer et \u00e0 d\u00e9monter.<\/p>\n<p>7.La structure de carrosserie compacte facilite le d\u00e9placement de l'\u00e9quipement sur des routes \u00e9troites et raides.<\/p>\n<p>La conception unique du syst\u00e8me hydraulique adopte un contr\u00f4le sensible \u00e0 la charge pour les syst\u00e8mes principaux et auxiliaires, et un grand nombre de groupes de vannes ros\u00e9es import\u00e9es sont utilis\u00e9s, avec une int\u00e9gration \u00e9lev\u00e9e, un syst\u00e8me simple et une efficacit\u00e9 \u00e9lev\u00e9e.<\/p>","protected":false},"excerpt":{"rendered":"<p>Product Concept The diamond rope coring drilling rig is designed specifically for surfacecoring operations,the tracked design facilitates equipment relocation,thistype of drilling rig adopts the current international mainstream hydrauliccomponents (hydraulic pump, motor, hydraulic valve, etc.) to ensure theservice life and stable working performance of the equipment,multiplefunctional designs are more conducive to improving device safety Technical Features [&hellip;]<\/p>\n","protected":false},"featured_media":3418,"comment_status":"closed","ping_status":"closed","template":"","meta":{"_acf_changed":false},"product_brand":[],"product_cat":[72],"product_tag":[],"class_list":{"0":"post-2624","1":"product","2":"type-product","3":"status-publish","4":"has-post-thumbnail","6":"product_cat-surface-core-drilling-rig","8":"first","9":"instock","10":"shipping-taxable","11":"product-type-simple"},"acf":[],"_links":{"self":[{"href":"https:\/\/www.thedrillstore.com\/fr\/wp-json\/wp\/v2\/product\/2624","targetHints":{"allow":["GET"]}}],"collection":[{"href":"https:\/\/www.thedrillstore.com\/fr\/wp-json\/wp\/v2\/product"}],"about":[{"href":"https:\/\/www.thedrillstore.com\/fr\/wp-json\/wp\/v2\/types\/product"}],"replies":[{"embeddable":true,"href":"https:\/\/www.thedrillstore.com\/fr\/wp-json\/wp\/v2\/comments?post=2624"}],"wp:featuredmedia":[{"embeddable":true,"href":"https:\/\/www.thedrillstore.com\/fr\/wp-json\/wp\/v2\/media\/3418"}],"wp:attachment":[{"href":"https:\/\/www.thedrillstore.com\/fr\/wp-json\/wp\/v2\/media?parent=2624"}],"wp:term":[{"taxonomy":"product_brand","embeddable":true,"href":"https:\/\/www.thedrillstore.com\/fr\/wp-json\/wp\/v2\/product_brand?post=2624"},{"taxonomy":"product_cat","embeddable":true,"href":"https:\/\/www.thedrillstore.com\/fr\/wp-json\/wp\/v2\/product_cat?post=2624"},{"taxonomy":"product_tag","embeddable":true,"href":"https:\/\/www.thedrillstore.com\/fr\/wp-json\/wp\/v2\/product_tag?post=2624"}],"curies":[{"name":"wp","href":"https:\/\/api.w.org\/{rel}","templated":true}]}}