{"id":1111,"date":"2024-03-28T17:35:15","date_gmt":"2024-03-28T09:35:15","guid":{"rendered":"http:\/\/www.thedrillstore.com\/?post_type=product&#038;p=1111"},"modified":"2024-04-11T14:57:15","modified_gmt":"2024-04-11T06:57:15","slug":"tds-th700-full-hydraulic-surface-top-hammer-drilling-rig-drilling-range-76115mm","status":"publish","type":"product","link":"https:\/\/www.thedrillstore.com\/it\/product\/tds-th700-full-hydraulic-surface-top-hammer-drilling-rig-drilling-range-76115mm\/","title":{"rendered":"TDS-TH700 piattaforma di perforazione a martello idraulico superiore"},"content":{"rendered":"<p>Rig Gamma di perforazione applicabile: 76-115mm<\/p>\n<p>TH700 piattaforma di perforazione a martello superiore a superficie idraulica completa adotta motore diesel ad alta potenza con forte potenza, che pu\u00f2 facilmente soddisfare i requisiti di potenza di condizioni di lavoro difficili come alta altitudine e freddo estremo; dotato di trapano a roccia ad alta pressione ad alta potenza Atlas Copco, ha un'alta efficienza di perforazione. Questo prodotto \u00e8 ampiamente utilizzato nello scavo di lavori di terra in miniere a cielo aperto e progetti di costruzione, operazioni di foratura come il recupero di cava e il trattamento delle pendici.<\/p>\n<p><strong>Sistema di alimentazione<\/strong><\/p>\n<p>Il motore diesel turbocompresso ad alta potenza standard nazionale III fornisce una riserva di potenza sufficiente per l'intero veicolo, rendendo la piattaforma di perforazione pi\u00f9 adattabile ad ambienti di lavoro duri come ad alta altitudine e freddo estremo.<\/p>\n<p><strong><b>cabina<\/b><\/strong><\/p>\n<p>Dotato di sistema di refrigerazione e riscaldamento ad alta potenza, pu\u00f2 funzionare normalmente in varie condizioni meteorologiche severe. La modalit\u00e0 di controllo principale della maniglia rende il funzionamento pi\u00f9 conciso e conveniente e fornisce un buon ambiente di lavoro per l'operatore, lontano dall'inquinamento da polveri.<\/p>\n<p><strong>Sistema telaio<\/strong><\/p>\n<p>Il telaio a rotazione di tipo cingolante \u00e8 dotato di un sistema di trazione idraulica ad alta potenza a due velocit\u00e0 e di un sistema idraulico di regolazione dell'oscillazione, nonch\u00e9 di un design di larghezza della fuselaggio di piccole dimensioni, che rende la piattaforma di foratura eccellente fuori strada e manovrabilit\u00e0.<\/p>\n<p><strong>Sistema di controllo<\/strong><\/p>\n<p>Il sistema di controllore logico programmabile ha alta affidabilit\u00e0, installazione semplice, manutenzione conveniente, spazio di espansione della funzione potente e diagnosi di guasto facile.<\/p>\n<p><strong>Sistema di sicurezza<\/strong><\/p>\n<p>Visualizzazione integrata dei dati di allarme come temperatura e pressione dell'olio del motore, temperatura e livello dell'acqua del liquido refrigerante, temperatura e pressione dello scarico dell'aria compressa e altri dispositivi di sicurezza come tercicristallino, angolometro, arresto di emergenza e indicazione della ricarica della batteria.<\/p>\n<p><strong>Sistema di raccolta polvere a due fasi<\/strong><\/p>\n<p>Il sistema di raccolta polvere secca a due fasi pu\u00f2 essere autopulito online e l'effetto di raccolta polvere \u00e8 buono, che soddisfa i requisiti nazionali di emissione di polvere.<\/p>\n<p><strong>Sistema push beam<\/strong><\/p>\n<p>La trave in lega di alluminio guidata dal cilindro dell'olio e dalla corda di filo ha una resistenza superiore e una resistenza alla piegatura superiore e pu\u00f2 raggiungere la rettitudine di foratura ideale. Rispetto ai foratori a catena, G7 \u00e8 pi\u00f9 stabile durante la perforazione. Il fascio di propulsione \u00e8 dotato di un sistema meccanizzato di cambio di barra e l'operatore pu\u00f2 completare l'azione di carico e scarico della barra nella cabina, riducendo l'intensit\u00e0 del lavoro, risparmiando i costi del lavoro e migliorando l'efficienza produttiva.<\/p>\n<p><strong>Foro idraulico a roccia<\/strong><\/p>\n<p>Dotato di Epiroc ad alta potenza e ad alta pressione progettato dal Gruppo Epiroc, ha un'alta efficienza di perforazione, alto e basso impatto, propulsione a controllo della pressione rotativa, sistema di tampone doppio e funzione anti-blocco automatica, in modo da ridurre la perdita di strumenti di foratura e allo stesso tempo eseguire diverse operazioni di roccia. pi\u00f9 adattabile alla situazione.<\/p>\n<p><strong>Sistema di pompa<\/strong><\/p>\n<p>\u00c8 adottata la struttura della barra con sezione trasversale rettangolare e la barra \u00e8 azionata dal cilindro idraulico per garantire la flessibilit\u00e0 e la stabilit\u00e0 del sistema della barra di foratura. Allo stesso tempo, il design squisito del sedile di sterzo e del supporto della fascia di propulsione consente alla piattaforma di foratura di forare fori verticali e orizzontali di 0,3 ~ 7,6 m nella facciata e l'area di copertura di foratura nel piano pu\u00f2 raggiungere 17 m2.<\/p>\n<p><img fetchpriority=\"high\" decoding=\"async\" class=\"aligncenter size-full wp-image-1126\" src=\"http:\/\/www.thedrillstore.com\/wp-content\/uploads\/2024\/03\/\u9876\u9524\u94bb\u673a-\u62f7\u8d1d.jpg\" alt=\"\" width=\"1920\" height=\"1275\" srcset=\"https:\/\/www.thedrillstore.com\/wp-content\/uploads\/2024\/03\/\u9876\u9524\u94bb\u673a-\u62f7\u8d1d.jpg 1920w, https:\/\/www.thedrillstore.com\/wp-content\/uploads\/2024\/03\/\u9876\u9524\u94bb\u673a-\u62f7\u8d1d-300x199.jpg 300w, https:\/\/www.thedrillstore.com\/wp-content\/uploads\/2024\/03\/\u9876\u9524\u94bb\u673a-\u62f7\u8d1d-1024x680.jpg 1024w, https:\/\/www.thedrillstore.com\/wp-content\/uploads\/2024\/03\/\u9876\u9524\u94bb\u673a-\u62f7\u8d1d-768x510.jpg 768w, https:\/\/www.thedrillstore.com\/wp-content\/uploads\/2024\/03\/\u9876\u9524\u94bb\u673a-\u62f7\u8d1d-1536x1020.jpg 1536w, https:\/\/www.thedrillstore.com\/wp-content\/uploads\/2024\/03\/\u9876\u9524\u94bb\u673a-\u62f7\u8d1d-600x398.jpg 600w\" sizes=\"(max-width: 1920px) 100vw, 1920px\" \/> <img decoding=\"async\" class=\"aligncenter size-full wp-image-1127\" src=\"http:\/\/www.thedrillstore.com\/wp-content\/uploads\/2024\/03\/\u673a\u5668\u56fe.jpg\" alt=\"\" width=\"1920\" height=\"1358\" srcset=\"https:\/\/www.thedrillstore.com\/wp-content\/uploads\/2024\/03\/\u673a\u5668\u56fe.jpg 1920w, https:\/\/www.thedrillstore.com\/wp-content\/uploads\/2024\/03\/\u673a\u5668\u56fe-300x212.jpg 300w, https:\/\/www.thedrillstore.com\/wp-content\/uploads\/2024\/03\/\u673a\u5668\u56fe-1024x724.jpg 1024w, https:\/\/www.thedrillstore.com\/wp-content\/uploads\/2024\/03\/\u673a\u5668\u56fe-768x543.jpg 768w, https:\/\/www.thedrillstore.com\/wp-content\/uploads\/2024\/03\/\u673a\u5668\u56fe-1536x1086.jpg 1536w, https:\/\/www.thedrillstore.com\/wp-content\/uploads\/2024\/03\/\u673a\u5668\u56fe-600x424.jpg 600w\" sizes=\"(max-width: 1920px) 100vw, 1920px\" \/> <img decoding=\"async\" class=\"aligncenter size-full wp-image-1125\" src=\"http:\/\/www.thedrillstore.com\/wp-content\/uploads\/2024\/03\/\u8f66\u95f4\u56fe.jpg\" alt=\"\" width=\"1920\" height=\"1371\" srcset=\"https:\/\/www.thedrillstore.com\/wp-content\/uploads\/2024\/03\/\u8f66\u95f4\u56fe.jpg 1920w, https:\/\/www.thedrillstore.com\/wp-content\/uploads\/2024\/03\/\u8f66\u95f4\u56fe-300x214.jpg 300w, https:\/\/www.thedrillstore.com\/wp-content\/uploads\/2024\/03\/\u8f66\u95f4\u56fe-1024x731.jpg 1024w, https:\/\/www.thedrillstore.com\/wp-content\/uploads\/2024\/03\/\u8f66\u95f4\u56fe-768x548.jpg 768w, https:\/\/www.thedrillstore.com\/wp-content\/uploads\/2024\/03\/\u8f66\u95f4\u56fe-1536x1097.jpg 1536w, https:\/\/www.thedrillstore.com\/wp-content\/uploads\/2024\/03\/\u8f66\u95f4\u56fe-600x428.jpg 600w\" sizes=\"(max-width: 1920px) 100vw, 1920px\" \/> <img loading=\"lazy\" decoding=\"async\" class=\"aligncenter size-full wp-image-1123\" src=\"http:\/\/www.thedrillstore.com\/wp-content\/uploads\/2024\/03\/TH700-\u9876\u9524\u94bb\u673a-1-scaled.jpg\" alt=\"\" width=\"1833\" height=\"2560\" srcset=\"https:\/\/www.thedrillstore.com\/wp-content\/uploads\/2024\/03\/TH700-\u9876\u9524\u94bb\u673a-1-scaled.jpg 1833w, https:\/\/www.thedrillstore.com\/wp-content\/uploads\/2024\/03\/TH700-\u9876\u9524\u94bb\u673a-1-215x300.jpg 215w, https:\/\/www.thedrillstore.com\/wp-content\/uploads\/2024\/03\/TH700-\u9876\u9524\u94bb\u673a-1-733x1024.jpg 733w, https:\/\/www.thedrillstore.com\/wp-content\/uploads\/2024\/03\/TH700-\u9876\u9524\u94bb\u673a-1-768x1072.jpg 768w, https:\/\/www.thedrillstore.com\/wp-content\/uploads\/2024\/03\/TH700-\u9876\u9524\u94bb\u673a-1-1100x1536.jpg 1100w, https:\/\/www.thedrillstore.com\/wp-content\/uploads\/2024\/03\/TH700-\u9876\u9524\u94bb\u673a-1-1467x2048.jpg 1467w, https:\/\/www.thedrillstore.com\/wp-content\/uploads\/2024\/03\/TH700-\u9876\u9524\u94bb\u673a-1-600x838.jpg 600w\" sizes=\"(max-width: 1833px) 100vw, 1833px\" \/><\/p>\n<p>&nbsp;<\/p>","protected":false},"excerpt":{"rendered":"<h4><strong>Diametro del foro: 76 ~ 115mm<\/strong><\/h4>\n<ul>\n<li>Alta efficienza di perforazione Atlas Copco.<\/li>\n<li>Alta resistenza e super resistenza alla piegatura.<\/li>\n<li>Buon effetto di raccolta polveri.<\/li>\n<li>Motore diesel Cummins e pompa idraulica Danfoss.<\/li>\n<li>Sistema idraulico di regolazione dell'oscillazione (DOOSAN).<\/li>\n<\/ul>","protected":false},"featured_media":1113,"comment_status":"open","ping_status":"closed","template":"","meta":{"_acf_changed":false},"product_brand":[],"product_cat":[18],"product_tag":[],"class_list":{"0":"post-1111","1":"product","2":"type-product","3":"status-publish","4":"has-post-thumbnail","6":"product_cat-full-hydraulic-top-hammer-drilling-rig","8":"first","9":"instock","10":"shipping-taxable","11":"product-type-simple"},"acf":[],"_links":{"self":[{"href":"https:\/\/www.thedrillstore.com\/it\/wp-json\/wp\/v2\/product\/1111","targetHints":{"allow":["GET"]}}],"collection":[{"href":"https:\/\/www.thedrillstore.com\/it\/wp-json\/wp\/v2\/product"}],"about":[{"href":"https:\/\/www.thedrillstore.com\/it\/wp-json\/wp\/v2\/types\/product"}],"replies":[{"embeddable":true,"href":"https:\/\/www.thedrillstore.com\/it\/wp-json\/wp\/v2\/comments?post=1111"}],"wp:featuredmedia":[{"embeddable":true,"href":"https:\/\/www.thedrillstore.com\/it\/wp-json\/wp\/v2\/media\/1113"}],"wp:attachment":[{"href":"https:\/\/www.thedrillstore.com\/it\/wp-json\/wp\/v2\/media?parent=1111"}],"wp:term":[{"taxonomy":"product_brand","embeddable":true,"href":"https:\/\/www.thedrillstore.com\/it\/wp-json\/wp\/v2\/product_brand?post=1111"},{"taxonomy":"product_cat","embeddable":true,"href":"https:\/\/www.thedrillstore.com\/it\/wp-json\/wp\/v2\/product_cat?post=1111"},{"taxonomy":"product_tag","embeddable":true,"href":"https:\/\/www.thedrillstore.com\/it\/wp-json\/wp\/v2\/product_tag?post=1111"}],"curies":[{"name":"wp","href":"https:\/\/api.w.org\/{rel}","templated":true}]}}