{"id":1186,"date":"2024-03-28T17:57:20","date_gmt":"2024-03-28T09:57:20","guid":{"rendered":"http:\/\/www.thedrillstore.com\/?post_type=product&#038;p=1186"},"modified":"2024-04-22T17:50:55","modified_gmt":"2024-04-22T09:50:55","slug":"tds-c850-22bar-air-compressor-for-drilling-holes","status":"publish","type":"product","link":"https:\/\/www.thedrillstore.com\/it\/product\/tds-c850-22bar-air-compressor-for-drilling-holes\/","title":{"rendered":"Compressore d'aria TDS C850"},"content":{"rendered":"<ul>\n<li>Basso suono di funzionamento e design con meno vibrazioni.<\/li>\n<li>Facile manutenzione.<\/li>\n<li>Basso consumo di carburante per realizzare l'uso esterno a lunga distanza; Sistema di protezione completo, risparmio energetico.<\/li>\n<li>Alta efficienza Air end:<br \/>\nIl rotore di grande diametro, l'estremit\u00e0 dell'aria si collega con il motore diesel attraverso l'accoppiamento e nessun ingranaggio di riduzione all'interno, pi\u00f9 affidabilit\u00e0, il<br \/>\nla velocit\u00e0 di rotazione \u00e8 la stessa con il motore diesel&#8217; s, vita pi\u00f9 lunga.<\/li>\n<li>\u00a0Motore diesel di marchio famoso:<br \/>\nSelezionare il motore diesel del marchio Cummins o Yuchai, soddisfare il requisito di emissione dell'Europa, basso consumo di olio, sistema di servizio post vendita in tutta la Cina.<\/li>\n<li>\u00a0Buona adattabilit\u00e0:<br \/>\nIl compressore d'aria portatile controlla automaticamente la consegna di aria del motore diesel corrispondendo alla domanda di consumo d'aria, che equivale al controllo della conversione di frequenza nel compressore d'aria a vite di potenza del motore.<\/li>\n<\/ul>","protected":false},"excerpt":{"rendered":"<h4 style=\"text-align: left;\"><strong>Pressione 22Bar<\/strong><\/h4>\n<ul>\n<li>Basso suono di funzionamento e design con meno vibrazioni.<\/li>\n<li>Facile manutenzione.<\/li>\n<li>Basso consumo di carburante, risparmio energetico.<\/li>\n<li>Alta efficienza Air end:<\/li>\n<li>Motore diesel di marchio famoso:<\/li>\n<li>Buona adattabilit\u00e0:<\/li>\n<\/ul>","protected":false},"featured_media":2062,"comment_status":"open","ping_status":"closed","template":"","meta":{"_acf_changed":false},"product_brand":[],"product_cat":[24],"product_tag":[],"class_list":{"0":"post-1186","1":"product","2":"type-product","3":"status-publish","4":"has-post-thumbnail","6":"product_cat-air-compressors","8":"first","9":"instock","10":"shipping-taxable","11":"product-type-simple"},"acf":[],"_links":{"self":[{"href":"https:\/\/www.thedrillstore.com\/it\/wp-json\/wp\/v2\/product\/1186","targetHints":{"allow":["GET"]}}],"collection":[{"href":"https:\/\/www.thedrillstore.com\/it\/wp-json\/wp\/v2\/product"}],"about":[{"href":"https:\/\/www.thedrillstore.com\/it\/wp-json\/wp\/v2\/types\/product"}],"replies":[{"embeddable":true,"href":"https:\/\/www.thedrillstore.com\/it\/wp-json\/wp\/v2\/comments?post=1186"}],"wp:featuredmedia":[{"embeddable":true,"href":"https:\/\/www.thedrillstore.com\/it\/wp-json\/wp\/v2\/media\/2062"}],"wp:attachment":[{"href":"https:\/\/www.thedrillstore.com\/it\/wp-json\/wp\/v2\/media?parent=1186"}],"wp:term":[{"taxonomy":"product_brand","embeddable":true,"href":"https:\/\/www.thedrillstore.com\/it\/wp-json\/wp\/v2\/product_brand?post=1186"},{"taxonomy":"product_cat","embeddable":true,"href":"https:\/\/www.thedrillstore.com\/it\/wp-json\/wp\/v2\/product_cat?post=1186"},{"taxonomy":"product_tag","embeddable":true,"href":"https:\/\/www.thedrillstore.com\/it\/wp-json\/wp\/v2\/product_tag?post=1186"}],"curies":[{"name":"wp","href":"https:\/\/api.w.org\/{rel}","templated":true}]}}