{"id":1235,"date":"2024-03-28T18:09:24","date_gmt":"2024-03-28T10:09:24","guid":{"rendered":"http:\/\/www.thedrillstore.com\/?post_type=product&#038;p=1235"},"modified":"2024-04-23T13:48:34","modified_gmt":"2024-04-23T05:48:34","slug":"tapered-rods","status":"publish","type":"product","link":"https:\/\/www.thedrillstore.com\/it\/product\/tapered-rods\/","title":{"rendered":"Aste coniche"},"content":{"rendered":"<p><strong>Barre di trapano coniche<\/strong><\/p>\n<p>Con un lato collegato al trapano a roccia e l'altro lato collegato al trapano a cono, la barra di trapano a cono trasmette potenza dal trapano a roccia al trapano, il lavoro di perforazione viene quindi eseguito. La barra di trapano conica \u00e8 un ulteriore sviluppo delle barre di trapano integrali. Di solito ha un collare forgiato per mantenere la corretta posizione della faccia di colpo del gambo nel trapano a roccia. Le lunghezze effettive dell'asta di trapano conica vengono misurate dal collare all'estremit\u00e0 della punta, che di solito vanno da 0,6 metri a 3,6 metri.<\/p>\n<p><strong>Parametri delle aste di trapano coniche<\/strong><\/p>\n<ul>\n<li>Dimensioni dello stelo: Hex.19mm, Hex. 22mm, Hex.25mm<\/li>\n<li>Gradi conici: 4\u00b046', 6\u00b0, 7\u00b0, 11\u00b0, 12\u00b0.<\/li>\n<li>Lunghezza: 400 &#8211; 8000 millimetri.<\/li>\n<\/ul>\n<p><strong>Taper Drill Rods Caratteristiche<\/strong><\/p>\n<ul>\n<li>Il processo di carburizzazione \u00e8 applicato per promuovere la durezza della superficie, garantendo cos\u00ec una migliore qualit\u00e0 di usura e durata per le aste di foratura;<\/li>\n<li>23CrNi3Mo, che \u00e8 nella stessa lega di Sandvik Sandbar 64, viene applicato come materiale della barra di foratura.<\/li>\n<li>Costo-efficiente, buone prestazioni con prezzo ragionevole.<\/li>\n<li>Tipi completi di asta di foratura per vari scenari di foratura.<\/li>\n<\/ul>\n<p><strong>Taper Drill Rods Applicazioni<\/strong><\/p>\n<p>Lavori di perforazione in tunneling, costruzione, estrazione mineraria, cava, ecc.<\/p>","protected":false},"excerpt":{"rendered":"<ul>\n<li>Costo-efficiente, buone prestazioni con prezzo ragionevole.<\/li>\n<li>Tipi completi di asta di foratura per vari scenari di foratura.<\/li>\n<\/ul>","protected":false},"featured_media":1239,"comment_status":"open","ping_status":"closed","template":"","meta":{"_acf_changed":false},"product_brand":[],"product_cat":[25,71],"product_tag":[],"class_list":{"0":"post-1235","1":"product","2":"type-product","3":"status-publish","4":"has-post-thumbnail","6":"product_cat-rock-tools","7":"product_cat-top-hammer-drilling-tools","9":"first","10":"instock","11":"shipping-taxable","12":"product-type-simple"},"acf":[],"_links":{"self":[{"href":"https:\/\/www.thedrillstore.com\/it\/wp-json\/wp\/v2\/product\/1235","targetHints":{"allow":["GET"]}}],"collection":[{"href":"https:\/\/www.thedrillstore.com\/it\/wp-json\/wp\/v2\/product"}],"about":[{"href":"https:\/\/www.thedrillstore.com\/it\/wp-json\/wp\/v2\/types\/product"}],"replies":[{"embeddable":true,"href":"https:\/\/www.thedrillstore.com\/it\/wp-json\/wp\/v2\/comments?post=1235"}],"wp:featuredmedia":[{"embeddable":true,"href":"https:\/\/www.thedrillstore.com\/it\/wp-json\/wp\/v2\/media\/1239"}],"wp:attachment":[{"href":"https:\/\/www.thedrillstore.com\/it\/wp-json\/wp\/v2\/media?parent=1235"}],"wp:term":[{"taxonomy":"product_brand","embeddable":true,"href":"https:\/\/www.thedrillstore.com\/it\/wp-json\/wp\/v2\/product_brand?post=1235"},{"taxonomy":"product_cat","embeddable":true,"href":"https:\/\/www.thedrillstore.com\/it\/wp-json\/wp\/v2\/product_cat?post=1235"},{"taxonomy":"product_tag","embeddable":true,"href":"https:\/\/www.thedrillstore.com\/it\/wp-json\/wp\/v2\/product_tag?post=1235"}],"curies":[{"name":"wp","href":"https:\/\/api.w.org\/{rel}","templated":true}]}}