{"id":1241,"date":"2024-03-28T18:11:21","date_gmt":"2024-03-28T10:11:21","guid":{"rendered":"http:\/\/www.thedrillstore.com\/?post_type=product&#038;p=1241"},"modified":"2024-04-23T13:48:28","modified_gmt":"2024-04-23T05:48:28","slug":"mf-mm-rods","status":"publish","type":"product","link":"https:\/\/www.thedrillstore.com\/it\/product\/mf-mm-rods\/","title":{"rendered":"MF &#038; Barre MM"},"content":{"rendered":"<p><strong>Estensione perno barre<\/strong><\/p>\n<p>La barra di trapano di estensione trasmette potenza dal pistone di trapano a roccia, un lato della barra \u00e8 collegato all'accoppiamento o all'adattatore dello stelo, mentre l'altro lato \u00e8 collegato con la barra di trapano filettata.<\/p>\n<p><strong>Parametri delle aste di allungamento<\/strong><\/p>\n<ul>\n<li>Dimensioni del filo: R32, R38, T38, T45, T51.<\/li>\n<li>Dimensioni della barra: Rotondo 32, Rotondo 39, Rotondo 46, Rotondo 52.<\/li>\n<li>Lunghezza: da 600mm a 6059mm.<\/li>\n<li>Slot per chiave: con o senza<\/li>\n<\/ul>\n<p><strong>Extension Drill RExtExtension Drill Rods Caratteristiche<\/strong><\/p>\n<ul>\n<li>Il processo di carburizzazione \u00e8 applicato per promuovere la durezza della superficie, garantendo cos\u00ec una migliore qualit\u00e0 di usura e durata per le aste di foratura;<\/li>\n<li>23CrNi3Mo, che \u00e8 nella stessa lega di Sandvik Sandbar 64, viene applicato come materiale della barra di foratura.<\/li>\n<li>Costo-efficiente, buone prestazioni con prezzo ragionevole.<\/li>\n<li>Tipi completi di asta di foratura per vari scenari di foratura.<\/li>\n<\/ul>\n<p><strong>Applicazioni di barre di trapano di estensione<\/strong><\/p>\n<p>Lavori di perforazione in tunneling, costruzione, estrazione mineraria, cava, ecc.<\/p>","protected":false},"excerpt":{"rendered":"<ul>\n<li>Costo-efficiente, buone prestazioni con prezzo ragionevole.<\/li>\n<li>Tipi completi di asta di foratura per vari scenari di foratura.<\/li>\n<\/ul>","protected":false},"featured_media":1243,"comment_status":"open","ping_status":"closed","template":"","meta":{"_acf_changed":false},"product_brand":[],"product_cat":[25,71],"product_tag":[],"class_list":{"0":"post-1241","1":"product","2":"type-product","3":"status-publish","4":"has-post-thumbnail","6":"product_cat-rock-tools","7":"product_cat-top-hammer-drilling-tools","9":"first","10":"instock","11":"shipping-taxable","12":"product-type-simple"},"acf":[],"_links":{"self":[{"href":"https:\/\/www.thedrillstore.com\/it\/wp-json\/wp\/v2\/product\/1241","targetHints":{"allow":["GET"]}}],"collection":[{"href":"https:\/\/www.thedrillstore.com\/it\/wp-json\/wp\/v2\/product"}],"about":[{"href":"https:\/\/www.thedrillstore.com\/it\/wp-json\/wp\/v2\/types\/product"}],"replies":[{"embeddable":true,"href":"https:\/\/www.thedrillstore.com\/it\/wp-json\/wp\/v2\/comments?post=1241"}],"wp:featuredmedia":[{"embeddable":true,"href":"https:\/\/www.thedrillstore.com\/it\/wp-json\/wp\/v2\/media\/1243"}],"wp:attachment":[{"href":"https:\/\/www.thedrillstore.com\/it\/wp-json\/wp\/v2\/media?parent=1241"}],"wp:term":[{"taxonomy":"product_brand","embeddable":true,"href":"https:\/\/www.thedrillstore.com\/it\/wp-json\/wp\/v2\/product_brand?post=1241"},{"taxonomy":"product_cat","embeddable":true,"href":"https:\/\/www.thedrillstore.com\/it\/wp-json\/wp\/v2\/product_cat?post=1241"},{"taxonomy":"product_tag","embeddable":true,"href":"https:\/\/www.thedrillstore.com\/it\/wp-json\/wp\/v2\/product_tag?post=1241"}],"curies":[{"name":"wp","href":"https:\/\/api.w.org\/{rel}","templated":true}]}}