{"id":1246,"date":"2024-03-28T18:13:32","date_gmt":"2024-03-28T10:13:32","guid":{"rendered":"http:\/\/www.thedrillstore.com\/?post_type=product&#038;p=1246"},"modified":"2024-04-23T13:48:22","modified_gmt":"2024-04-23T05:48:22","slug":"integral-drill-rods","status":"publish","type":"product","link":"https:\/\/www.thedrillstore.com\/it\/product\/integral-drill-rods\/","title":{"rendered":"Aste di trapano integrali"},"content":{"rendered":"<p><strong>Aste di trapano integrali<\/strong><\/p>\n<p>Le aste di foratura integrali sono ideali per la perforazione di piccoli fori, tutte le aste di foratura integrali sono costituite da Hex. barre con teste a forma di cesello in carburo cementato integrato. Con gli stessi acciai di Sandvik e i migliori carburi prodotti in Cina, forniamo diverse lunghezze di aste di foratura integrali con diversi diametri di testa.<\/p>\n<p><strong>Parametri delle aste di trapano integrali<\/strong><\/p>\n<ul>\n<li>Dimensioni dello stelo: Hex.19 x 108mm, Hex.22 x 108mm, Hex.19 x 82mm<\/li>\n<li>Diametro testa: da 26mm a 42mm.<\/li>\n<li>Lunghezza: 400 &#8211; 8000 millimetri.<\/li>\n<\/ul>\n<p><strong>Caratteristiche delle aste di trapano integrali<\/strong><\/p>\n<ul>\n<li>Il processo di carburizzazione \u00e8 applicato per promuovere la durezza della superficie, garantendo cos\u00ec una migliore qualit\u00e0 di usura e durata per le aste di foratura;<\/li>\n<li>23CrNi3Mo, che \u00e8 nella stessa lega di Sandvik Sandbar 64, viene applicato come materiale della barra di foratura.<\/li>\n<li>Costo-efficiente, buone prestazioni con prezzo ragionevole.<\/li>\n<li>Tipi completi di asta di foratura per vari scenari di foratura.<\/li>\n<\/ul>\n<p><img fetchpriority=\"high\" decoding=\"async\" class=\"aligncenter size-full wp-image-1252\" src=\"http:\/\/www.thedrillstore.com\/wp-content\/uploads\/2024\/03\/jkij.png\" alt=\"\" width=\"1137\" height=\"488\" srcset=\"https:\/\/www.thedrillstore.com\/wp-content\/uploads\/2024\/03\/jkij.png 1137w, https:\/\/www.thedrillstore.com\/wp-content\/uploads\/2024\/03\/jkij-300x129.png 300w, https:\/\/www.thedrillstore.com\/wp-content\/uploads\/2024\/03\/jkij-1024x440.png 1024w, https:\/\/www.thedrillstore.com\/wp-content\/uploads\/2024\/03\/jkij-768x330.png 768w, https:\/\/www.thedrillstore.com\/wp-content\/uploads\/2024\/03\/jkij-600x258.png 600w\" sizes=\"(max-width: 1137px) 100vw, 1137px\" \/><\/p>\n<p>&nbsp;<\/p>\n<p><strong>Applicazioni<\/strong><\/p>\n<p>Lavori di perforazione in tunneling, costruzione, estrazione mineraria, cava, ecc.<\/p>","protected":false},"excerpt":{"rendered":"<ul>\n<li>Costo-efficiente, buone prestazioni con prezzo ragionevole.<\/li>\n<li>Tipi completi di asta di foratura per vari scenari di foratura.<\/li>\n<\/ul>","protected":false},"featured_media":1250,"comment_status":"open","ping_status":"closed","template":"","meta":{"_acf_changed":false},"product_brand":[],"product_cat":[25,71],"product_tag":[],"class_list":{"0":"post-1246","1":"product","2":"type-product","3":"status-publish","4":"has-post-thumbnail","6":"product_cat-rock-tools","7":"product_cat-top-hammer-drilling-tools","9":"first","10":"instock","11":"shipping-taxable","12":"product-type-simple"},"acf":[],"_links":{"self":[{"href":"https:\/\/www.thedrillstore.com\/it\/wp-json\/wp\/v2\/product\/1246","targetHints":{"allow":["GET"]}}],"collection":[{"href":"https:\/\/www.thedrillstore.com\/it\/wp-json\/wp\/v2\/product"}],"about":[{"href":"https:\/\/www.thedrillstore.com\/it\/wp-json\/wp\/v2\/types\/product"}],"replies":[{"embeddable":true,"href":"https:\/\/www.thedrillstore.com\/it\/wp-json\/wp\/v2\/comments?post=1246"}],"wp:featuredmedia":[{"embeddable":true,"href":"https:\/\/www.thedrillstore.com\/it\/wp-json\/wp\/v2\/media\/1250"}],"wp:attachment":[{"href":"https:\/\/www.thedrillstore.com\/it\/wp-json\/wp\/v2\/media?parent=1246"}],"wp:term":[{"taxonomy":"product_brand","embeddable":true,"href":"https:\/\/www.thedrillstore.com\/it\/wp-json\/wp\/v2\/product_brand?post=1246"},{"taxonomy":"product_cat","embeddable":true,"href":"https:\/\/www.thedrillstore.com\/it\/wp-json\/wp\/v2\/product_cat?post=1246"},{"taxonomy":"product_tag","embeddable":true,"href":"https:\/\/www.thedrillstore.com\/it\/wp-json\/wp\/v2\/product_tag?post=1246"}],"curies":[{"name":"wp","href":"https:\/\/api.w.org\/{rel}","templated":true}]}}