{"id":1315,"date":"2024-03-28T18:39:33","date_gmt":"2024-03-28T10:39:33","guid":{"rendered":"http:\/\/www.thedrillstore.com\/?post_type=product&#038;p=1315"},"modified":"2025-08-08T13:51:26","modified_gmt":"2025-08-08T05:51:26","slug":"kits-and-consumables","status":"publish","type":"product","link":"https:\/\/www.thedrillstore.com\/it\/product\/kits-and-consumables\/","title":{"rendered":"Kit e consumabili"},"content":{"rendered":"<p><span style=\"color: #000000; font-family: arial, helvetica, sans-serif;\">La nostra azienda&#8217; s fornisce l'intero set di ricambi con materie prime di alta qualit\u00e0 per garantire la durabilit\u00e0 dei prodotti, attrezzature di produzione CNC avanzate e rigorosi processi di ispezione per garantire l'accuratezza del prodotto, e decenni di esperienza di produzione rendono queste parti e impianti perfettamente corrispondenti. Rendi le tue attrezzature pi\u00f9 durevoli e garantisci una produzione pi\u00f9 efficiente con il\u00a0<a style=\"color: #000000;\" href=\"http:\/\/www.taiyedrilling.com\/drilling-rig-parts\/\">ricambi per perforatori in vendita<\/a>.<\/span><\/p>\n<p><span style=\"color: #000000; font-family: arial, helvetica, sans-serif;\">Grazie alla qualit\u00e0 della nostra variet\u00e0 di scorte, vi offriamo opportunit\u00e0 di riparazione pi\u00f9 veloci e riduciamo i costi di scorte e riparazione.<\/span><\/p>","protected":false},"excerpt":{"rendered":"<p>Grazie alla qualit\u00e0 della nostra variet\u00e0 di scorte, vi offriamo opportunit\u00e0 di riparazione pi\u00f9 veloci e riduciamo i costi di scorte e riparazione.<\/p>","protected":false},"featured_media":3001,"comment_status":"closed","ping_status":"closed","template":"","meta":{"_acf_changed":false},"product_brand":[],"product_cat":[26],"product_tag":[],"class_list":{"0":"post-1315","1":"product","2":"type-product","3":"status-publish","4":"has-post-thumbnail","6":"product_cat-kits-and-consumables","8":"first","9":"instock","10":"shipping-taxable","11":"product-type-simple"},"acf":[],"_links":{"self":[{"href":"https:\/\/www.thedrillstore.com\/it\/wp-json\/wp\/v2\/product\/1315","targetHints":{"allow":["GET"]}}],"collection":[{"href":"https:\/\/www.thedrillstore.com\/it\/wp-json\/wp\/v2\/product"}],"about":[{"href":"https:\/\/www.thedrillstore.com\/it\/wp-json\/wp\/v2\/types\/product"}],"replies":[{"embeddable":true,"href":"https:\/\/www.thedrillstore.com\/it\/wp-json\/wp\/v2\/comments?post=1315"}],"wp:featuredmedia":[{"embeddable":true,"href":"https:\/\/www.thedrillstore.com\/it\/wp-json\/wp\/v2\/media\/3001"}],"wp:attachment":[{"href":"https:\/\/www.thedrillstore.com\/it\/wp-json\/wp\/v2\/media?parent=1315"}],"wp:term":[{"taxonomy":"product_brand","embeddable":true,"href":"https:\/\/www.thedrillstore.com\/it\/wp-json\/wp\/v2\/product_brand?post=1315"},{"taxonomy":"product_cat","embeddable":true,"href":"https:\/\/www.thedrillstore.com\/it\/wp-json\/wp\/v2\/product_cat?post=1315"},{"taxonomy":"product_tag","embeddable":true,"href":"https:\/\/www.thedrillstore.com\/it\/wp-json\/wp\/v2\/product_tag?post=1315"}],"curies":[{"name":"wp","href":"https:\/\/api.w.org\/{rel}","templated":true}]}}